{"id":3679,"date":"2019-03-01T14:23:22","date_gmt":"2019-03-01T18:23:22","guid":{"rendered":"https:\/\/www.cchen.cl\/?page_id=3679"},"modified":"2019-08-08T09:10:46","modified_gmt":"2019-08-08T13:10:46","slug":"estudios-ministerio-de-energia","status":"publish","type":"page","link":"https:\/\/www.cchen.cl\/?page_id=3679","title":{"rendered":"Estudios Ministerio de Energ\u00eda"},"content":{"rendered":"<ul>\n<li><a href=\"https:\/\/www.cchen.cl\/pdf\/NUCLEO\/min_opcionNUCLEO2007.pdf\" target=\"_blank\" rel=\"noopener noreferrer\">Opci\u00f3n N\u00facleo El\u00e9ctrica en Chile (2007)<\/a><\/li>\n<li><a href=\"https:\/\/www.cchen.cl\/pdf\/NUCLEO\/min_NUCLEOchile2010.pdf\" target=\"_blank\" rel=\"noopener noreferrer\">N\u00facleo &#8211; Electricidad en Chile:Posibilidades, Brechas y Desaf\u00edos (2010)<\/a><\/li>\n<li><a href=\"https:\/\/www.cchen.cl\/pdf\/NUCLEO\/NucleoCHILE.pdf\" target=\"_blank\" rel=\"noopener noreferrer\">Generaci\u00f3n Nucleoel\u00e9ctrica en Chile: Hacia una decisi\u00f3n racional<\/a><\/li>\n<\/ul>\n","protected":false},"excerpt":{"rendered":"<p>Opci\u00f3n N\u00facleo El\u00e9ctrica en Chile (2007) N\u00facleo &#8211; Electricidad en Chile:Posibilidades, Brechas y Desaf\u00edos (2010) Generaci\u00f3n Nucleoel\u00e9ctrica en Chile: Hacia una decisi\u00f3n racional<\/p>\n","protected":false},"author":3,"featured_media":0,"parent":3681,"menu_order":0,"comment_status":"closed","ping_status":"closed","template":"nucleoelectricidad-interior.php","meta":{"footnotes":"","_links_to":"","_links_to_target":""},"class_list":["post-3679","page","type-page","status-publish","hentry"],"_links":{"self":[{"href":"https:\/\/www.cchen.cl\/index.php?rest_route=\/wp\/v2\/pages\/3679","targetHints":{"allow":["GET"]}}],"collection":[{"href":"https:\/\/www.cchen.cl\/index.php?rest_route=\/wp\/v2\/pages"}],"about":[{"href":"https:\/\/www.cchen.cl\/index.php?rest_route=\/wp\/v2\/types\/page"}],"author":[{"embeddable":true,"href":"https:\/\/www.cchen.cl\/index.php?rest_route=\/wp\/v2\/users\/3"}],"replies":[{"embeddable":true,"href":"https:\/\/www.cchen.cl\/index.php?rest_route=%2Fwp%2Fv2%2Fcomments&post=3679"}],"version-history":[{"count":11,"href":"https:\/\/www.cchen.cl\/index.php?rest_route=\/wp\/v2\/pages\/3679\/revisions"}],"predecessor-version":[{"id":4615,"href":"https:\/\/www.cchen.cl\/index.php?rest_route=\/wp\/v2\/pages\/3679\/revisions\/4615"}],"up":[{"embeddable":true,"href":"https:\/\/www.cchen.cl\/index.php?rest_route=\/wp\/v2\/pages\/3681"}],"wp:attachment":[{"href":"https:\/\/www.cchen.cl\/index.php?rest_route=%2Fwp%2Fv2%2Fmedia&parent=3679"}],"curies":[{"name":"wp","href":"https:\/\/api.w.org\/{rel}","templated":true}]}}