{"id":3681,"date":"2019-03-01T14:24:36","date_gmt":"2019-03-01T18:24:36","guid":{"rendered":"https:\/\/www.cchen.cl\/?page_id=3681"},"modified":"2020-05-19T12:44:22","modified_gmt":"2020-05-19T16:44:22","slug":"documentos-y-estudios-2","status":"publish","type":"page","link":"https:\/\/www.cchen.cl\/?page_id=3681","title":{"rendered":"Estudios"},"content":{"rendered":"<article id=\"post-1632\" class=\"post-1632 page type-page status-publish hentry\">\n<div class=\"entry-content\">\n<h3>Estudios <abbr class='c2c-text-hover' title='Comisi\u00f3n Chilena de Energ\u00eda Nuclear.'>CCHEN<\/abbr><\/h3>\n<p><b>Estudio: \u201cIdentificaci\u00f3n de los posibles efectos e impactos ambientales producidos por la generaci\u00f3n de energ\u00eda nuclear de potencia en Chile\u201d (2018)<\/b><\/p>\n<p><span style=\"font-weight: 400;\">Dentro de los temas relevantes a ser considerados, se encuentra la capacidad de determinar y evaluar qu\u00e9 impactos ambientales est\u00e1n asociados a la generaci\u00f3n de la energ\u00eda nuclear de potencia y c\u00f3mo esta se compara con otras tecnolog\u00edas de generaci\u00f3n el\u00e9ctrica.<\/span><\/p>\n<p><span style=\"font-weight: 400;\">Es necesario el empleo de enfoques multidisciplinarios de diversas \u00e1reas de conocimiento para comprender, medir y cuantificar los impactos ambientales que se generan por las actividades humanas, para posteriormente traducirlos con la mayor precisi\u00f3n posible a un lenguaje com\u00fan que permita entender y comparar las distintas variables que se presentan.<\/span><\/p>\n<p><span style=\"font-weight: 400;\">Dentro del marco establecido por la Pol\u00edtica Energ\u00e9tica de Chile, desarrollada a trav\u00e9s del Programa Participativo Energ\u00eda 2050, se promueve la aplicaci\u00f3n del enfoque del ciclo de vida para incentivar un sector energ\u00e9tico compatible con el medio ambiente. Es en este contexto donde toma fuerza el An\u00e1lisis de Ciclo de Vida (ACV), herramienta de gesti\u00f3n ambiental reconocida internacionalmente \u2013 Norma ISO 14040 [1] y Norma ISO 14044 [2]- utilizada para identificar de forma objetiva y rigurosa los impactos medioambientales de un producto, proceso o actividad.<\/span><\/p>\n<p>Descargar:<\/p>\n<ul>\n<li><a href=\"https:\/\/www.cchen.cl\/pdf\/estudios\/21399-IIT002-INFORME-1.PDF\" target=\"_blank\" rel=\"noopener noreferrer\">Informe N\u00ba 1<\/a><\/li>\n<li><a href=\"https:\/\/www.cchen.cl\/pdf\/estudios\/21399-IIT003-INFORME-2.PDF\" target=\"_blank\" rel=\"noopener noreferrer\">Informe N\u00ba 2<\/a><\/li>\n<li><a href=\"https:\/\/www.cchen.cl\/pdf\/estudios\/21399-IIT004-INFORME FINAL.PDF\" target=\"_blank\" rel=\"noopener noreferrer\">Informe final<\/a><\/li>\n<\/ul>\n<hr \/>\n<p><b>Estudio \u201cConsideraciones necesarias para la implementaci\u00f3n segura de un programa nuclear de potencia en Chile\u201d (2017)<\/b><\/p>\n<p>Estudio que aborda\u00a0 las consideraciones m\u00e1s relevantes en materia de seguridad en la implementaci\u00f3n y la operaci\u00f3n de una central nuclear de\u00a0 potencia. Los objetivos principales son describir y analizar el estado del arte de la industria nuclear en t\u00e9rminos de seguridad, evaluando c\u00f3mo ha evolucionado a lo largo de la historia e identificando en base a eso los criterios que permitan comparar tecnolog\u00edas. Adem\u00e1s\u00a0 identificar brechas de la infraestructura de Chile y propuesta de acci\u00f3n en materias de seguridad nuclear frente a los est\u00e1ndares actuales de la industria nuclear internacional.<\/p>\n<p>Descargar:<\/p>\n<ul>\n<li><a href=\"https:\/\/www.cchen.cl\/pdf\/estudios\/Informe-N%C2%B01-condiciones.pdf\" target=\"_blank\" rel=\"noopener noreferrer\">Estudio N\u00ba 1<\/a><\/li>\n<li><a href=\"https:\/\/www.cchen.cl\/pdf\/estudios\/Informe-N%C2%B02-condiciones.pdf\" target=\"_blank\" rel=\"noopener noreferrer\">Estudio N\u00ba 2<\/a><\/li>\n<li><a href=\"https:\/\/www.cchen.cl\/pdf\/estudios\/Informe-Final-condiciones.pdf\" target=\"_blank\" rel=\"noopener noreferrer\">Informe final<\/a><\/li>\n<\/ul>\n<hr \/>\n<p><b>Estudio: \u201cModelo y estimaci\u00f3n de costos para la implantaci\u00f3n de una central nuclear en Chile\u201d (2017)<\/b><\/p>\n<p><span style=\"font-weight: 400;\">Dentro de los temas relevantes a ser considerados, se encuentra el poder determinar la competitividad que la energ\u00eda nuclear tendr\u00eda ante otras tecnolog\u00edas de generaci\u00f3n existentes en la matriz energ\u00e9tica, tanto en t\u00e9rminos operacionales, como econ\u00f3micos y financieros. Se busca en definitiva evidenciar los desaf\u00edos desde la mirada t\u00e9cnico-econ\u00f3mica, para dar cumplimiento, entre otros, a las pol\u00edticas establecidas en Energ\u00eda 2050 y hacerse cargo de los distintos desaf\u00edos que enfrenta el sector energ\u00e9tico, considerando los cambios actuales y futuros que atravesar\u00e1 el sector.<\/span><\/p>\n<p>Descargar:<\/p>\n<ul>\n<li><a href=\"https:\/\/www.cchen.cl\/pdf\/estudios\/Informe%20N%C2%B01.pdf\" target=\"_blank\" rel=\"noopener noreferrer\">Estudio N\u00ba 1<\/a><\/li>\n<li><a href=\"https:\/\/www.cchen.cl\/pdf\/estudios\/Informe%20N%C2%B02.pdf\" target=\"_blank\" rel=\"noopener noreferrer\">Estudio N\u00ba 2<\/a><\/li>\n<li><a href=\"https:\/\/www.cchen.cl\/pdf\/estudios\/Informe%20Final.pdf\" target=\"_blank\" rel=\"noopener noreferrer\">Informe final<\/a><\/li>\n<\/ul>\n<hr \/>\n<p><b>Estudio \u201cConsideraciones para el emplazamiento de una Central Nuclear de Potencia (CNP) en Chile\u201d (2018)<\/b><\/p>\n<p>Estudio preliminar sobre las condiciones para el emplazamiento de una Central Nuclear de Potencia (CNP) en Chile, realizado por la Comisi\u00f3n Chilena de Energ\u00eda Nuclear. El objetivo principal fue levantar informaci\u00f3n acerca de los aspectos m\u00e1s importantes que deben ser considerados para este proceso, junto con realizar un primer ejercicio a nivel nacional.<\/p>\n<p>La finalidad principal de este ejercicio fue identificar las principales restricciones existentes a nivel nacional para el emplazamiento de este tipo de instalaciones, ya sea de tipo geogr\u00e1fico y geol\u00f3gico, como tambi\u00e9n aquellos dados por planes, pol\u00edticas y lineamientos regionales existentes.<\/p>\n<p>Descargar:<\/p>\n<ul>\n<li><a href=\"https:\/\/www.cchen.cl\/pdf\/informes2018\/Informe%20Final%20de%20Emplazamiento%20ODENP%202018.pdf\">Informe final<\/a><\/li>\n<li><a href=\"https:\/\/www.cchen.cl\/pdf\/mapa\/Mapas%20de%20Exclusion.pdf\">Mapas de Exclusi\u00f3n<\/a><\/li>\n<\/ul>\n<hr \/>\n<p><b>Estudio: \u201cIdentificaci\u00f3n de barreras institucionales, regulatorias y de mercado asociadas al desarrollo de la n\u00facleo electricidad en mercado el\u00e9ctrico chileno\u201d (2018)<\/b><\/p>\n<p>Este informe analiza y desarrolla diversas variables que permitan responder a dos preguntas claves<br \/>\nante el hipot\u00e9tico desarrollo de un programa de energ\u00eda nuclear de potencia en Chile:<br \/>\n\u2013 \u00bfSon necesarios grandes cambios en el marco regulatorio vigente de manera que sea posible el<br \/>\ndesarrollo de un programa nuclear de potencia?<br \/>\n\u2013 \u00bfEs necesaria una nueva institucionalidad, la creaci\u00f3n de nuevos organismos, o solamente basta<br \/>\ncon la asignaci\u00f3n de nuevos roles?<\/p>\n<p>Para responder a \u00e9stas preguntas el an\u00e1lisis se ha dividido en al menos tres grandes subtemas: el mercado el\u00e9ctrico y la forma como \u00e9ste interact\u00faa con los distintos agentes, instituciones y actores del sistema; la institucionalidad en materia nuclear y los programas de certificaci\u00f3n y licenciamiento de centrales nucleares de potencia. Estos tres subtemas son analizados considerando la realidad y principios de funcionamiento t\u00e9cnicos y econ\u00f3micos del mercado el\u00e9ctrico chileno; especialmente porque gran parte de la experiencia nuclear a nivel mundial subyace en mercados actualmente regulados o que lo fueron en sus etapas iniciales, lo que<br \/>\nrepresenta una clara diferencia con la realidad nacional.<\/p>\n<p>Descargar:<\/p>\n<ul>\n<li><a href=\"https:\/\/www.cchen.cl\/pdf\/informes2018\/Informe%20Final%20Institucionalidad%20ODENP%202018.pdf\">Informe final<\/a><\/li>\n<\/ul>\n<\/div>\n<p><!-- .entry-content --><\/p>\n<\/article>\n<p><!-- #post-## --><\/p>\n","protected":false},"excerpt":{"rendered":"<p>Estudios <abbr class='c2c-text-hover' title='Comisi\u00f3n Chilena de Energ\u00eda Nuclear.'>CCHEN<\/abbr> Estudio: \u201cIdentificaci\u00f3n de los posibles efectos e impactos ambientales producidos por la generaci\u00f3n de energ\u00eda nuclear de potencia en Chile\u201d (2018) Dentro de los temas relevantes a ser considerados, se encuentra la capacidad de determinar y evaluar qu\u00e9 impactos ambientales est\u00e1n asociados a la generaci\u00f3n de la energ\u00eda nuclear de potencia y c\u00f3mo&#8230; <a class=\"read-more\" href=\"https:\/\/www.cchen.cl\/?page_id=3681\">Leer m\u00e1s >><\/a><\/p>\n","protected":false},"author":3,"featured_media":0,"parent":30,"menu_order":0,"comment_status":"closed","ping_status":"closed","template":"nucleoelectricidad-interior.php","meta":{"footnotes":"","_links_to":"","_links_to_target":""},"class_list":["post-3681","page","type-page","status-publish","hentry"],"_links":{"self":[{"href":"https:\/\/www.cchen.cl\/index.php?rest_route=\/wp\/v2\/pages\/3681","targetHints":{"allow":["GET"]}}],"collection":[{"href":"https:\/\/www.cchen.cl\/index.php?rest_route=\/wp\/v2\/pages"}],"about":[{"href":"https:\/\/www.cchen.cl\/index.php?rest_route=\/wp\/v2\/types\/page"}],"author":[{"embeddable":true,"href":"https:\/\/www.cchen.cl\/index.php?rest_route=\/wp\/v2\/users\/3"}],"replies":[{"embeddable":true,"href":"https:\/\/www.cchen.cl\/index.php?rest_route=%2Fwp%2Fv2%2Fcomments&post=3681"}],"version-history":[{"count":8,"href":"https:\/\/www.cchen.cl\/index.php?rest_route=\/wp\/v2\/pages\/3681\/revisions"}],"predecessor-version":[{"id":5095,"href":"https:\/\/www.cchen.cl\/index.php?rest_route=\/wp\/v2\/pages\/3681\/revisions\/5095"}],"up":[{"embeddable":true,"href":"https:\/\/www.cchen.cl\/index.php?rest_route=\/wp\/v2\/pages\/30"}],"wp:attachment":[{"href":"https:\/\/www.cchen.cl\/index.php?rest_route=%2Fwp%2Fv2%2Fmedia&parent=3681"}],"curies":[{"name":"wp","href":"https:\/\/api.w.org\/{rel}","templated":true}]}}