{"id":3885,"date":"2019-03-15T10:59:09","date_gmt":"2019-03-15T14:59:09","guid":{"rendered":"https:\/\/www.cchen.cl\/?page_id=3885"},"modified":"2019-03-25T14:43:18","modified_gmt":"2019-03-25T18:43:18","slug":"reactor-pressurized-water-reactor-pwr","status":"publish","type":"page","link":"https:\/\/www.cchen.cl\/?page_id=3885","title":{"rendered":"Reactores Pressurized Water Reactor (PWR)"},"content":{"rendered":"<figure id=\"attachment_726\" aria-describedby=\"caption-attachment-726\" style=\"width: 350px\" class=\"wp-caption alignright\"><img decoding=\"async\" class=\"wp-image-726 size-full\" src=\"https:\/\/www.cchen.cl\/wp-content\/uploads\/2018\/12\/pwr2-e1552661881178.png\" alt=\"Esquema de funcionamiento de reactor tipo PWR\" \/><figcaption id=\"caption-attachment-726\" class=\"wp-caption-text\">Esquema de funcionamiento de reactor tipo PWR<\/figcaption><\/figure>\n<p>Esta tecnolog\u00eda es la de mayor presencia en el mundo, con alrededor de 290 reactores en operaci\u00f3n para la generaci\u00f3n el\u00e9ctrica, y varios cientos m\u00e1s para ser usados como propulsi\u00f3n naval. Fue originalmente concebido para la propulsi\u00f3n submarina en la \u00e9poca de los 40.<\/p>\n<p>Este reactor usa el agua ligera como refrigerante y moderador de neutrones a la vez. Se distingue por tener un circuito de refrigeraci\u00f3n primario, que fluye a trav\u00e9s del n\u00facleo del reactor bajo una temperatura y presi\u00f3n muy altas, y un circuito secundario en el que se genera vapor para accionar la turbina. Despu\u00e9s de la turbina, el vapor se enfr\u00eda al ingresar al condensador, donde vuelve a su estado l\u00edquido, retornando al circuito primario para cerrar el circuito. El condensador es enfriado a su vez, por el circuito terciario.<\/p>\n","protected":false},"excerpt":{"rendered":"<p>Esta tecnolog\u00eda es la de mayor presencia en el mundo, con alrededor de 290 reactores en operaci\u00f3n para la generaci\u00f3n el\u00e9ctrica, y varios cientos m\u00e1s para ser usados como propulsi\u00f3n naval. Fue originalmente concebido para la propulsi\u00f3n submarina en la \u00e9poca de los 40. Este reactor usa el agua ligera como refrigerante y moderador de&#8230; <a class=\"read-more\" href=\"https:\/\/www.cchen.cl\/?page_id=3885\">Leer m\u00e1s >><\/a><\/p>\n","protected":false},"author":3,"featured_media":0,"parent":1587,"menu_order":0,"comment_status":"closed","ping_status":"closed","template":"nucleoelectricidad-interior.php","meta":{"footnotes":"","_links_to":"","_links_to_target":""},"class_list":["post-3885","page","type-page","status-publish","hentry"],"_links":{"self":[{"href":"https:\/\/www.cchen.cl\/index.php?rest_route=\/wp\/v2\/pages\/3885","targetHints":{"allow":["GET"]}}],"collection":[{"href":"https:\/\/www.cchen.cl\/index.php?rest_route=\/wp\/v2\/pages"}],"about":[{"href":"https:\/\/www.cchen.cl\/index.php?rest_route=\/wp\/v2\/types\/page"}],"author":[{"embeddable":true,"href":"https:\/\/www.cchen.cl\/index.php?rest_route=\/wp\/v2\/users\/3"}],"replies":[{"embeddable":true,"href":"https:\/\/www.cchen.cl\/index.php?rest_route=%2Fwp%2Fv2%2Fcomments&post=3885"}],"version-history":[{"count":4,"href":"https:\/\/www.cchen.cl\/index.php?rest_route=\/wp\/v2\/pages\/3885\/revisions"}],"predecessor-version":[{"id":3979,"href":"https:\/\/www.cchen.cl\/index.php?rest_route=\/wp\/v2\/pages\/3885\/revisions\/3979"}],"up":[{"embeddable":true,"href":"https:\/\/www.cchen.cl\/index.php?rest_route=\/wp\/v2\/pages\/1587"}],"wp:attachment":[{"href":"https:\/\/www.cchen.cl\/index.php?rest_route=%2Fwp%2Fv2%2Fmedia&parent=3885"}],"curies":[{"name":"wp","href":"https:\/\/api.w.org\/{rel}","templated":true}]}}