{"id":424,"date":"2018-08-22T13:57:35","date_gmt":"2018-08-22T17:57:35","guid":{"rendered":"http:\/\/nueva.cchen.cl\/?page_id=424"},"modified":"2024-03-15T09:49:14","modified_gmt":"2024-03-15T13:49:14","slug":"autorizaciones","status":"publish","type":"page","link":"https:\/\/www.cchen.cl\/?page_id=424","title":{"rendered":"Autorizaciones"},"content":{"rendered":"<h3><span style=\"color: #3366ff;\">Autorizaci\u00f3n de Construcci\u00f3n<\/span><\/h3>\n<p>Todas las dependencias donde se almacenar\u00e1 material radiactivo u operar\u00e1 un equipo que emita radiaciones ionizantes requiere una autorizaci\u00f3n de construcci\u00f3n.<\/p>\n<p>La <abbr class='c2c-text-hover' title='Comisi\u00f3n Chilena de Energ\u00eda Nuclear.'>CCHEN<\/abbr> est\u00e1 facultada para otorgar este tipo de autorizaciones a las siguientes instalaciones:<\/p>\n<ul>\n<li>Dependencia de almacenamiento de equipos de gammagraf\u00eda industrial.<\/li>\n<li>B\u00fanker para operaci\u00f3n de equipos de gammagraf\u00eda o radiograf\u00eda industrial.<\/li>\n<li>Dependencia de almacenamiento de fuentes para braquiterapia manual diferida.<\/li>\n<li>B\u00fanker para operaci\u00f3n de equipos de cobaltoterapia, roengenterapia, braquiterapia remota y aceleradores lineales.<\/li>\n<li>Laboratorio \u00abcaliente\u00bb en instalaciones de terapia, mediante medicina nuclear o fraccionamiento de radiois\u00f3topos.<\/li>\n<li>Sala de hospitalizaci\u00f3n para pacientes implantados o en tratamiento de medicina nuclear.<\/li>\n<\/ul>\n<h3><span style=\"color: #3366ff;\">Autorizaci\u00f3n de Exportaci\u00f3n<\/span><\/h3>\n<p>Todo material radiactivo que se exporta requiere una autorizaci\u00f3n de exportaci\u00f3n.<\/p>\n<h3><span style=\"color: #3366ff;\">Autorizaci\u00f3n de Importaci\u00f3n<\/span><\/h3>\n<p>Todo material radiactivo que ingresa al pa\u00eds requiere una autorizaci\u00f3n de importaci\u00f3n.<\/p>\n<h3><span style=\"color: #3366ff;\">Autorizaci\u00f3n de Operaci\u00f3n<\/span><\/h3>\n<p>Toda dependencia donde se almacenar\u00e1 material radiactivo o se operar\u00e1 un equipo que emita radiaciones ionizantes, as\u00ed como los equipos propiamente tal, requieren una autorizaci\u00f3n de operaci\u00f3n.<\/p>\n<p>La <abbr class='c2c-text-hover' title='Comisi\u00f3n Chilena de Energ\u00eda Nuclear.'>CCHEN<\/abbr> emite las autorizaciones para las siguientes instalaciones:<\/p>\n<ul>\n<li>Dependencia de almacenamiento de equipos de gammagraf\u00eda industrial.<\/li>\n<li>B\u00fanker para operaci\u00f3n de equipos de gammagraf\u00eda o radiograf\u00eda industrial.<\/li>\n<li>Dependencia de almacenamiento de fuentes para braquiterapia manual diferida.<\/li>\n<li>B\u00fanker para operaci\u00f3n de equipos de cobaltoterapia, roengenterapia, braquiterapia remota y aceleradores lineales.<\/li>\n<li>Laboratorio \u00abcaliente\u00bb en instalaciones de terapia mediante medicina nuclear.<\/li>\n<li>Sala de hospitalizaci\u00f3n para pacientes implantados o en tratamiento de medicina nuclear.<\/li>\n<li>Equipo de gammagraf\u00eda industrial.<\/li>\n<li>Equipo de radiograf\u00eda industrial.<\/li>\n<li>Inventario de fuentes para braquiterapia manual diferida.<\/li>\n<li>Equipo de cobaltoterapia.<\/li>\n<li>Equipo de roengenterapia.<\/li>\n<li>Equipo de braquiterapia remota.<\/li>\n<li>Equipo de aceleradores lineales.<\/li>\n<li>Laboratorio \u00abcaliente\u00bb en instalaciones de terapia mediante medicina nuclear.<\/li>\n<\/ul>\n<h3><span style=\"color: #3366ff;\">Autorizaci\u00f3n de Transporte<\/span><\/h3>\n<p>El transporte de material radiactivo por la v\u00eda p\u00fablica requiere una autorizaci\u00f3n.\u00a0La <abbr class='c2c-text-hover' title='Comisi\u00f3n Chilena de Energ\u00eda Nuclear.'>CCHEN<\/abbr> emite este tipo de autorizaciones por una vez y autorizaciones anuales para el transporte de equipos de gammagraf\u00eda y para el transporte rutinario de fuentes no selladas.<\/p>\n<h3><span style=\"color: #3366ff;\">Autorizaci\u00f3n especial de operaci\u00f3n para trabajar en instalaciones radiactivas y equipos generadores de radiaciones ionizantes<\/span><\/h3>\n<p>Toda persona que manipula material radiactivo u opera equipos generadores de radiaciones ionizantes requiere una autorizaci\u00f3n especial. Esta se obtiene dando cumplimiento a lo establecido en los art\u00edculos 5, 6 y 7 de la ley N\u00b018.302 y en la Circular N\u00b03\/16, que contiene la \u201cNorma sobre autorizaci\u00f3n especial para trabajar en instalaciones radiactivas\u201d.<\/p>\n<p>Ver m\u00e1s <a href=\"https:\/\/www.cchen.cl\/pdf\/circulares\/2020\/Procedimiento-Examen-Operador-OPR1_v2.pdf\" target=\"_blank\" rel=\"noopener noreferrer\">(Procedimiento Examen Operador)<\/a><\/p>\n","protected":false},"excerpt":{"rendered":"<p>Autorizaci\u00f3n de Construcci\u00f3n Todas las dependencias donde se almacenar\u00e1 material radiactivo u operar\u00e1 un equipo que emita radiaciones ionizantes requiere una autorizaci\u00f3n de construcci\u00f3n. La <abbr class='c2c-text-hover' title='Comisi\u00f3n Chilena de Energ\u00eda Nuclear.'>CCHEN<\/abbr> est\u00e1 facultada para otorgar este tipo de autorizaciones a las siguientes instalaciones: Dependencia de almacenamiento de equipos de gammagraf\u00eda industrial. B\u00fanker para operaci\u00f3n de equipos de gammagraf\u00eda o radiograf\u00eda&#8230; <a class=\"read-more\" href=\"https:\/\/www.cchen.cl\/?page_id=424\">Leer m\u00e1s >><\/a><\/p>\n","protected":false},"author":3,"featured_media":0,"parent":24,"menu_order":0,"comment_status":"closed","ping_status":"closed","template":"seguridad-interior.php","meta":{"footnotes":"","_links_to":"","_links_to_target":""},"class_list":["post-424","page","type-page","status-publish","hentry"],"_links":{"self":[{"href":"https:\/\/www.cchen.cl\/index.php?rest_route=\/wp\/v2\/pages\/424","targetHints":{"allow":["GET"]}}],"collection":[{"href":"https:\/\/www.cchen.cl\/index.php?rest_route=\/wp\/v2\/pages"}],"about":[{"href":"https:\/\/www.cchen.cl\/index.php?rest_route=\/wp\/v2\/types\/page"}],"author":[{"embeddable":true,"href":"https:\/\/www.cchen.cl\/index.php?rest_route=\/wp\/v2\/users\/3"}],"replies":[{"embeddable":true,"href":"https:\/\/www.cchen.cl\/index.php?rest_route=%2Fwp%2Fv2%2Fcomments&post=424"}],"version-history":[{"count":10,"href":"https:\/\/www.cchen.cl\/index.php?rest_route=\/wp\/v2\/pages\/424\/revisions"}],"predecessor-version":[{"id":5191,"href":"https:\/\/www.cchen.cl\/index.php?rest_route=\/wp\/v2\/pages\/424\/revisions\/5191"}],"up":[{"embeddable":true,"href":"https:\/\/www.cchen.cl\/index.php?rest_route=\/wp\/v2\/pages\/24"}],"wp:attachment":[{"href":"https:\/\/www.cchen.cl\/index.php?rest_route=%2Fwp%2Fv2%2Fmedia&parent=424"}],"curies":[{"name":"wp","href":"https:\/\/api.w.org\/{rel}","templated":true}]}}