{"id":4282,"date":"2019-04-25T16:09:27","date_gmt":"2019-04-25T20:09:27","guid":{"rendered":"https:\/\/www.cchen.cl\/?page_id=4282"},"modified":"2023-08-28T14:31:07","modified_gmt":"2023-08-28T18:31:07","slug":"integrantes-cosoc","status":"publish","type":"page","link":"https:\/\/www.cchen.cl\/?page_id=4282","title":{"rendered":"Integrantes COSOC"},"content":{"rendered":"<h4>INTEGRANTES CONSEJO DE LA SOCIEDAD CIVIL DE LA <abbr class='c2c-text-hover' title='Comisi\u00f3n Chilena de Energ\u00eda Nuclear.'>CCHEN<\/abbr><br \/>\n(2023 &#8211; 2026)<\/h4>\n<table class=\"table table-light table-hover\">\n<thead>\n<tr>\n<th>Nombre Titular<\/th>\n<th>Nombre Suplente<\/th>\n<th>Organizaci\u00f3n<\/th>\n<th>Estamento<\/th>\n<\/tr>\n<\/thead>\n<tbody>\n<tr>\n<td width=\"25%\">Margarita Guti\u00e9rrez S\u00e1nchez.<\/td>\n<td width=\"25%\">Jorge Tapia Aravena<\/td>\n<td width=\"25%\">Junta de Vecinos Junta de Vecinos 12F \u00abFernando Castillo Velasco\u00bb<\/td>\n<td width=\"25%\">Organizaciones vecinales<\/td>\n<\/tr>\n<tr>\n<td>V\u00edctor Frabasile Fuentes<\/td>\n<td>Margarita Morales<\/td>\n<td>Junta de Vecinos \u00abLomas de Lo Aguirre\u00bb <\/td>\n<td>Organizaciones vecinales<\/td>\n<\/tr>\n<tr>\n<td>Puesto Vacante<\/td>\n<td>Puesto Vacante<\/td>\n<td>Comuna de Las Condes<\/td>\n<td>Organizaciones vecinales<\/td>\n<\/tr>\n<tr>\n<td>Marianela Hervias Jara<\/td>\n<td>Denisse Karl S\u00e1ez<\/td>\n<td>Universidad de Chile<\/td>\n<td>Universidades y sociedades cient\u00edficas de Chile<\/td>\n<\/tr>\n<tr>\n<td>Gonzalo Avaria Saavedra<\/td>\n<td>Aldonza Jaques<\/td>\n<td>Universidad T\u00e9cnica Federico Santa Mar\u00eda<\/td>\n<td>Universidades y sociedades cient\u00edficas de Chile<\/td>\n<\/tr>\n<tr>\n<td>Juan Vargas Mar\u00edn<\/td>\n<td>Elisa Zu\u00f1iga Garay<\/td>\n<td>Universidad Metropolitana de Ciencias de la Educaci\u00f3n<\/td>\n<td>Universidades y sociedades cient\u00edficas de Chile<\/td>\n<\/tr>\n<tr>\n<td>Fabiola Barrenechea Riveros<\/td>\n<td>Denisse Candia<\/td>\n<td>Universidad Bernardo O\u00b4Higgins <\/td>\n<td>Universidades y sociedades cient\u00edficas de Chile<\/td>\n<\/tr>\n<tr>\n<td>Claudia Carvajal Contreras<\/td>\n<td>Hern\u00e1n Letelier<\/td>\n<td>Sociedad Chilena de Radioterapia Oncol\u00f3gica<\/td>\n<td>Universidades y sociedades cient\u00edficas de Chile<\/td>\n<\/tr>\n<tr>\n<td>Gonzalo Torres Oviedo<\/td>\n<td>Eva Soto Acevedo<\/td>\n<td>Colegio de Ingenieros de Chile A.G.<\/td>\n<td>Gremios y asociaciones de profesionales ligados a las tem\u00e1ticas nucleares, radiol\u00f3gicas y afines<\/td>\n<\/tr>\n<tr>\n<td>Denisse Karl S\u00e1ez <\/td>\n<td>Pablo del R\u00edo L\u00f3pez<\/td>\n<td>Sociedad Chilena de<br \/>\nProtecci\u00f3n Radiol\u00f3gica SOCHIPRA<\/td>\n<td>Gremios y asociaciones de profesionales ligados a las tem\u00e1ticas nucleares, radiol\u00f3gicas y afines<\/td>\n<\/tr>\n<tr>\n<td>Oscar Ulloa Ch\u00e1vez <\/td>\n<td>Ver\u00f3nica Droppelmann Cuneo<\/td>\n<td>Asociaci\u00f3n Interamericana de Ingenier\u00eda Sanitaria y Ambiental, AIDIS Chile <\/td>\n<td>Gremios y asociaciones de profesionales ligados a las tem\u00e1ticas nucleares, radiol\u00f3gicas y afines<\/td>\n<\/tr>\n<tr>\n<td>Marcelo Fuster Roa <\/td>\n<td>Mirtha Aceituno Saguer<\/td>\n<td>Asociaci\u00f3n de Industrias Metal\u00fargicas y Metalmec\u00e1nicas ASIMET<\/td>\n<td>Organizaci\u00f3n transversal del sector productivo empresarial<\/td>\n<\/tr>\n<tr>\n<td>Kren Schumacher Verdugo<\/td>\n<td>Maquito Matisen<\/td>\n<td>Asociaci\u00f3n CreA<\/td>\n<td>Organizaciones tem\u00e1ticas relacionadas a las pol\u00edticas estatales, tales como ciencia, tecnolog\u00eda, sostenibilidad, g\u00e9nero e inclusividad<\/td>\n<\/tr>\n<tr>\n<td>Jos\u00e9 Villafaena Ugarte<\/td>\n<td>Carla Tapia Guerrero<\/td>\n<td>Fundaci\u00f3n Centro de<br \/>\nInformaci\u00f3n sobre Energ\u00eda Nuclear de Chile &#8211; CIEN Chile <\/td>\n<td>Organizaciones tem\u00e1ticas relacionadas a las pol\u00edticas estatales, tales como ciencia, tecnolog\u00eda, sostenibilidad, g\u00e9nero e inclusividad<\/td>\n<\/tr>\n<tr>\n<td>Yadr\u00e1n G\u00f3mez Mart\u00ednez <\/td>\n<td>Javiera Espinoza Araya<\/td>\n<td>Sociedad Chilena de Ense\u00f1anza de la F\u00edsica (SOCHEF)<\/td>\n<td>Organizaciones tem\u00e1ticas relacionadas a las pol\u00edticas estatales, tales como ciencia, tecnolog\u00eda, sostenibilidad, g\u00e9nero e inclusividad<\/td>\n<\/tr>\n<\/tbody>\n<\/table>\n<p>&nbsp;<\/p>\n<h4>INTEGRANTES CONSEJO DE LA SOCIEDAD CIVIL DE LA <abbr class='c2c-text-hover' title='Comisi\u00f3n Chilena de Energ\u00eda Nuclear.'>CCHEN<\/abbr><br \/>\n(2018 &#8211; 2022)<\/h4>\n<table class=\"table table-light table-hover\">\n<thead>\n<tr>\n<th>Nombre Titular<\/th>\n<th>Nombre Suplente<\/th>\n<th>Organizaci\u00f3n<\/th>\n<th>Estamento<\/th>\n<\/tr>\n<\/thead>\n<tbody>\n<tr>\n<td width=\"25%\">Sylvia Moreno Heredia<\/td>\n<td width=\"25%\">Julio Abadia Val<\/td>\n<td width=\"25%\">Junta Vecinal 14 Reina Alta<\/td>\n<td width=\"25%\">Dirigentes vecinales<\/td>\n<\/tr>\n<tr>\n<td>Nadia Ang\u00e9lica Serrano Valencia<\/td>\n<td>Ana Mar\u00eda Rom\u00e1n Montesinos<\/td>\n<td>Junta de vecinos C-15 Santa Rosa de Apoquindo<\/td>\n<td>Dirigentes vecinales<\/td>\n<\/tr>\n<tr>\n<td>Claudia Rebolledo Manquecoi<\/td>\n<td>Leslie Gerbaud<\/td>\n<td>Comit\u00e9 Operativo de Emergencia Rural<\/td>\n<td>Dirigentes vecinales<\/td>\n<\/tr>\n<tr>\n<td>Fabiola Barrenechea Riveros<\/td>\n<td>Diego Rivera<\/td>\n<td>Universidad Bernardo O&#8217;Higgins<\/td>\n<td>Academia<\/td>\n<\/tr>\n<tr>\n<td>Mario Favre<\/td>\n<td>Felipe Veloso<\/td>\n<td>Pontificia Universidad Cat\u00f3lica de Chile<\/td>\n<td>Academia<\/td>\n<\/tr>\n<tr>\n<td>Juan Vargas Mar\u00edn<\/td>\n<td>Isabel Vargas Calvert<\/td>\n<td>Universidad Metropolitana de Ciencias de la Educaci\u00f3n<\/td>\n<td>Academia<\/td>\n<\/tr>\n<tr>\n<td>Rodrigo Aros<\/td>\n<td>Mauro Cambiaso<\/td>\n<td>Sociedad Chilena de F\u00edsica (SOCHIFI)<\/td>\n<td>Academia<\/td>\n<\/tr>\n<tr>\n<td>Nemorino Osvaldo Riquelme Orellana<\/td>\n<td>Maria Cristina Santos Condori<\/td>\n<td>Colegio de Tecn\u00f3logos M\u00e9dicos de Chile AG.<\/td>\n<td>Gremios<\/td>\n<\/tr>\n<tr>\n<td>Gonzalo Torres Oviedo<\/td>\n<td>\u00c1lvaro Covarrubias Olivares<\/td>\n<td>Colegio de Ingenieros de Chile A.G.<\/td>\n<td>Gremios<\/td>\n<\/tr>\n<tr>\n<td>Jos\u00e9 Luis Rodr\u00edguez P\u00e9rez<\/td>\n<td>Claudia Morales Ulloa<\/td>\n<td>Sociedad de F\u00edsica M\u00e9dica Chilena<\/td>\n<td>Gremios<\/td>\n<\/tr>\n<tr>\n<td>Jos\u00e9 Antonio Villafaena Ugarte<\/td>\n<td>Iv\u00e1n Marcelo Silva Astudillo<\/td>\n<td>Fundaci\u00f3n Centro de Informaci\u00f3n sobre Energ\u00eda Nuclear de Chile- CIEN Chile<\/td>\n<td>Medioambiente-desarrollo<\/td>\n<\/tr>\n<tr>\n<td>\u00d3scar Ulloa Ch\u00e1vez<\/td>\n<td>V\u00edctor Flores Collao<\/td>\n<td>AIDIS Chile<\/td>\n<td>Medioambiente-desarrollo<\/td>\n<\/tr>\n<tr>\n<td>Ra\u00fal Bustos Zavala<\/td>\n<td>Ramiro R\u00edos Fuentes<\/td>\n<td>Bomberos de Chile<\/td>\n<td>Medioambiente-desarrollo<\/td>\n<\/tr>\n<\/tbody>\n<\/table>\n<p>&nbsp;<\/p>\n<h4>INTEGRANTES CONSEJO DE LA SOCIEDAD CIVIL DE LA <abbr class='c2c-text-hover' title='Comisi\u00f3n Chilena de Energ\u00eda Nuclear.'>CCHEN<\/abbr><br \/>\n(Hasta septiembre 2018)<\/h4>\n<table class=\"table table-light table-hover\">\n<thead>\n<tr>\n<th>Nombre<\/th>\n<th>Cargo en el CSC <abbr class='c2c-text-hover' title='Comisi\u00f3n Chilena de Energ\u00eda Nuclear.'>CCHEN<\/abbr><\/th>\n<th>Cargo en la organizaci\u00f3n que representa<\/th>\n<th>Organizaci\u00f3n<\/th>\n<\/tr>\n<\/thead>\n<tbody>\n<tr>\n<td width=\"25%\">Maier Neumann,Liliana<\/td>\n<td width=\"25%\">Presidenta<\/td>\n<td width=\"25%\">Acad\u00e9mica Facultad de Recursos Naturales y Medicina Veterinaria<\/td>\n<td width=\"25%\">Universidad Santo Tom\u00e1s<\/td>\n<\/tr>\n<tr>\n<td>Gana Benavente, Ricardo<\/td>\n<td>Vicepresidente<\/td>\n<td>Presidente<\/td>\n<td>Uni\u00f3n Comunal Juntas de Vecinos de Las Condes<\/td>\n<\/tr>\n<tr>\n<td>Cabrera B\u00e1ez, Leonor<\/td>\n<td>Consejera<\/td>\n<td>Presidente<\/td>\n<td>Junta de Vecinos Col\u00f3n 8.000<\/td>\n<\/tr>\n<tr>\n<td>Garrido Calabresse, Mar\u00eda Antonieta<\/td>\n<td>Consejera<\/td>\n<td>Presidente<\/td>\n<td>Uni\u00f3n Comunal de Juntas de Vecinos de La Reina<\/td>\n<\/tr>\n<tr>\n<td>Pastene Olivares, Rub\u00e9n<\/td>\n<td>Consejero<\/td>\n<td>Acad\u00e9mico<\/td>\n<td>Facultad de Ciencias Universidad de Santiago de Chile<\/td>\n<\/tr>\n<tr>\n<td>Serrano Valencia, Nadia<\/td>\n<td>Consejera<\/td>\n<td>Presidente<\/td>\n<td>Junta de Vecinos Santa Rosa de Apoquindo<\/td>\n<\/tr>\n<tr>\n<td>Torrej\u00f3n Silva, Santiago<\/td>\n<td>Consejero<\/td>\n<td>Presidente<\/td>\n<td>Junta de Vecinos Horizontes de Apoquindo<\/td>\n<\/tr>\n<tr>\n<td>Ulloa Ch\u00e1vez, \u00d3scar<\/td>\n<td>Consejero<\/td>\n<td><\/td>\n<td><\/td>\n<\/tr>\n<tr>\n<td>Vargas Mar\u00edn, Juan<\/td>\n<td>Consejero<\/td>\n<td>Decano Facultad de Ciencias B\u00e1sicas<\/td>\n<td>Universidad Metropolitana de Ciencias de la Educaci\u00f3n<\/td>\n<\/tr>\n<\/tbody>\n<\/table>\n","protected":false},"excerpt":{"rendered":"<p>INTEGRANTES CONSEJO DE LA SOCIEDAD CIVIL DE LA <abbr class='c2c-text-hover' title='Comisi\u00f3n Chilena de Energ\u00eda Nuclear.'>CCHEN<\/abbr> (2023 &#8211; 2026) Nombre Titular Nombre Suplente Organizaci\u00f3n Estamento Margarita Guti\u00e9rrez S\u00e1nchez. Jorge Tapia Aravena Junta de Vecinos Junta de Vecinos 12F \u00abFernando Castillo Velasco\u00bb Organizaciones vecinales V\u00edctor Frabasile Fuentes Margarita Morales Junta de Vecinos \u00abLomas de Lo Aguirre\u00bb Organizaciones vecinales Puesto Vacante Puesto Vacante Comuna&#8230; <a class=\"read-more\" href=\"https:\/\/www.cchen.cl\/?page_id=4282\">Leer m\u00e1s >><\/a><\/p>\n","protected":false},"author":3,"featured_media":0,"parent":189,"menu_order":0,"comment_status":"closed","ping_status":"closed","template":"educacion-interior.php","meta":{"footnotes":"","_links_to":"","_links_to_target":""},"class_list":["post-4282","page","type-page","status-publish","hentry"],"_links":{"self":[{"href":"https:\/\/www.cchen.cl\/index.php?rest_route=\/wp\/v2\/pages\/4282","targetHints":{"allow":["GET"]}}],"collection":[{"href":"https:\/\/www.cchen.cl\/index.php?rest_route=\/wp\/v2\/pages"}],"about":[{"href":"https:\/\/www.cchen.cl\/index.php?rest_route=\/wp\/v2\/types\/page"}],"author":[{"embeddable":true,"href":"https:\/\/www.cchen.cl\/index.php?rest_route=\/wp\/v2\/users\/3"}],"replies":[{"embeddable":true,"href":"https:\/\/www.cchen.cl\/index.php?rest_route=%2Fwp%2Fv2%2Fcomments&post=4282"}],"version-history":[{"count":8,"href":"https:\/\/www.cchen.cl\/index.php?rest_route=\/wp\/v2\/pages\/4282\/revisions"}],"predecessor-version":[{"id":7519,"href":"https:\/\/www.cchen.cl\/index.php?rest_route=\/wp\/v2\/pages\/4282\/revisions\/7519"}],"up":[{"embeddable":true,"href":"https:\/\/www.cchen.cl\/index.php?rest_route=\/wp\/v2\/pages\/189"}],"wp:attachment":[{"href":"https:\/\/www.cchen.cl\/index.php?rest_route=%2Fwp%2Fv2%2Fmedia&parent=4282"}],"curies":[{"name":"wp","href":"https:\/\/api.w.org\/{rel}","templated":true}]}}