{"id":432,"date":"2018-08-22T13:59:34","date_gmt":"2018-08-22T17:59:34","guid":{"rendered":"http:\/\/nueva.cchen.cl\/?page_id=432"},"modified":"2024-03-15T09:32:01","modified_gmt":"2024-03-15T13:32:01","slug":"marco-regulatorio-legal","status":"publish","type":"page","link":"https:\/\/www.cchen.cl\/?page_id=432","title":{"rendered":"Marco regulatorio legal"},"content":{"rendered":"<p>La <abbr class='c2c-text-hover' title='Comisi\u00f3n Chilena de Energ\u00eda Nuclear.'>CCHEN<\/abbr> tiene la responsabilidad de proponer al Supremo Gobierno las leyes y reglamentos necesarios para desarrollar en forma segura, las actividades de utilizaci\u00f3n pac\u00edfica de la energ\u00eda at\u00f3mica y de dictar las normas sobre las medidas de seguridad nuclear y radiol\u00f3gicas requeridas.<\/p>\n<h3>Leyes<\/h3>\n<ul>\n<li><a href=\"https:\/\/nuevo.leychile.cl\/navegar?idNorma=28393\" target=\"_blank\" rel=\"noopener noreferrer\">Ley 16.319<\/a> (Creaci\u00f3n de la Comisi\u00f3n Chilena de Energ\u00eda Nuclear)<\/li>\n<li><a href=\"https:\/\/nuevo.leychile.cl\/navegar?idNorma=29719\" target=\"_blank\" rel=\"noopener noreferrer\">Ley 18.302<\/a> (Seguridad nuclear)<\/li>\n<\/ul>\n<h3>Reglamentos<\/h3>\n<ul>\n<li><a href=\"https:\/\/nuevo.leychile.cl\/navegar?idNorma=262462\" target=\"_blank\" rel=\"noopener noreferrer\">Reglamento de licencias de la Comisi\u00f3n Chilena de Energ\u00eda Nuclear respecto de las actividades que indica<\/a><\/li>\n<li><a href=\"https:\/\/nuevo.leychile.cl\/navegar?idNorma=1028743\" target=\"_blank\" rel=\"noopener noreferrer\">Reglamento de t\u00e9rminos nucleares<\/a><\/li>\n<li><a href=\"https:\/\/nuevo.leychile.cl\/navegar?idNorma=250423\" target=\"_blank\" rel=\"noopener noreferrer\">Aprueba normas b\u00e1sicas de protecci\u00f3n radiol\u00f3gica<\/a><\/li>\n<li><a href=\"https:\/\/nuevo.leychile.cl\/navegar?idNorma=9794\" target=\"_blank\" rel=\"noopener noreferrer\">Reglamento sobre autorizaciones para instalaciones radiactivas o equipos generadores de radiaciones ionizantes, personal que se desempe\u00f1a en ellas, u opere tales equipos y otras actividades afines<\/a><\/li>\n<li><a href=\"https:\/\/nuevo.leychile.cl\/navegar?idNorma=8966\" target=\"_blank\" rel=\"noopener noreferrer\">Reglamento de protecci\u00f3n f\u00edsica de las instalaciones y de los materiales nucleares<\/a><\/li>\n<li><a href=\"https:\/\/nuevo.leychile.cl\/navegar?idNorma=7282\" target=\"_blank\" rel=\"noopener noreferrer\">Reglamento de protecci\u00f3n radiol\u00f3gica de instalaciones radioactivas<\/a><\/li>\n<li><a href=\"https:\/\/nuevo.leychile.cl\/navegar?idNorma=7482\" target=\"_blank\" rel=\"noopener noreferrer\">Reglamento para el transporte seguro de materiales radiactivos<\/a><\/li>\n<li><a href=\"https:\/\/nuevo.leychile.cl\/navegar?idNorma=1147589\" target=\"_blank\" rel=\"noopener noreferrer\">Reglamento de protecci\u00f3n f\u00edsica de materiales radiactivos en instalaciones radiactivas de primera categor\u00eda<\/a><\/li>\n<\/ul>\n","protected":false},"excerpt":{"rendered":"<p>La <abbr class='c2c-text-hover' title='Comisi\u00f3n Chilena de Energ\u00eda Nuclear.'>CCHEN<\/abbr> tiene la responsabilidad de proponer al Supremo Gobierno las leyes y reglamentos necesarios para desarrollar en forma segura, las actividades de utilizaci\u00f3n pac\u00edfica de la energ\u00eda at\u00f3mica y de dictar las normas sobre las medidas de seguridad nuclear y radiol\u00f3gicas requeridas. Leyes Ley 16.319 (Creaci\u00f3n de la Comisi\u00f3n Chilena de Energ\u00eda Nuclear) Ley&#8230; <a class=\"read-more\" href=\"https:\/\/www.cchen.cl\/?page_id=432\">Leer m\u00e1s >><\/a><\/p>\n","protected":false},"author":3,"featured_media":0,"parent":2,"menu_order":0,"comment_status":"closed","ping_status":"closed","template":"seguridad-interior.php","meta":{"footnotes":"","_links_to":"","_links_to_target":""},"class_list":["post-432","page","type-page","status-publish","hentry"],"_links":{"self":[{"href":"https:\/\/www.cchen.cl\/index.php?rest_route=\/wp\/v2\/pages\/432","targetHints":{"allow":["GET"]}}],"collection":[{"href":"https:\/\/www.cchen.cl\/index.php?rest_route=\/wp\/v2\/pages"}],"about":[{"href":"https:\/\/www.cchen.cl\/index.php?rest_route=\/wp\/v2\/types\/page"}],"author":[{"embeddable":true,"href":"https:\/\/www.cchen.cl\/index.php?rest_route=\/wp\/v2\/users\/3"}],"replies":[{"embeddable":true,"href":"https:\/\/www.cchen.cl\/index.php?rest_route=%2Fwp%2Fv2%2Fcomments&post=432"}],"version-history":[{"count":10,"href":"https:\/\/www.cchen.cl\/index.php?rest_route=\/wp\/v2\/pages\/432\/revisions"}],"predecessor-version":[{"id":6832,"href":"https:\/\/www.cchen.cl\/index.php?rest_route=\/wp\/v2\/pages\/432\/revisions\/6832"}],"up":[{"embeddable":true,"href":"https:\/\/www.cchen.cl\/index.php?rest_route=\/wp\/v2\/pages\/2"}],"wp:attachment":[{"href":"https:\/\/www.cchen.cl\/index.php?rest_route=%2Fwp%2Fv2%2Fmedia&parent=432"}],"curies":[{"name":"wp","href":"https:\/\/api.w.org\/{rel}","templated":true}]}}