{"id":460,"date":"2018-08-23T08:06:06","date_gmt":"2018-08-23T12:06:06","guid":{"rendered":"http:\/\/nueva.cchen.cl\/?page_id=460"},"modified":"2018-11-07T11:17:46","modified_gmt":"2018-11-07T15:17:46","slug":"ods-1","status":"publish","type":"page","link":"https:\/\/www.cchen.cl\/?page_id=460","title":{"rendered":"C\u00f3mo la energ\u00eda nuclear aporta a los ODS"},"content":{"rendered":"<p>Son 17 los <strong>Objetivos de Desarrollo Sostenible (ODS)<\/strong> aprobados en la Cumbre de las Naciones Unidas (Nueva York, 2015), que apuntan a tres dimensiones relevantes para la humanidad y el planeta: <strong>econom\u00eda<\/strong>, <strong>sociedad <\/strong>y <strong>medioambiente<\/strong>.<\/p>\n<p>El Organismo Internacional de Energ\u00eda At\u00f3mica \u00a0-a trav\u00e9s de la Comisi\u00f3n Chilena de Energ\u00eda Nuclear, en lo que respecta a nuestro pa\u00eds- participa activamente en diversas iniciativas que buscan ayudar a la comunidad internacional a alcanzar estos objetivos.<\/p>\n<p>Conoce c\u00f3mo la energ\u00eda energ\u00eda nuclear aporta a algunos de ellos.<\/p>\n","protected":false},"excerpt":{"rendered":"<p>Son 17 los Objetivos de Desarrollo Sostenible (ODS) aprobados en la Cumbre de las Naciones Unidas (Nueva York, 2015), que apuntan a tres dimensiones relevantes para la humanidad y el planeta: econom\u00eda, sociedad y medioambiente. El Organismo Internacional de Energ\u00eda At\u00f3mica \u00a0-a trav\u00e9s de la Comisi\u00f3n Chilena de Energ\u00eda Nuclear, en lo que respecta a&#8230; <a class=\"read-more\" href=\"https:\/\/www.cchen.cl\/?page_id=460\">Leer m\u00e1s >><\/a><\/p>\n","protected":false},"author":3,"featured_media":0,"parent":0,"menu_order":0,"comment_status":"closed","ping_status":"closed","template":"ODS.php","meta":{"footnotes":"","_links_to":"","_links_to_target":""},"class_list":["post-460","page","type-page","status-publish","hentry"],"_links":{"self":[{"href":"https:\/\/www.cchen.cl\/index.php?rest_route=\/wp\/v2\/pages\/460","targetHints":{"allow":["GET"]}}],"collection":[{"href":"https:\/\/www.cchen.cl\/index.php?rest_route=\/wp\/v2\/pages"}],"about":[{"href":"https:\/\/www.cchen.cl\/index.php?rest_route=\/wp\/v2\/types\/page"}],"author":[{"embeddable":true,"href":"https:\/\/www.cchen.cl\/index.php?rest_route=\/wp\/v2\/users\/3"}],"replies":[{"embeddable":true,"href":"https:\/\/www.cchen.cl\/index.php?rest_route=%2Fwp%2Fv2%2Fcomments&post=460"}],"version-history":[{"count":10,"href":"https:\/\/www.cchen.cl\/index.php?rest_route=\/wp\/v2\/pages\/460\/revisions"}],"predecessor-version":[{"id":2221,"href":"https:\/\/www.cchen.cl\/index.php?rest_route=\/wp\/v2\/pages\/460\/revisions\/2221"}],"wp:attachment":[{"href":"https:\/\/www.cchen.cl\/index.php?rest_route=%2Fwp%2Fv2%2Fmedia&parent=460"}],"curies":[{"name":"wp","href":"https:\/\/api.w.org\/{rel}","templated":true}]}}