{"id":462,"date":"2018-08-23T08:06:24","date_gmt":"2018-08-23T12:06:24","guid":{"rendered":"http:\/\/nueva.cchen.cl\/?page_id=462"},"modified":"2019-11-06T08:51:48","modified_gmt":"2019-11-06T12:51:48","slug":"ods-2","status":"publish","type":"page","link":"https:\/\/www.cchen.cl\/?page_id=462","title":{"rendered":"ODS 2 &#8211; Hambre cero"},"content":{"rendered":"<p><img loading=\"lazy\" decoding=\"async\" class=\"aligncenter size-full wp-image-906\" src=\"https:\/\/www.cchen.cl\/wp-content\/uploads\/2018\/09\/ods-2.jpg\" alt=\"\" width=\"900\" height=\"141\" srcset=\"https:\/\/www.cchen.cl\/wp-content\/uploads\/2018\/09\/ods-2.jpg 900w, https:\/\/www.cchen.cl\/wp-content\/uploads\/2018\/09\/ods-2-300x47.jpg 300w, https:\/\/www.cchen.cl\/wp-content\/uploads\/2018\/09\/ods-2-768x120.jpg 768w\" sizes=\"auto, (max-width: 900px) 100vw, 900px\" \/><\/p>\n<h3>Objetivo 2: Hambre cero<\/h3>\n<p>Debido al r\u00e1pido crecimiento econ\u00f3mico y al aumento de la productividad agr\u00edcola en las \u00faltimas dos d\u00e9cadas, el n\u00famero de personas desnutridas disminuy\u00f3 casi a la mitad. Muchos pa\u00edses en desarrollo que sufr\u00edan hambrunas est\u00e1n ahora en condiciones de satisfacer las necesidades nutricionales de los m\u00e1s vulnerables. Regiones como Asia Central y Oriental y Am\u00e9rica Latina y el Caribe han avanzado enormemente en la erradicaci\u00f3n del hambre extrema.<\/p>\n<p>Lo anterior son importantes logros que se alinean con las metas establecidas por los Objetivos de Desarrollo del Milenio. Desgraciadamente, el hambre extrema y la desnutrici\u00f3n siguen siendo grandes obst\u00e1culos para el desarrollo de muchos pa\u00edses. Se estima que 795 millones de personas sufr\u00edan de desnutrici\u00f3n cr\u00f3nica en 2014, a menudo como consecuencia directa de la degradaci\u00f3n ambiental, la sequ\u00eda y la p\u00e9rdida de biodiversidad. M\u00e1s de 90 millones de ni\u00f1os menores de cinco a\u00f1os tienen un peso peligrosamente bajo y una de cada cuatro personas pasa hambre en \u00c1frica.<\/p>\n<blockquote><p>Los Objetivos de Desarrollo Sostenible buscan terminar con todas las formas de hambre y desnutrici\u00f3n para 2030 y velar por el acceso de todas las personas, en especial los ni\u00f1os, a una alimentaci\u00f3n suficiente y nutritiva durante todo el a\u00f1o. Esta tarea implica promover pr\u00e1cticas agr\u00edcolas sostenibles a trav\u00e9s del apoyo a los peque\u00f1os agricultores y el acceso igualitario a la tierra, la tecnolog\u00eda y los mercados. Adem\u00e1s, se requiere el fomento de la cooperaci\u00f3n internacional para asegurar la inversi\u00f3n en la infraestructura y la tecnolog\u00eda necesaria para mejorar la productividad agr\u00edcola.<\/p><\/blockquote>\n<h4><\/h4>\n<h3>\u00bfC\u00f3mo aporta la energ\u00eda nuclear al logro de este objetivo?<\/h3>\n<p>Mediante el uso de t\u00e9cnicas nucleares e isot\u00f3picas, es posible mejorar y conservar los recursos h\u00eddricos, los suelos y los cultivos.<\/p>\n<p>Por ejemplo, se puede proteger los cultivos de plagas de insectos o bien, obtener nuevas variedades de vegetales resistentes a cambios clim\u00e1ticos, condiciones extremas de temperaturas, vientos y condiciones del suelo. Tambi\u00e9n las t\u00e9cnicas nucleares son de utilidad para proteger la salud del ganado y mejorar su eficiencia reproductiva.<\/p>\n<p>Otra t\u00e9cnica nuclear muy utilizada en el mundo es la conservaci\u00f3n y la inocuidad de los alimentos, a trav\u00e9s de procesos de irradiaci\u00f3n.<\/p>\n<p>Todos estos procesos aportan a la seguridad alimentaria y a que los productos de esta \u00e1rea lleguen a una mayor cantidad de poblaci\u00f3n.<\/p>\n<p>&nbsp;<\/p>\n","protected":false},"excerpt":{"rendered":"<p>Objetivo 2: Hambre cero Debido al r\u00e1pido crecimiento econ\u00f3mico y al aumento de la productividad agr\u00edcola en las \u00faltimas dos d\u00e9cadas, el n\u00famero de personas desnutridas disminuy\u00f3 casi a la mitad. Muchos pa\u00edses en desarrollo que sufr\u00edan hambrunas est\u00e1n ahora en condiciones de satisfacer las necesidades nutricionales de los m\u00e1s vulnerables. Regiones como Asia Central&#8230; <a class=\"read-more\" href=\"https:\/\/www.cchen.cl\/?page_id=462\">Leer m\u00e1s >><\/a><\/p>\n","protected":false},"author":3,"featured_media":0,"parent":0,"menu_order":0,"comment_status":"closed","ping_status":"closed","template":"ODS.php","meta":{"footnotes":"","_links_to":"","_links_to_target":""},"class_list":["post-462","page","type-page","status-publish","hentry"],"_links":{"self":[{"href":"https:\/\/www.cchen.cl\/index.php?rest_route=\/wp\/v2\/pages\/462","targetHints":{"allow":["GET"]}}],"collection":[{"href":"https:\/\/www.cchen.cl\/index.php?rest_route=\/wp\/v2\/pages"}],"about":[{"href":"https:\/\/www.cchen.cl\/index.php?rest_route=\/wp\/v2\/types\/page"}],"author":[{"embeddable":true,"href":"https:\/\/www.cchen.cl\/index.php?rest_route=\/wp\/v2\/users\/3"}],"replies":[{"embeddable":true,"href":"https:\/\/www.cchen.cl\/index.php?rest_route=%2Fwp%2Fv2%2Fcomments&post=462"}],"version-history":[{"count":10,"href":"https:\/\/www.cchen.cl\/index.php?rest_route=\/wp\/v2\/pages\/462\/revisions"}],"predecessor-version":[{"id":4732,"href":"https:\/\/www.cchen.cl\/index.php?rest_route=\/wp\/v2\/pages\/462\/revisions\/4732"}],"wp:attachment":[{"href":"https:\/\/www.cchen.cl\/index.php?rest_route=%2Fwp%2Fv2%2Fmedia&parent=462"}],"curies":[{"name":"wp","href":"https:\/\/api.w.org\/{rel}","templated":true}]}}