{"id":464,"date":"2018-08-23T08:07:07","date_gmt":"2018-08-23T12:07:07","guid":{"rendered":"http:\/\/nueva.cchen.cl\/?page_id=464"},"modified":"2019-11-06T08:51:58","modified_gmt":"2019-11-06T12:51:58","slug":"ods-3","status":"publish","type":"page","link":"https:\/\/www.cchen.cl\/?page_id=464","title":{"rendered":"ODS 3 &#8211; Salud y bienestar"},"content":{"rendered":"<p><img loading=\"lazy\" decoding=\"async\" class=\"aligncenter size-full wp-image-908\" src=\"https:\/\/www.cchen.cl\/wp-content\/uploads\/2018\/09\/ods-3.jpg\" alt=\"\" width=\"900\" height=\"141\" srcset=\"https:\/\/www.cchen.cl\/wp-content\/uploads\/2018\/09\/ods-3.jpg 900w, https:\/\/www.cchen.cl\/wp-content\/uploads\/2018\/09\/ods-3-300x47.jpg 300w, https:\/\/www.cchen.cl\/wp-content\/uploads\/2018\/09\/ods-3-768x120.jpg 768w\" sizes=\"auto, (max-width: 900px) 100vw, 900px\" \/><\/p>\n<h3>Objetivo 3: Salud y bienestar<\/h3>\n<p>Hemos logrado importantes avances en materia de reducci\u00f3n de la mortalidad infantil, el mejoramiento de la salud materna y la lucha contra el VIH\/SIDA, la malaria y otras enfermedades. Desde 1990, las muertes infantiles factibles de prevenir disminuyeron en m\u00e1s del 50 por ciento a nivel mundial. La mortalidad materna cay\u00f3 en un 45 por ciento en todo el mundo, mientras que las nuevas infecciones por causa del VIH\/SIDA disminuyeron un 30 por ciento entre 2000 y 2013. Adem\u00e1s, m\u00e1s de 6,2 millones de personas se salvaron de la malaria.<\/p>\n<p>A pesar de estos avances tan notables, todos los a\u00f1os mueren m\u00e1s de 6 millones de ni\u00f1os antes de cumplir cinco a\u00f1os y 16.000 menores fallecen a diario debido a enfermedades prevenibles, como el sarampi\u00f3n y la tuberculosis. Todos los d\u00edas, cientos de mujeres mueren durante el embarazo o el parto y en zonas rurales solo el 56 por ciento de los nacimientos es asistido por profesionales capacitados. El SIDA es ahora la principal causa de muerte entre los adolescentes de \u00c1frica subsahariana, una regi\u00f3n que contin\u00faa sufriendo los estragos de esta enfermedad.<\/p>\n<p>Estas muertes se pueden evitar con prevenci\u00f3n y tratamiento, educaci\u00f3n, campa\u00f1as de vacunaci\u00f3n y salud reproductiva y sexual. Los Objetivos de Desarrollo Sostenible representan un audaz compromiso para poner fin a las epidemias de SIDA, tuberculosis, malaria y otras enfermedades contagiosas para 2030.<\/p>\n<blockquote><p>El objetivo es lograr una cobertura universal de salud y facilitar medicamentos y vacunas seguras y asequibles para todos. Una parte esencial de este proceso es apoyar la investigaci\u00f3n y el desarrollo de vacunas.<\/p><\/blockquote>\n<h3><\/h3>\n<h3>\u00bfC\u00f3mo aporta la energ\u00eda nuclear al logro de este objetivo?<\/h3>\n<p>Desde los inicios de la actividad nuclear en el mundo, esta ha sido de gran utilidad para combatir -y en muchos casos salvar miles de vidas- en diversas patolog\u00edas asociadas al c\u00e1ncer.<\/p>\n<p>Hoy en d\u00eda, la medicina nuclear es ampliamente reconocida y utilizada de diversas formas en todo el mundo. En Chile, anualmente, se producen miles de dosis de radiois\u00f3topos y radiof\u00e1rmacos destinados a pacientes con diversos tipos de c\u00e1ncer.<\/p>\n<p>Tambi\u00e9n se utilizan t\u00e9cnicas nucleares para irradiar sangre, que luego es utilizada en transfusiones para pacientes inmunodeprimidos. Asimismo, se irradian tejidos biol\u00f3gicos (piel y huesos), para pacientes que han sufrido graves quemaduras o que han perdido materia \u00f3sea.<\/p>\n","protected":false},"excerpt":{"rendered":"<p>Objetivo 3: Salud y bienestar Hemos logrado importantes avances en materia de reducci\u00f3n de la mortalidad infantil, el mejoramiento de la salud materna y la lucha contra el VIH\/SIDA, la malaria y otras enfermedades. Desde 1990, las muertes infantiles factibles de prevenir disminuyeron en m\u00e1s del 50 por ciento a nivel mundial. La mortalidad materna&#8230; <a class=\"read-more\" href=\"https:\/\/www.cchen.cl\/?page_id=464\">Leer m\u00e1s >><\/a><\/p>\n","protected":false},"author":3,"featured_media":0,"parent":0,"menu_order":0,"comment_status":"closed","ping_status":"closed","template":"ODS.php","meta":{"footnotes":"","_links_to":"","_links_to_target":""},"class_list":["post-464","page","type-page","status-publish","hentry"],"_links":{"self":[{"href":"https:\/\/www.cchen.cl\/index.php?rest_route=\/wp\/v2\/pages\/464","targetHints":{"allow":["GET"]}}],"collection":[{"href":"https:\/\/www.cchen.cl\/index.php?rest_route=\/wp\/v2\/pages"}],"about":[{"href":"https:\/\/www.cchen.cl\/index.php?rest_route=\/wp\/v2\/types\/page"}],"author":[{"embeddable":true,"href":"https:\/\/www.cchen.cl\/index.php?rest_route=\/wp\/v2\/users\/3"}],"replies":[{"embeddable":true,"href":"https:\/\/www.cchen.cl\/index.php?rest_route=%2Fwp%2Fv2%2Fcomments&post=464"}],"version-history":[{"count":10,"href":"https:\/\/www.cchen.cl\/index.php?rest_route=\/wp\/v2\/pages\/464\/revisions"}],"predecessor-version":[{"id":4733,"href":"https:\/\/www.cchen.cl\/index.php?rest_route=\/wp\/v2\/pages\/464\/revisions\/4733"}],"wp:attachment":[{"href":"https:\/\/www.cchen.cl\/index.php?rest_route=%2Fwp%2Fv2%2Fmedia&parent=464"}],"curies":[{"name":"wp","href":"https:\/\/api.w.org\/{rel}","templated":true}]}}