{"id":470,"date":"2018-08-23T08:08:02","date_gmt":"2018-08-23T12:08:02","guid":{"rendered":"http:\/\/nueva.cchen.cl\/?page_id=470"},"modified":"2019-11-06T08:52:38","modified_gmt":"2019-11-06T12:52:38","slug":"ods-7","status":"publish","type":"page","link":"https:\/\/www.cchen.cl\/?page_id=470","title":{"rendered":"ODS 7 &#8211; Energ\u00eda asequible y no contaminante"},"content":{"rendered":"<p><img loading=\"lazy\" decoding=\"async\" class=\"aligncenter size-full wp-image-1045\" src=\"https:\/\/www.cchen.cl\/wp-content\/uploads\/2018\/10\/ods-7.jpg\" alt=\"\" width=\"900\" height=\"141\" srcset=\"https:\/\/www.cchen.cl\/wp-content\/uploads\/2018\/10\/ods-7.jpg 900w, https:\/\/www.cchen.cl\/wp-content\/uploads\/2018\/10\/ods-7-300x47.jpg 300w, https:\/\/www.cchen.cl\/wp-content\/uploads\/2018\/10\/ods-7-768x120.jpg 768w\" sizes=\"auto, (max-width: 900px) 100vw, 900px\" \/><\/p>\n<h3>Objetivo 7: Energ\u00eda asequible y no contaminante<\/h3>\n<p>Entre 1990 y 2010, la cantidad de personas con acceso a energ\u00eda el\u00e9ctrica aument\u00f3 en 1.700 millones. Sin embargo, a la par con el crecimiento de la poblaci\u00f3n mundial, tambi\u00e9n lo har\u00e1 la demanda de energ\u00eda accesible. La econom\u00eda global dependiente de los combustibles f\u00f3siles y el aumento de las emisiones de gases de efecto invernadero est\u00e1n generando cambios dr\u00e1sticos en nuestro sistema clim\u00e1tico, y estas consecuencias han tenido un impacto en cada continente.<\/p>\n<blockquote><p>Para garantizar el acceso universal a electricidad asequible para 2030, es necesario invertir en fuentes de energ\u00eda limpia, como la solar, e\u00f3lica y termal. La adopci\u00f3n de est\u00e1ndares eficaces en funci\u00f3n del costo en una variedad de tecnolog\u00edas tambi\u00e9n podr\u00eda reducir en 14 por ciento el consumo mundial de electricidad en los edificios. Esto equivale a la energ\u00eda generada por unas 1.300 centrales medianas cuya construcci\u00f3n se podr\u00eda evitar.<\/p><\/blockquote>\n<p>Expandir la infraestructura y mejorar la tecnolog\u00eda para contar con energ\u00eda limpia en todos los pa\u00edses en desarrollo, es un objetivo crucial que puede estimular el crecimiento y a la vez ayudar al medio ambiente.<\/p>\n<h3><\/h3>\n<h3>\u00bfC\u00f3mo aporta la energ\u00eda nuclear al logro de este objetivo?<\/h3>\n<p>Desde la d\u00e9cada de los a\u00f1os 50, la humanidad ha venido utilizando la energ\u00eda nuclear para la generaci\u00f3n de energ\u00eda el\u00e9ctrica.<\/p>\n<p>Esta energ\u00eda no produce gases de efecto invernadero, por lo cual evita la emisi\u00f3n de millones de toneladas de CO2 al medioambiente, a nivel global.<\/p>\n<p>Por eso, es considerada hoy en d\u00eda una alternativa viable para la obtenci\u00f3n de energ\u00eda sin contribuir al calentamiento global.<\/p>\n","protected":false},"excerpt":{"rendered":"<p>Objetivo 7: Energ\u00eda asequible y no contaminante Entre 1990 y 2010, la cantidad de personas con acceso a energ\u00eda el\u00e9ctrica aument\u00f3 en 1.700 millones. Sin embargo, a la par con el crecimiento de la poblaci\u00f3n mundial, tambi\u00e9n lo har\u00e1 la demanda de energ\u00eda accesible. La econom\u00eda global dependiente de los combustibles f\u00f3siles y el aumento&#8230; <a class=\"read-more\" href=\"https:\/\/www.cchen.cl\/?page_id=470\">Leer m\u00e1s >><\/a><\/p>\n","protected":false},"author":3,"featured_media":0,"parent":0,"menu_order":0,"comment_status":"closed","ping_status":"closed","template":"ODS.php","meta":{"footnotes":"","_links_to":"","_links_to_target":""},"class_list":["post-470","page","type-page","status-publish","hentry"],"_links":{"self":[{"href":"https:\/\/www.cchen.cl\/index.php?rest_route=\/wp\/v2\/pages\/470","targetHints":{"allow":["GET"]}}],"collection":[{"href":"https:\/\/www.cchen.cl\/index.php?rest_route=\/wp\/v2\/pages"}],"about":[{"href":"https:\/\/www.cchen.cl\/index.php?rest_route=\/wp\/v2\/types\/page"}],"author":[{"embeddable":true,"href":"https:\/\/www.cchen.cl\/index.php?rest_route=\/wp\/v2\/users\/3"}],"replies":[{"embeddable":true,"href":"https:\/\/www.cchen.cl\/index.php?rest_route=%2Fwp%2Fv2%2Fcomments&post=470"}],"version-history":[{"count":10,"href":"https:\/\/www.cchen.cl\/index.php?rest_route=\/wp\/v2\/pages\/470\/revisions"}],"predecessor-version":[{"id":4736,"href":"https:\/\/www.cchen.cl\/index.php?rest_route=\/wp\/v2\/pages\/470\/revisions\/4736"}],"wp:attachment":[{"href":"https:\/\/www.cchen.cl\/index.php?rest_route=%2Fwp%2Fv2%2Fmedia&parent=470"}],"curies":[{"name":"wp","href":"https:\/\/api.w.org\/{rel}","templated":true}]}}