{"id":474,"date":"2018-08-23T08:08:39","date_gmt":"2018-08-23T12:08:39","guid":{"rendered":"http:\/\/nueva.cchen.cl\/?page_id=474"},"modified":"2019-11-06T08:49:42","modified_gmt":"2019-11-06T12:49:42","slug":"ods-9","status":"publish","type":"page","link":"https:\/\/www.cchen.cl\/?page_id=474","title":{"rendered":"ODS 9 &#8211; Industria, innovaci\u00f3n e infraestructura"},"content":{"rendered":"<p><img loading=\"lazy\" decoding=\"async\" class=\"aligncenter size-full wp-image-1047\" src=\"https:\/\/www.cchen.cl\/wp-content\/uploads\/2018\/10\/ods-9.jpg\" alt=\"\" width=\"900\" height=\"141\" srcset=\"https:\/\/www.cchen.cl\/wp-content\/uploads\/2018\/10\/ods-9.jpg 900w, https:\/\/www.cchen.cl\/wp-content\/uploads\/2018\/10\/ods-9-300x47.jpg 300w, https:\/\/www.cchen.cl\/wp-content\/uploads\/2018\/10\/ods-9-768x120.jpg 768w\" sizes=\"auto, (max-width: 900px) 100vw, 900px\" \/><\/p>\n<h3>Objetivo 9: Industria, innovaci\u00f3n e infraestructura<\/h3>\n<p>La inversi\u00f3n en infraestructura y la innovaci\u00f3n son motores fundamentales del crecimiento y el desarrollo econ\u00f3mico. Con m\u00e1s de la mitad de la poblaci\u00f3n mundial viviendo en ciudades, el transporte masivo y la energ\u00eda renovable son cada vez m\u00e1s importantes, as\u00ed como tambi\u00e9n el crecimiento de nuevas industrias y de las tecnolog\u00edas de la informaci\u00f3n y las comunicaciones.<\/p>\n<p>Los avances tecnol\u00f3gicos tambi\u00e9n con esenciales para encontrar soluciones permanentes a los desaf\u00edos econ\u00f3micos y ambientales, al igual que la oferta de nuevos empleos y la promoci\u00f3n de la eficiencia energ\u00e9tica. Otras formas importantes para facilitar el desarrollo sostenible son la promoci\u00f3n de industrias sostenibles y la inversi\u00f3n en investigaci\u00f3n e innovaci\u00f3n cient\u00edficas.<\/p>\n<blockquote><p>M\u00e1s de 4.000 millones de personas a\u00fan no tienen acceso a Internet y el 90 por ciento proviene del mundo en desarrollo. Reducir esta brecha digital es crucial para garantizar el acceso igualitario a la informaci\u00f3n y el conocimiento, y promover la innovaci\u00f3n y el emprendimiento.<\/p><\/blockquote>\n<h3><\/h3>\n<h3>\u00bfC\u00f3mo contribuye la energ\u00eda nuclear a este objetivo?<\/h3>\n<p>Las t\u00e9cnicas nucleares son utilizadas para llevar a cabo pruebas de seguridad y de calidad a nivel industrial.<\/p>\n<p>Tambi\u00e9n son usadas para mejorar la durabilidad de ciertos materiales, que son empleados en la industria y, algunos de ellos, usados en la manufactura de diversos productos.<\/p>\n<p>Las centrales nucleares traen consigo altos impactos innovativos en la generaci\u00f3n de electricidad, lo que a su vez aporta al fortalecimiento de la infraestructura y la industria local.<\/p>\n<p>&nbsp;<\/p>\n","protected":false},"excerpt":{"rendered":"<p>Objetivo 9: Industria, innovaci\u00f3n e infraestructura La inversi\u00f3n en infraestructura y la innovaci\u00f3n son motores fundamentales del crecimiento y el desarrollo econ\u00f3mico. Con m\u00e1s de la mitad de la poblaci\u00f3n mundial viviendo en ciudades, el transporte masivo y la energ\u00eda renovable son cada vez m\u00e1s importantes, as\u00ed como tambi\u00e9n el crecimiento de nuevas industrias y&#8230; <a class=\"read-more\" href=\"https:\/\/www.cchen.cl\/?page_id=474\">Leer m\u00e1s >><\/a><\/p>\n","protected":false},"author":3,"featured_media":0,"parent":0,"menu_order":0,"comment_status":"closed","ping_status":"closed","template":"ODS.php","meta":{"footnotes":"","_links_to":"","_links_to_target":""},"class_list":["post-474","page","type-page","status-publish","hentry"],"_links":{"self":[{"href":"https:\/\/www.cchen.cl\/index.php?rest_route=\/wp\/v2\/pages\/474","targetHints":{"allow":["GET"]}}],"collection":[{"href":"https:\/\/www.cchen.cl\/index.php?rest_route=\/wp\/v2\/pages"}],"about":[{"href":"https:\/\/www.cchen.cl\/index.php?rest_route=\/wp\/v2\/types\/page"}],"author":[{"embeddable":true,"href":"https:\/\/www.cchen.cl\/index.php?rest_route=\/wp\/v2\/users\/3"}],"replies":[{"embeddable":true,"href":"https:\/\/www.cchen.cl\/index.php?rest_route=%2Fwp%2Fv2%2Fcomments&post=474"}],"version-history":[{"count":9,"href":"https:\/\/www.cchen.cl\/index.php?rest_route=\/wp\/v2\/pages\/474\/revisions"}],"predecessor-version":[{"id":4731,"href":"https:\/\/www.cchen.cl\/index.php?rest_route=\/wp\/v2\/pages\/474\/revisions\/4731"}],"wp:attachment":[{"href":"https:\/\/www.cchen.cl\/index.php?rest_route=%2Fwp%2Fv2%2Fmedia&parent=474"}],"curies":[{"name":"wp","href":"https:\/\/api.w.org\/{rel}","templated":true}]}}