{"id":486,"date":"2018-08-23T08:11:15","date_gmt":"2018-08-23T12:11:15","guid":{"rendered":"http:\/\/nueva.cchen.cl\/?page_id=486"},"modified":"2019-11-06T08:54:08","modified_gmt":"2019-11-06T12:54:08","slug":"ods-15","status":"publish","type":"page","link":"https:\/\/www.cchen.cl\/?page_id=486","title":{"rendered":"ODS 15 &#8211; Vida de ecosistemas terrestres"},"content":{"rendered":"<p><img loading=\"lazy\" decoding=\"async\" class=\"aligncenter size-full wp-image-1053\" src=\"https:\/\/www.cchen.cl\/wp-content\/uploads\/2018\/10\/ods-15.jpg\" alt=\"\" width=\"900\" height=\"141\" srcset=\"https:\/\/www.cchen.cl\/wp-content\/uploads\/2018\/10\/ods-15.jpg 900w, https:\/\/www.cchen.cl\/wp-content\/uploads\/2018\/10\/ods-15-300x47.jpg 300w, https:\/\/www.cchen.cl\/wp-content\/uploads\/2018\/10\/ods-15-768x120.jpg 768w\" sizes=\"auto, (max-width: 900px) 100vw, 900px\" \/><\/p>\n<h3>Objetivo 15: Vida en la tierra<\/h3>\n<p>La vida humana depende de la tierra tanto como del oc\u00e9ano para su sustento y subsistencia. La flora provee el 80 por ciento de la alimentaci\u00f3n humana y la agricultura representa un recurso econ\u00f3mico y un medio de desarrollo importante. A su vez, los bosques cubren el 30 por ciento de la superficie terrestre, proveen h\u00e1bitats cruciales a millones de especies y son fuente importante de aire limpio y agua. Adem\u00e1s, son fundamentales para combatir el cambio clim\u00e1tico.<\/p>\n<p>La actual degradaci\u00f3n del suelo no tiene precedentes y la p\u00e9rdida de tierras cultivables es de 30 a 35 veces superior al ritmo hist\u00f3rico. Las sequ\u00edas y la desertificaci\u00f3n tambi\u00e9n aumentan todos los a\u00f1os; sus p\u00e9rdidas equivalen a 12 millones de hect\u00e1reas y afectan a las comunidades pobres de todo el mundo. De las 8.300 especies conocidas de animales, el 8 por ciento ya est\u00e1 extinto y otro 22 por ciento corre el riesgo de desaparecer.<\/p>\n<blockquote><p>Los Objetivos de Desarrollo Sostenible apuntan a conservar y recuperar el uso de ecosistemas terrestres como bosques, humedales, tierras \u00e1ridas y monta\u00f1as para 2020. Detener la deforestaci\u00f3n tambi\u00e9n es de vital importancia para mitigar los impactos del cambio clim\u00e1tico. Es urgente tomar medidas para reducir la p\u00e9rdida de h\u00e1bitats naturales y la biodiversidad, que son parte del patrimonio com\u00fan de la humanidad.<\/p><\/blockquote>\n<h3><\/h3>\n<h3>\u00bfC\u00f3mo contribuye la energ\u00eda nuclear a este objetivo?<\/h3>\n<p>Las t\u00e9cnicas nucleares e isot\u00f3picas proporcionan una evaluaci\u00f3n exacta de la erosi\u00f3n del suelo y de los focos cr\u00edticos de erosi\u00f3n. Esto contribuye a revertir la degradaci\u00f3n de la tierra y restaurar los suelos, lo que tambi\u00e9n ayuda a detener la p\u00e9rdida de biodiversidad.<\/p>\n","protected":false},"excerpt":{"rendered":"<p>Objetivo 15: Vida en la tierra La vida humana depende de la tierra tanto como del oc\u00e9ano para su sustento y subsistencia. La flora provee el 80 por ciento de la alimentaci\u00f3n humana y la agricultura representa un recurso econ\u00f3mico y un medio de desarrollo importante. A su vez, los bosques cubren el 30 por&#8230; <a class=\"read-more\" href=\"https:\/\/www.cchen.cl\/?page_id=486\">Leer m\u00e1s >><\/a><\/p>\n","protected":false},"author":3,"featured_media":0,"parent":0,"menu_order":0,"comment_status":"closed","ping_status":"closed","template":"ODS.php","meta":{"footnotes":"","_links_to":"","_links_to_target":""},"class_list":["post-486","page","type-page","status-publish","hentry"],"_links":{"self":[{"href":"https:\/\/www.cchen.cl\/index.php?rest_route=\/wp\/v2\/pages\/486","targetHints":{"allow":["GET"]}}],"collection":[{"href":"https:\/\/www.cchen.cl\/index.php?rest_route=\/wp\/v2\/pages"}],"about":[{"href":"https:\/\/www.cchen.cl\/index.php?rest_route=\/wp\/v2\/types\/page"}],"author":[{"embeddable":true,"href":"https:\/\/www.cchen.cl\/index.php?rest_route=\/wp\/v2\/users\/3"}],"replies":[{"embeddable":true,"href":"https:\/\/www.cchen.cl\/index.php?rest_route=%2Fwp%2Fv2%2Fcomments&post=486"}],"version-history":[{"count":9,"href":"https:\/\/www.cchen.cl\/index.php?rest_route=\/wp\/v2\/pages\/486\/revisions"}],"predecessor-version":[{"id":4743,"href":"https:\/\/www.cchen.cl\/index.php?rest_route=\/wp\/v2\/pages\/486\/revisions\/4743"}],"wp:attachment":[{"href":"https:\/\/www.cchen.cl\/index.php?rest_route=%2Fwp%2Fv2%2Fmedia&parent=486"}],"curies":[{"name":"wp","href":"https:\/\/api.w.org\/{rel}","templated":true}]}}