{"id":4899,"date":"2020-02-19T08:42:18","date_gmt":"2020-02-19T12:42:18","guid":{"rendered":"https:\/\/www.cchen.cl\/?page_id=4899"},"modified":"2022-09-08T15:39:28","modified_gmt":"2022-09-08T19:39:28","slug":"resoluciones-2017","status":"publish","type":"page","link":"https:\/\/www.cchen.cl\/?page_id=4899","title":{"rendered":"Resoluciones 2017"},"content":{"rendered":"<h4>Resoluci\u00f3n Exenta (DISNR) N\u00b0 034\/2017  Aprueba NORMA DE SEGURIDAD NS-01.0   \u201cContenido del Manual de Protecci\u00f3n Radiol\u00f3gica para instalaciones radiactivas de primera categor\u00eda\u201d.<\/h4>\n<ul>\n<li style=\"list-style-type: none;\">\n<ul>\n<li><a href=\"https:\/\/www.cchen.cl\/pdf\/resoluciones_dsnr\/2017\/REX_DISNR_034-2017.pdf\" target=\"_blank\" rel=\"noopener noreferrer\">Resoluci\u00f3n Exenta (DISNR) N\u00b0 034\/2017<\/a><\/li>\n<\/ul>\n<\/li>\n<\/ul>\n<h4>Norma de Seguridad\u00a0\u00abContenido del Manual de Protecci\u00f3n Radiol\u00f3gica para instalaciones radiactivas de primera categor\u00eda\u00bb.<\/h4>\n<ul>\n<li style=\"list-style-type: none;\">\n<ul>\n<li><a href=\"https:\/\/www.cchen.cl\/pdf\/resoluciones_dsnr\/2017\/Norma_Seguridad_NS-010-ContenidoManualProteccionRad_Instalaciones_PrimeraCategoria.pdf\" target=\"_blank\" rel=\"noopener noreferrer\">manual de protecci\u00f3n radiol\u00f3gica para instalaciones radiactivas de primera categor\u00eda<br \/>\n<\/a><\/li>\n<\/ul>\n<\/li>\n<\/ul>\n","protected":false},"excerpt":{"rendered":"<p>Resoluci\u00f3n Exenta (DISNR) N\u00b0 034\/2017 Aprueba NORMA DE SEGURIDAD NS-01.0 \u201cContenido del Manual de Protecci\u00f3n Radiol\u00f3gica para instalaciones radiactivas de primera categor\u00eda\u201d. Resoluci\u00f3n Exenta (DISNR) N\u00b0 034\/2017 Norma de Seguridad\u00a0\u00abContenido del Manual de Protecci\u00f3n Radiol\u00f3gica para instalaciones radiactivas de primera categor\u00eda\u00bb. manual de protecci\u00f3n radiol\u00f3gica para instalaciones radiactivas de primera categor\u00eda<\/p>\n","protected":false},"author":3,"featured_media":0,"parent":1154,"menu_order":0,"comment_status":"closed","ping_status":"closed","template":"seguridad-interior.php","meta":{"footnotes":"","_links_to":"","_links_to_target":""},"class_list":["post-4899","page","type-page","status-publish","hentry"],"_links":{"self":[{"href":"https:\/\/www.cchen.cl\/index.php?rest_route=\/wp\/v2\/pages\/4899","targetHints":{"allow":["GET"]}}],"collection":[{"href":"https:\/\/www.cchen.cl\/index.php?rest_route=\/wp\/v2\/pages"}],"about":[{"href":"https:\/\/www.cchen.cl\/index.php?rest_route=\/wp\/v2\/types\/page"}],"author":[{"embeddable":true,"href":"https:\/\/www.cchen.cl\/index.php?rest_route=\/wp\/v2\/users\/3"}],"replies":[{"embeddable":true,"href":"https:\/\/www.cchen.cl\/index.php?rest_route=%2Fwp%2Fv2%2Fcomments&post=4899"}],"version-history":[{"count":13,"href":"https:\/\/www.cchen.cl\/index.php?rest_route=\/wp\/v2\/pages\/4899\/revisions"}],"predecessor-version":[{"id":6961,"href":"https:\/\/www.cchen.cl\/index.php?rest_route=\/wp\/v2\/pages\/4899\/revisions\/6961"}],"up":[{"embeddable":true,"href":"https:\/\/www.cchen.cl\/index.php?rest_route=\/wp\/v2\/pages\/1154"}],"wp:attachment":[{"href":"https:\/\/www.cchen.cl\/index.php?rest_route=%2Fwp%2Fv2%2Fmedia&parent=4899"}],"curies":[{"name":"wp","href":"https:\/\/api.w.org\/{rel}","templated":true}]}}