{"id":490,"date":"2018-08-23T08:12:10","date_gmt":"2018-08-23T12:12:10","guid":{"rendered":"http:\/\/nueva.cchen.cl\/?page_id=490"},"modified":"2019-11-06T08:54:27","modified_gmt":"2019-11-06T12:54:27","slug":"ods-17","status":"publish","type":"page","link":"https:\/\/www.cchen.cl\/?page_id=490","title":{"rendered":"ODS 17 &#8211; Alianzas para lograr objetivos"},"content":{"rendered":"<p><img loading=\"lazy\" decoding=\"async\" class=\"aligncenter size-full wp-image-1055\" src=\"https:\/\/www.cchen.cl\/wp-content\/uploads\/2018\/10\/ods-17.jpg\" alt=\"\" width=\"900\" height=\"141\" srcset=\"https:\/\/www.cchen.cl\/wp-content\/uploads\/2018\/10\/ods-17.jpg 900w, https:\/\/www.cchen.cl\/wp-content\/uploads\/2018\/10\/ods-17-300x47.jpg 300w, https:\/\/www.cchen.cl\/wp-content\/uploads\/2018\/10\/ods-17-768x120.jpg 768w\" sizes=\"auto, (max-width: 900px) 100vw, 900px\" \/><\/p>\n<h3>Objetivo 17: Alianza para lograr los objetivos<\/h3>\n<p>Los Objetivos de Desarrollo Sostenible solo se pueden lograr con el compromiso decidido a favor de alianzas mundiales y cooperaci\u00f3n. Si bien la asistencia oficial para el desarrollo de las econom\u00edas desarrolladas aument\u00f3 en 66 por ciento entre 2000 y 2014, las crisis humanitarias provocadas por conflictos o desastres naturales contin\u00faan demandando m\u00e1s recursos y ayuda financiera. Muchos pa\u00edses tambi\u00e9n requieren de esta asistencia para estimular el crecimiento y el intercambio comercial.<\/p>\n<p>Hoy el mundo est\u00e1 m\u00e1s interconectado que nunca. Mejorar el acceso a la tecnolog\u00eda y los conocimientos es una forma importante de intercambiar ideas y propiciar la innovaci\u00f3n. Para lograr el crecimiento y desarrollo sostenibles, es vital que se coordinen las pol\u00edticas para ayudar a los pa\u00edses en desarrollo a manejar su deuda y para promover inversiones para los menos desarrollados.<\/p>\n<blockquote><p>La finalidad de los objetivos es mejorar la cooperaci\u00f3n Norte-Sur y Sur-Sur, apoyando los planes nacionales en el cumplimiento de todas las metas. Promover el comercio internacional y ayudar a los pa\u00edses en desarrollo para que aumenten sus exportaciones, forma parte del desaf\u00edo de lograr un sistema de comercio universal equitativo y basado en reglas que sea justo, abierto y beneficie a todos.<\/p><\/blockquote>\n<h3><\/h3>\n<h3>\u00bfC\u00f3mo contribuye la energ\u00eda nuclear a este objetivo?<\/h3>\n<p>El Organismo Internacional de Energ\u00eda At\u00f3mica promueve y lleva a efecto importantes alianzas con otras organizaciones del Organismo de Naciones Unidas (ONU), tales como la Organizaci\u00f3n de las Naciones Unidas para la Alimentaci\u00f3n (FAO) y la Organizaci\u00f3n Mundial de la Salud (OMS).<\/p>\n<p>De igual manera, el OIEA fomenta y financia proyectos de cooperaci\u00f3n a nivel regional e interregional, lo que permite llevar a cabo importantes iniciativas de investigaci\u00f3n, acceso a tecnolog\u00eda y equipos de punta, as\u00ed como al desarrollo de mejores pr\u00e1cticas con altos componentes innovativos.<\/p>\n<p>Chile se beneficia anualmente con una serie de proyectos de investigaci\u00f3n y desarrollo que cuentan con la participaci\u00f3n de diversas entidades de educaci\u00f3n superior e institutos del Estado.<\/p>\n","protected":false},"excerpt":{"rendered":"<p>Objetivo 17: Alianza para lograr los objetivos Los Objetivos de Desarrollo Sostenible solo se pueden lograr con el compromiso decidido a favor de alianzas mundiales y cooperaci\u00f3n. Si bien la asistencia oficial para el desarrollo de las econom\u00edas desarrolladas aument\u00f3 en 66 por ciento entre 2000 y 2014, las crisis humanitarias provocadas por conflictos o&#8230; <a class=\"read-more\" href=\"https:\/\/www.cchen.cl\/?page_id=490\">Leer m\u00e1s >><\/a><\/p>\n","protected":false},"author":3,"featured_media":0,"parent":0,"menu_order":0,"comment_status":"closed","ping_status":"closed","template":"ODS.php","meta":{"footnotes":"","_links_to":"","_links_to_target":""},"class_list":["post-490","page","type-page","status-publish","hentry"],"_links":{"self":[{"href":"https:\/\/www.cchen.cl\/index.php?rest_route=\/wp\/v2\/pages\/490","targetHints":{"allow":["GET"]}}],"collection":[{"href":"https:\/\/www.cchen.cl\/index.php?rest_route=\/wp\/v2\/pages"}],"about":[{"href":"https:\/\/www.cchen.cl\/index.php?rest_route=\/wp\/v2\/types\/page"}],"author":[{"embeddable":true,"href":"https:\/\/www.cchen.cl\/index.php?rest_route=\/wp\/v2\/users\/3"}],"replies":[{"embeddable":true,"href":"https:\/\/www.cchen.cl\/index.php?rest_route=%2Fwp%2Fv2%2Fcomments&post=490"}],"version-history":[{"count":8,"href":"https:\/\/www.cchen.cl\/index.php?rest_route=\/wp\/v2\/pages\/490\/revisions"}],"predecessor-version":[{"id":4745,"href":"https:\/\/www.cchen.cl\/index.php?rest_route=\/wp\/v2\/pages\/490\/revisions\/4745"}],"wp:attachment":[{"href":"https:\/\/www.cchen.cl\/index.php?rest_route=%2Fwp%2Fv2%2Fmedia&parent=490"}],"curies":[{"name":"wp","href":"https:\/\/api.w.org\/{rel}","templated":true}]}}