{"id":4962,"date":"2020-04-13T18:31:19","date_gmt":"2020-04-13T22:31:19","guid":{"rendered":"https:\/\/www.cchen.cl\/?page_id=4962"},"modified":"2021-09-24T09:36:58","modified_gmt":"2021-09-24T13:36:58","slug":"resoluciones-2020","status":"publish","type":"page","link":"https:\/\/www.cchen.cl\/?page_id=4962","title":{"rendered":"Resoluciones 2020"},"content":{"rendered":"<h4>Resoluci\u00f3n\u00a0Exenta (DISNR) N\u00b0 017-2020\u00a0 Aprueba realizaci\u00f3n en forma remota de ex\u00e1menes para obtener Autorizaci\u00f3n Especial.<\/h4>\n<ul>\n<li><a href=\"https:\/\/www.cchen.cl\/pdf\/resoluciones_dsnr\/2020\/REX_DISNR_017-2020.pdf\" target=\"_blank\" rel=\"noopener noreferrer\">Resoluci\u00f3n Exenta N\u00b0 017-2020<\/a><\/li>\n<\/ul>\n","protected":false},"excerpt":{"rendered":"<p>Resoluci\u00f3n\u00a0Exenta (DISNR) N\u00b0 017-2020\u00a0 Aprueba realizaci\u00f3n en forma remota de ex\u00e1menes para obtener Autorizaci\u00f3n Especial. Resoluci\u00f3n Exenta N\u00b0 017-2020<\/p>\n","protected":false},"author":3,"featured_media":0,"parent":1154,"menu_order":0,"comment_status":"closed","ping_status":"closed","template":"seguridad-interior.php","meta":{"footnotes":"","_links_to":"","_links_to_target":""},"class_list":["post-4962","page","type-page","status-publish","hentry"],"_links":{"self":[{"href":"https:\/\/www.cchen.cl\/index.php?rest_route=\/wp\/v2\/pages\/4962","targetHints":{"allow":["GET"]}}],"collection":[{"href":"https:\/\/www.cchen.cl\/index.php?rest_route=\/wp\/v2\/pages"}],"about":[{"href":"https:\/\/www.cchen.cl\/index.php?rest_route=\/wp\/v2\/types\/page"}],"author":[{"embeddable":true,"href":"https:\/\/www.cchen.cl\/index.php?rest_route=\/wp\/v2\/users\/3"}],"replies":[{"embeddable":true,"href":"https:\/\/www.cchen.cl\/index.php?rest_route=%2Fwp%2Fv2%2Fcomments&post=4962"}],"version-history":[{"count":4,"href":"https:\/\/www.cchen.cl\/index.php?rest_route=\/wp\/v2\/pages\/4962\/revisions"}],"predecessor-version":[{"id":5844,"href":"https:\/\/www.cchen.cl\/index.php?rest_route=\/wp\/v2\/pages\/4962\/revisions\/5844"}],"up":[{"embeddable":true,"href":"https:\/\/www.cchen.cl\/index.php?rest_route=\/wp\/v2\/pages\/1154"}],"wp:attachment":[{"href":"https:\/\/www.cchen.cl\/index.php?rest_route=%2Fwp%2Fv2%2Fmedia&parent=4962"}],"curies":[{"name":"wp","href":"https:\/\/api.w.org\/{rel}","templated":true}]}}