{"id":5344,"date":"2020-08-18T18:06:36","date_gmt":"2020-08-18T22:06:36","guid":{"rendered":"http:\/\/www.cchen.cl\/?page_id=5344"},"modified":"2024-03-15T09:48:22","modified_gmt":"2024-03-15T13:48:22","slug":"prohibiciones-y-suspensiones","status":"publish","type":"page","link":"https:\/\/www.cchen.cl\/?page_id=5344","title":{"rendered":"Prohibiciones y Suspensiones 2022"},"content":{"rendered":"<p>Empresas afectas a prohibiciones o suspensi\u00f3n de funcionamiento<\/p>\r\n<table class=\"table table-light table-hover\" style=\"height: 148px;\" width=\"934\">\r\n<thead>\r\n<tr>\r\n<th>Prohibiciones y Suspensiones 2022<\/th>\r\n<\/tr>\r\n<\/thead>\r\n<tbody>\r\n<tr>\r\n<td><a href=\"https:\/\/www.cchen.cl\/pdf\/dsnr_prohibiciones\/REX_DISNR_019-2022.pdf\" target=\"_blank\" rel=\"noopener\"><abbr class='c2c-text-hover' title='Resoluci\u00f3n Exenta de la Divisi\u00f3n de Seguridad Nuclear y Radiol\u00f3gica.'>REX DISNR<\/abbr> N\u00b0 019-2022 suspende autorizaciones especiales de operadores que indica\r\n<\/a><\/td>\r\n<\/tr>\r\n<tr>\r\n<td><a href=\"https:\/\/www.cchen.cl\/pdf\/dsnr_prohibiciones\/REX_DISNR_016-2022.pdf\" target=\"_blank\" rel=\"noopener\"><abbr class='c2c-text-hover' title='Resoluci\u00f3n Exenta de la Divisi\u00f3n de Seguridad Nuclear y Radiol\u00f3gica.'>REX DISNR<\/abbr> N\u00b0 016-2022 proh\u00edbe funcionamiento y cierre temporal Fundaci\u00f3n Arturo L\u00f3pez P\u00e9rez<\/a><\/td>\r\n<\/tr>\r\n<tr>\r\n<td><a href=\"https:\/\/www.cchen.cl\/pdf\/dsnr_prohibiciones\/REX_DISNR_015-2022.pdf\" target=\"_blank\" rel=\"noopener\"><abbr class='c2c-text-hover' title='Resoluci\u00f3n Exenta de la Divisi\u00f3n de Seguridad Nuclear y Radiol\u00f3gica.'>REX DISNR<\/abbr> N\u00b0 015-2022 Comunica suspensi\u00f3n de autorizaci\u00f3n de operaci\u00f3n hospital San Juan de Dios<\/a><\/td>\r\n<\/tr>\r\n<tr>\r\n<td><a href=\"https:\/\/www.cchen.cl\/pdf\/dsnr_prohibiciones\/REX_DISNR_010-2022.pdf\" target=\"_blank\" rel=\"noopener\"><abbr class='c2c-text-hover' title='Resoluci\u00f3n Exenta de la Divisi\u00f3n de Seguridad Nuclear y Radiol\u00f3gica.'>REX DISNR<\/abbr> N\u00b0 010-2022 Proh\u00edbe funcionamiento radio nuclear asociados limitada<\/a><\/td>\r\n<\/tr>\r\n<tr>\r\n<td><a href=\"https:\/\/www.cchen.cl\/pdf\/dsnr_prohibiciones\/REX_DISNR_008-2022.pdf\" target=\"_blank\" rel=\"noopener\"><abbr class='c2c-text-hover' title='Resoluci\u00f3n Exenta de la Divisi\u00f3n de Seguridad Nuclear y Radiol\u00f3gica.'>REX DISNR<\/abbr> N\u00b0 008-2022 Proh\u00edbe funcionamiento servicio nacional de aduanas &#8211; aduana San Antonio<\/a><\/td>\r\n<\/tr>\r\n<\/tbody>\r\n<\/table>\r\n\r\n<p>&nbsp;<\/p>\r\n","protected":false},"excerpt":{"rendered":"<p>Empresas afectas a prohibiciones o suspensi\u00f3n de funcionamiento Prohibiciones y Suspensiones 2022 <abbr class='c2c-text-hover' title='Resoluci\u00f3n Exenta de la Divisi\u00f3n de Seguridad Nuclear y Radiol\u00f3gica.'>REX DISNR<\/abbr> N\u00b0 019-2022 suspende autorizaciones especiales de operadores que indica <abbr class='c2c-text-hover' title='Resoluci\u00f3n Exenta de la Divisi\u00f3n de Seguridad Nuclear y Radiol\u00f3gica.'>REX DISNR<\/abbr> N\u00b0 016-2022 proh\u00edbe funcionamiento y cierre temporal Fundaci\u00f3n Arturo L\u00f3pez P\u00e9rez <abbr class='c2c-text-hover' title='Resoluci\u00f3n Exenta de la Divisi\u00f3n de Seguridad Nuclear y Radiol\u00f3gica.'>REX DISNR<\/abbr> N\u00b0 015-2022 Comunica suspensi\u00f3n de autorizaci\u00f3n de operaci\u00f3n hospital San Juan de Dios <abbr class='c2c-text-hover' title='Resoluci\u00f3n Exenta de la Divisi\u00f3n de Seguridad Nuclear y Radiol\u00f3gica.'>REX DISNR<\/abbr> N\u00b0 010-2022&#8230; <a class=\"read-more\" href=\"https:\/\/www.cchen.cl\/?page_id=5344\">Leer m\u00e1s >><\/a><\/p>\n","protected":false},"author":3,"featured_media":0,"parent":24,"menu_order":0,"comment_status":"closed","ping_status":"closed","template":"seguridad-interior.php","meta":{"footnotes":"","_links_to":"","_links_to_target":""},"class_list":["post-5344","page","type-page","status-publish","hentry"],"_links":{"self":[{"href":"https:\/\/www.cchen.cl\/index.php?rest_route=\/wp\/v2\/pages\/5344","targetHints":{"allow":["GET"]}}],"collection":[{"href":"https:\/\/www.cchen.cl\/index.php?rest_route=\/wp\/v2\/pages"}],"about":[{"href":"https:\/\/www.cchen.cl\/index.php?rest_route=\/wp\/v2\/types\/page"}],"author":[{"embeddable":true,"href":"https:\/\/www.cchen.cl\/index.php?rest_route=\/wp\/v2\/users\/3"}],"replies":[{"embeddable":true,"href":"https:\/\/www.cchen.cl\/index.php?rest_route=%2Fwp%2Fv2%2Fcomments&post=5344"}],"version-history":[{"count":22,"href":"https:\/\/www.cchen.cl\/index.php?rest_route=\/wp\/v2\/pages\/5344\/revisions"}],"predecessor-version":[{"id":6425,"href":"https:\/\/www.cchen.cl\/index.php?rest_route=\/wp\/v2\/pages\/5344\/revisions\/6425"}],"up":[{"embeddable":true,"href":"https:\/\/www.cchen.cl\/index.php?rest_route=\/wp\/v2\/pages\/24"}],"wp:attachment":[{"href":"https:\/\/www.cchen.cl\/index.php?rest_route=%2Fwp%2Fv2%2Fmedia&parent=5344"}],"curies":[{"name":"wp","href":"https:\/\/api.w.org\/{rel}","templated":true}]}}