{"id":5416,"date":"2020-09-28T13:46:51","date_gmt":"2020-09-28T17:46:51","guid":{"rendered":"http:\/\/www.cchen.cl\/?page_id=5416"},"modified":"2023-05-18T10:51:42","modified_gmt":"2023-05-18T14:51:42","slug":"videos","status":"publish","type":"page","link":"https:\/\/www.cchen.cl\/?page_id=5416","title":{"rendered":"Videos"},"content":{"rendered":"<h2>V\u00eddeos Educativos<\/h2>\n<p>Luciana y los Galletones M\u00e1gicos<\/p>\n<section>\n<div class=\"container\">\n<div class=\"row no-gutters\">\n<div class=\"col-sm-08\">\n<div class=\"actCom4\">\n<p><iframe loading=\"lazy\" width=\"560\" height=\"315\" src=\"https:\/\/www.youtube.com\/embed\/IpdrikyGMD8?start=0\" title=\"YouTube video player\" frameborder=\"0\" allow=\"accelerometer; autoplay; clipboard-write; encrypted-media; gyroscope; picture-in-picture; web-share\" allowfullscreen><\/iframe><\/p>\n<\/div>\n<\/div>\n<\/div>\n<\/div>\n<\/section>\n<p>Conoce tu Energ\u00eda<\/p>\n<section>\n<div class=\"container\">\n<div class=\"row no-gutters\">\n<div class=\"col-sm-08\">\n<div class=\"actCom4\">\n<p><iframe loading=\"lazy\" src=\"https:\/\/www.youtube.com\/embed\/1SvX363l5FM\" width=\"720\" height=\"410\" frameborder=\"0\" allowfullscreen=\"allowfullscreen\"><\/iframe><\/p>\n<\/div>\n<\/div>\n<\/div>\n<\/div>\n<\/section>\n<p>Fabricaci\u00f3n de Radios\u00f3topos en Acelerador de Part\u00edculas \u00abCiclotr\u00f3n\u00bb (Cyclone 18\/9 IBA)<\/p>\n<section>\n<div class=\"container\">\n<div class=\"row no-gutters\">\n<div class=\"col-sm-08\">\n<div class=\"actCom4\">\n<p><iframe loading=\"lazy\" src=\"https:\/\/www.youtube.com\/embed\/mmKymJpXWk8\" width=\"720\" height=\"410\" frameborder=\"0\" allowfullscreen=\"allowfullscreen\"><\/iframe><\/p>\n<\/div>\n<\/div>\n<\/div>\n<\/div>\n<\/section>\n<p>Canal de Youtube \u00abCiencia Entretenida\u00bb, esta iniciativa es parte del proyecto Anillo \u00abCentro de Investigaci\u00f3n en F\u00edsica de Plasmas y Potencia Pulsada\u00bb de Conicyt.<\/p>\n<p>Capitulo 1 \u00abPlasma\u00bb<\/p>\n<section>\n<div class=\"container\">\n<div class=\"row no-gutters\">\n<div class=\"col-sm-08\">\n<div class=\"actCom4\">\n<p><iframe loading=\"lazy\" src=\"https:\/\/www.youtube.com\/embed\/QeTyZEiCO8U\" width=\"720\" height=\"410\" frameborder=\"0\" allowfullscreen=\"allowfullscreen\"><\/iframe><\/p>\n<\/div>\n<\/div>\n<\/div>\n<\/div>\n<\/section>\n<p>Capitulo 2 \u00abPotencia Pulsada\u00bb<\/p>\n<section>\n<div class=\"container\">\n<div class=\"row no-gutters\">\n<div class=\"col-sm-08\">\n<div class=\"actCom4\">\n<p><iframe loading=\"lazy\" src=\"https:\/\/www.youtube.com\/embed\/58wXVIZXZLk\" width=\"720\" height=\"410\" frameborder=\"0\" allowfullscreen=\"allowfullscreen\"><\/iframe><\/p>\n<\/div>\n<\/div>\n<\/div>\n<\/div>\n<\/section>\n<p>Capitulo 3 \u00abFusi\u00f3n Nuclear\u00bb<\/p>\n<section>\n<div class=\"container\">\n<div class=\"row no-gutters\">\n<div class=\"col-sm-08\">\n<div class=\"actCom4\">\n<p><iframe loading=\"lazy\" src=\"https:\/\/www.youtube.com\/embed\/veq5sJrs5rs\" width=\"720\" height=\"410\" frameborder=\"0\" allowfullscreen=\"allowfullscreen\"><\/iframe><\/p>\n<\/div>\n<\/div>\n<\/div>\n<\/div>\n<\/section>\n<p>Capitulo 4 \u00abRadiaciones Pulsadas para la Vida y Salud\u00bb<\/p>\n<section>\n<div class=\"container\">\n<div class=\"row no-gutters\">\n<div class=\"col-sm-08\">\n<div class=\"actCom4\">\n<p><iframe src=\"https:\/\/www.youtube.com\/embed\/3jPVEvYG6lc\" width=\"720\" title=\"YouTube video player\" frameborder=\"0\" allow=\"accelerometer; autoplay; clipboard-write; encrypted-media; gyroscope; picture-in-picture; web-share\" allowfullscreen><\/iframe><\/p>\n<\/div>\n<\/div>\n<\/div>\n<\/div>\n<\/section>\n<p>Capitulo 5 \u00abPlasmas y Potencia Pulsada para Materiales Avanzados y Fusi\u00f3n Nuclear\u00bb<\/p>\n<p><iframe loading=\"lazy\" width=\"560\" height=\"315\" src=\"https:\/\/www.youtube.com\/embed\/LfBMfNBAk88\" title=\"YouTube video player\" frameborder=\"0\" allow=\"accelerometer; autoplay; clipboard-write; encrypted-media; gyroscope; picture-in-picture; web-share\" allowfullscreen><\/iframe><\/p>\n","protected":false},"excerpt":{"rendered":"<p>V\u00eddeos Educativos Luciana y los Galletones M\u00e1gicos Conoce tu Energ\u00eda Fabricaci\u00f3n de Radios\u00f3topos en Acelerador de Part\u00edculas \u00abCiclotr\u00f3n\u00bb (Cyclone 18\/9 IBA) Canal de Youtube \u00abCiencia Entretenida\u00bb, esta iniciativa es parte del proyecto Anillo \u00abCentro de Investigaci\u00f3n en F\u00edsica de Plasmas y Potencia Pulsada\u00bb de Conicyt. Capitulo 1 \u00abPlasma\u00bb Capitulo 2 \u00abPotencia Pulsada\u00bb Capitulo 3 \u00abFusi\u00f3n&#8230; <a class=\"read-more\" href=\"https:\/\/www.cchen.cl\/?page_id=5416\">Leer m\u00e1s >><\/a><\/p>\n","protected":false},"author":3,"featured_media":0,"parent":28,"menu_order":0,"comment_status":"closed","ping_status":"closed","template":"educacion-interior.php","meta":{"footnotes":"","_links_to":"","_links_to_target":""},"class_list":["post-5416","page","type-page","status-publish","hentry"],"_links":{"self":[{"href":"https:\/\/www.cchen.cl\/index.php?rest_route=\/wp\/v2\/pages\/5416","targetHints":{"allow":["GET"]}}],"collection":[{"href":"https:\/\/www.cchen.cl\/index.php?rest_route=\/wp\/v2\/pages"}],"about":[{"href":"https:\/\/www.cchen.cl\/index.php?rest_route=\/wp\/v2\/types\/page"}],"author":[{"embeddable":true,"href":"https:\/\/www.cchen.cl\/index.php?rest_route=\/wp\/v2\/users\/3"}],"replies":[{"embeddable":true,"href":"https:\/\/www.cchen.cl\/index.php?rest_route=%2Fwp%2Fv2%2Fcomments&post=5416"}],"version-history":[{"count":8,"href":"https:\/\/www.cchen.cl\/index.php?rest_route=\/wp\/v2\/pages\/5416\/revisions"}],"predecessor-version":[{"id":7399,"href":"https:\/\/www.cchen.cl\/index.php?rest_route=\/wp\/v2\/pages\/5416\/revisions\/7399"}],"up":[{"embeddable":true,"href":"https:\/\/www.cchen.cl\/index.php?rest_route=\/wp\/v2\/pages\/28"}],"wp:attachment":[{"href":"https:\/\/www.cchen.cl\/index.php?rest_route=%2Fwp%2Fv2%2Fmedia&parent=5416"}],"curies":[{"name":"wp","href":"https:\/\/api.w.org\/{rel}","templated":true}]}}