{"id":5452,"date":"2020-10-06T11:26:27","date_gmt":"2020-10-06T15:26:27","guid":{"rendered":"http:\/\/www.cchen.cl\/?page_id=5452"},"modified":"2020-10-06T11:26:27","modified_gmt":"2020-10-06T15:26:27","slug":"graficas-cchen","status":"publish","type":"page","link":"https:\/\/www.cchen.cl\/?page_id=5452","title":{"rendered":"Gr\u00e1ficas CCHEN"},"content":{"rendered":"<table class=\"tg\" width=\"100%\" align=\"center\">\n<tbody>\n<tr>\n<td class=\"tg-0lax\" style=\"text-align: center;\"><a href=\"https:\/\/www.cchen.cl\/images_big\/panel_1_3000.png\" target=\"_blank\" rel=\"noopener noreferrer\"><img decoding=\"async\" src=\"http:\/\/www.cchen.cl\/wp-content\/uploads\/2020\/10\/panel_1_700.png\" \/><\/a><\/p>\n<p>Infograf\u00eda La Energ\u00eda de los \u00c1tomos<\/td>\n<\/tr>\n<tr>\n<td class=\"tg-0lax\" style=\"text-align: center;\"><a href=\"https:\/\/www.cchen.cl\/images_big\/panel_2_3000.png\" target=\"_blank\" rel=\"noopener noreferrer\"><img decoding=\"async\" src=\"http:\/\/www.cchen.cl\/wp-content\/uploads\/2020\/10\/panel_2_700.png\" \/><\/a><\/p>\n<p>Radiaciones: Usos y Aplicaciones<\/td>\n<\/tr>\n<tr>\n<td class=\"tg-0lax\" style=\"text-align: center;\"><a href=\"https:\/\/www.cchen.cl\/images_big\/panel_3_3000.png\" target=\"_blank\" rel=\"noopener noreferrer\"><img decoding=\"async\" src=\"http:\/\/www.cchen.cl\/wp-content\/uploads\/2020\/10\/panel_3_700.png\" \/><\/a><\/p>\n<p>Instalaciones <abbr class='c2c-text-hover' title='Comisi\u00f3n Chilena de Energ\u00eda Nuclear.'>CCHEN<\/abbr><\/td>\n<\/tr>\n<\/tbody>\n<\/table>\n","protected":false},"excerpt":{"rendered":"<p>Infograf\u00eda La Energ\u00eda de los \u00c1tomos Radiaciones: Usos y Aplicaciones Instalaciones <abbr class='c2c-text-hover' title='Comisi\u00f3n Chilena de Energ\u00eda Nuclear.'>CCHEN<\/abbr><\/p>\n","protected":false},"author":3,"featured_media":0,"parent":28,"menu_order":0,"comment_status":"closed","ping_status":"closed","template":"educacion-interior.php","meta":{"footnotes":"","_links_to":"","_links_to_target":""},"class_list":["post-5452","page","type-page","status-publish","hentry"],"_links":{"self":[{"href":"https:\/\/www.cchen.cl\/index.php?rest_route=\/wp\/v2\/pages\/5452","targetHints":{"allow":["GET"]}}],"collection":[{"href":"https:\/\/www.cchen.cl\/index.php?rest_route=\/wp\/v2\/pages"}],"about":[{"href":"https:\/\/www.cchen.cl\/index.php?rest_route=\/wp\/v2\/types\/page"}],"author":[{"embeddable":true,"href":"https:\/\/www.cchen.cl\/index.php?rest_route=\/wp\/v2\/users\/3"}],"replies":[{"embeddable":true,"href":"https:\/\/www.cchen.cl\/index.php?rest_route=%2Fwp%2Fv2%2Fcomments&post=5452"}],"version-history":[{"count":1,"href":"https:\/\/www.cchen.cl\/index.php?rest_route=\/wp\/v2\/pages\/5452\/revisions"}],"predecessor-version":[{"id":5453,"href":"https:\/\/www.cchen.cl\/index.php?rest_route=\/wp\/v2\/pages\/5452\/revisions\/5453"}],"up":[{"embeddable":true,"href":"https:\/\/www.cchen.cl\/index.php?rest_route=\/wp\/v2\/pages\/28"}],"wp:attachment":[{"href":"https:\/\/www.cchen.cl\/index.php?rest_route=%2Fwp%2Fv2%2Fmedia&parent=5452"}],"curies":[{"name":"wp","href":"https:\/\/api.w.org\/{rel}","templated":true}]}}