{"id":5770,"date":"2021-07-23T17:47:23","date_gmt":"2021-07-23T21:47:23","guid":{"rendered":"https:\/\/www.cchen.cl\/?page_id=5770"},"modified":"2023-03-24T10:00:40","modified_gmt":"2023-03-24T14:00:40","slug":"resoluciones-2021","status":"publish","type":"page","link":"https:\/\/www.cchen.cl\/?page_id=5770","title":{"rendered":"Resoluciones 2021"},"content":{"rendered":"<h4>Resoluci\u00f3n Exenta REX (DISNR) N\u00b0 049-2021 clasificaci\u00f3n de instalaciones de instalaciones nucleares- radiactivas dentro de instalacion nuclear<\/h4>\n<ul>\n<li><a href=\"https:\/\/www.cchen.cl\/pdf\/resoluciones_dsnr\/2021\/REX_DISNR_049-2021.pdf\" target=\"_blank\" rel=\"noopener noreferrer\">Resoluci\u00f3n Exenta N\u00b0 049-2021<\/a><\/li>\n<\/ul>\n<h4>Resoluci\u00f3n Exenta REX (DISNR) N\u00b0 048-2021 aprueba gu\u00eda regulatoria versi\u00f3n GR-G-06 V1 \u00abcondiciones psicof\u00edsicas para operadores de instalaciones nucleares y radiactivas\u00bb.<\/h4>\n<ul>\n<li><a href=\"https:\/\/www.cchen.cl\/pdf\/resoluciones_dsnr\/2021\/REX_DISNR_048-2021.pdf\" target=\"_blank\" rel=\"noopener noreferrer\">Resoluci\u00f3n Exenta N\u00b0 048-2021<\/a><\/li>\n<\/ul>\n<h4>Resoluci\u00f3n Exenta REX (DISNR) N\u00b0 050-2021 aprueba norma de seguridad ns-05.0 requerimientos de seguridad para instalaciones de gammagraf\u00eda y radiograf\u00eda industrial<\/h4>\n<ul>\n<li><a href=\"https:\/\/www.cchen.cl\/pdf\/resoluciones_dsnr\/2021\/REX_DISNR_050-2021.pdf\" target=\"_blank\" rel=\"noopener noreferrer\">Resoluci\u00f3n Exenta N\u00b0 050-2021<\/a><\/li>\n<\/ul>\n<h4>Resoluci\u00f3n Exenta REX (DISNR) N\u00b0 051-2021 aprueba norma de seguridad ns-06.0 requerimientos de seguridad para laboratorios de alta radiotoxicidad, con fines de medicina nuclear<\/h4>\n<ul>\n<li><a href=\"https:\/\/www.cchen.cl\/pdf\/resoluciones_dsnr\/2021\/REX_DISNR_051-2021.pdf\" target=\"_blank\" rel=\"noopener noreferrer\">Resoluci\u00f3n Exenta N\u00b0 051-2021<\/a><\/li>\n<\/ul>\n<h4>Resoluci\u00f3n Exenta REX (DISNR) N\u00b0 052-2021 aprueba norma de seguridad ns-07.0 requerimientos de seguridad para instalaciones de aceleradores de part\u00edculas tipo ciclotr\u00f3n<\/h4>\n<ul>\n<li><a href=\"https:\/\/www.cchen.cl\/pdf\/resoluciones_dsnr\/2021\/REX_DISNR_052-2021.pdf\" target=\"_blank\" rel=\"noopener noreferrer\">Resoluci\u00f3n Exenta N\u00b0 052-2021<\/a><\/li>\n<\/ul>\n<h4>Resoluci\u00f3n Exenta REX (DISNR) N\u00b0 053-2021 aprueba gu\u00eda de criterios y orientaciones para funciones de fiscalizaci\u00f3n de instalaciones nucleares y radiactivas de primera categor\u00eda<\/h4>\n<ul>\n<li><a href=\"https:\/\/www.cchen.cl\/pdf\/resoluciones_dsnr\/2021\/REX_DISNR_053-2021.pdf\" target=\"_blank\" rel=\"noopener noreferrer\">Resoluci\u00f3n Exenta N\u00b0 053-2021<\/a><\/li>\n<\/ul>\n<h4>Resoluci\u00f3n Exenta REX (DISNR) N\u00b0 072-2021 Aprueba norma de seguridad NS-08.0 \u201cnormativa de seguridad de las instalaciones nucleares y radiactivas que se encuentren dentro de la Comisi\u00f3n Chilena de Energ\u00eda Nuclear\u201d<\/h4>\n<ul>\n<li><a href=\"https:\/\/www.cchen.cl\/pdf\/resoluciones_dsnr\/2021\/REX_DISNR_072-2021.pdf\" target=\"_blank\" rel=\"noopener noreferrer\">Resoluci\u00f3n Exenta N\u00b0 072-2021<\/a><\/li>\n<\/ul>\n","protected":false},"excerpt":{"rendered":"<p>Resoluci\u00f3n Exenta REX (DISNR) N\u00b0 049-2021 clasificaci\u00f3n de instalaciones de instalaciones nucleares- radiactivas dentro de instalacion nuclear Resoluci\u00f3n Exenta N\u00b0 049-2021 Resoluci\u00f3n Exenta REX (DISNR) N\u00b0 048-2021 aprueba gu\u00eda regulatoria versi\u00f3n GR-G-06 V1 \u00abcondiciones psicof\u00edsicas para operadores de instalaciones nucleares y radiactivas\u00bb. Resoluci\u00f3n Exenta N\u00b0 048-2021 Resoluci\u00f3n Exenta REX (DISNR) N\u00b0 050-2021 aprueba norma de&#8230; <a class=\"read-more\" href=\"https:\/\/www.cchen.cl\/?page_id=5770\">Leer m\u00e1s >><\/a><\/p>\n","protected":false},"author":3,"featured_media":0,"parent":1154,"menu_order":0,"comment_status":"closed","ping_status":"closed","template":"seguridad-interior.php","meta":{"footnotes":"","_links_to":"","_links_to_target":""},"class_list":["post-5770","page","type-page","status-publish","hentry"],"_links":{"self":[{"href":"https:\/\/www.cchen.cl\/index.php?rest_route=\/wp\/v2\/pages\/5770","targetHints":{"allow":["GET"]}}],"collection":[{"href":"https:\/\/www.cchen.cl\/index.php?rest_route=\/wp\/v2\/pages"}],"about":[{"href":"https:\/\/www.cchen.cl\/index.php?rest_route=\/wp\/v2\/types\/page"}],"author":[{"embeddable":true,"href":"https:\/\/www.cchen.cl\/index.php?rest_route=\/wp\/v2\/users\/3"}],"replies":[{"embeddable":true,"href":"https:\/\/www.cchen.cl\/index.php?rest_route=%2Fwp%2Fv2%2Fcomments&post=5770"}],"version-history":[{"count":6,"href":"https:\/\/www.cchen.cl\/index.php?rest_route=\/wp\/v2\/pages\/5770\/revisions"}],"predecessor-version":[{"id":7207,"href":"https:\/\/www.cchen.cl\/index.php?rest_route=\/wp\/v2\/pages\/5770\/revisions\/7207"}],"up":[{"embeddable":true,"href":"https:\/\/www.cchen.cl\/index.php?rest_route=\/wp\/v2\/pages\/1154"}],"wp:attachment":[{"href":"https:\/\/www.cchen.cl\/index.php?rest_route=%2Fwp%2Fv2%2Fmedia&parent=5770"}],"curies":[{"name":"wp","href":"https:\/\/api.w.org\/{rel}","templated":true}]}}