{"id":6356,"date":"2022-03-01T14:00:26","date_gmt":"2022-03-01T18:00:26","guid":{"rendered":"https:\/\/www.cchen.cl\/?page_id=6356"},"modified":"2022-03-04T12:00:08","modified_gmt":"2022-03-04T16:00:08","slug":"luz-widad-chuaqui-jahiatt","status":"publish","type":"page","link":"https:\/\/www.cchen.cl\/?page_id=6356","title":{"rendered":"Luz Widad Chuaqui Jahiatt"},"content":{"rendered":"<p><img decoding=\"async\" class=\"img-circle aligncenter\" src=\"http:\/\/www.cchen.cl\/wp-content\/uploads\/2022\/03\/300___pngwing.jpg\" alt=\"In\u00e9s Pino\" \/><\/p>\n<h4 style=\"text-align: center;\">Periodo <abbr class='c2c-text-hover' title='Comisi\u00f3n Chilena de Energ\u00eda Nuclear.'>CCHEN<\/abbr>: 1980 \u2013 1999<\/h4>\n<p align=\"justify\">Naci\u00f3 el 28 de marzo de 1938. Ingeniera Civil Electricista de la Universidad de Chile y Master of Arts en Geof\u00edsica en la Universidad de California, Berkeley.<\/p>\n<p align=\"justify\">En 1980 ingres\u00f3 al Departamento de Computaci\u00f3n de la <abbr class='c2c-text-hover' title='Comisi\u00f3n Chilena de Energ\u00eda Nuclear.'>CCHEN<\/abbr> como analista de sistemas, para interpretar datos e im\u00e1genes relacionadas con activaci\u00f3n neutr\u00f3nica, concentraciones isot\u00f3picas generadas por uranio, y trazadores radiactivos para la miner\u00eda e industria. Integr\u00f3 el grupo de F\u00edsica de Reactores, donde instal\u00f3 programas de c\u00e1lculos neutr\u00f3nicos complejos, que permitieron efectuar numerosos trabajos para los reactores de investigaci\u00f3n <abbr class='c2c-text-hover' title='Reactor Experimental Chileno N\u00ba1, ubicado en el Centro de Estudios Nucleares La Reina.'>RECH-1<\/abbr> y <abbr class='c2c-text-hover' title='Reactor Experimental Chileno N\u00ba2, ubicado en el Centro de Estudios Nucleares Lo Aguirre.'>RECH-2<\/abbr>, incluyendo el dise\u00f1o de elementos combustibles, estudios de criticidad de configuraciones de n\u00facleo y an\u00e1lisis de la seguridad de los reactores nucleares.<\/p>\n<p align=\"justify\">Fue la primera mujer Ingeniera Civil Electricista de nuestro pa\u00eds y fue reconocida por desarrollarse en temas de investigaci\u00f3n en campos poco tradicionales, como la energ\u00eda nuclear.<\/p>\n","protected":false},"excerpt":{"rendered":"<p>Periodo <abbr class='c2c-text-hover' title='Comisi\u00f3n Chilena de Energ\u00eda Nuclear.'>CCHEN<\/abbr>: 1980 \u2013 1999 Naci\u00f3 el 28 de marzo de 1938. Ingeniera Civil Electricista de la Universidad de Chile y Master of Arts en Geof\u00edsica en la Universidad de California, Berkeley. En 1980 ingres\u00f3 al Departamento de Computaci\u00f3n de la <abbr class='c2c-text-hover' title='Comisi\u00f3n Chilena de Energ\u00eda Nuclear.'>CCHEN<\/abbr> como analista de sistemas, para interpretar datos e im\u00e1genes relacionadas con activaci\u00f3n neutr\u00f3nica,&#8230; <a class=\"read-more\" href=\"https:\/\/www.cchen.cl\/?page_id=6356\">Leer m\u00e1s >><\/a><\/p>\n","protected":false},"author":3,"featured_media":0,"parent":2,"menu_order":0,"comment_status":"closed","ping_status":"closed","template":"","meta":{"footnotes":"","_links_to":"","_links_to_target":""},"class_list":["post-6356","page","type-page","status-publish","hentry"],"_links":{"self":[{"href":"https:\/\/www.cchen.cl\/index.php?rest_route=\/wp\/v2\/pages\/6356","targetHints":{"allow":["GET"]}}],"collection":[{"href":"https:\/\/www.cchen.cl\/index.php?rest_route=\/wp\/v2\/pages"}],"about":[{"href":"https:\/\/www.cchen.cl\/index.php?rest_route=\/wp\/v2\/types\/page"}],"author":[{"embeddable":true,"href":"https:\/\/www.cchen.cl\/index.php?rest_route=\/wp\/v2\/users\/3"}],"replies":[{"embeddable":true,"href":"https:\/\/www.cchen.cl\/index.php?rest_route=%2Fwp%2Fv2%2Fcomments&post=6356"}],"version-history":[{"count":2,"href":"https:\/\/www.cchen.cl\/index.php?rest_route=\/wp\/v2\/pages\/6356\/revisions"}],"predecessor-version":[{"id":6363,"href":"https:\/\/www.cchen.cl\/index.php?rest_route=\/wp\/v2\/pages\/6356\/revisions\/6363"}],"up":[{"embeddable":true,"href":"https:\/\/www.cchen.cl\/index.php?rest_route=\/wp\/v2\/pages\/2"}],"wp:attachment":[{"href":"https:\/\/www.cchen.cl\/index.php?rest_route=%2Fwp%2Fv2%2Fmedia&parent=6356"}],"curies":[{"name":"wp","href":"https:\/\/api.w.org\/{rel}","templated":true}]}}