{"id":649,"date":"2018-09-04T09:42:45","date_gmt":"2018-09-04T13:42:45","guid":{"rendered":"http:\/\/nueva.cchen.cl\/?page_id=649"},"modified":"2019-03-07T13:11:02","modified_gmt":"2019-03-07T17:11:02","slug":"proyectos","status":"publish","type":"page","link":"https:\/\/www.cchen.cl\/?page_id=649","title":{"rendered":"Proyectos"},"content":{"rendered":"<p>Las actividades de investigaci\u00f3n y desarrollo (I+D) son una funci\u00f3n clave para la Instituci\u00f3n, realizadas con el fin de aumentar el flujo de conocimiento en ciencia y tecnolog\u00eda nuclear en beneficio de la sociedad. Ello garantiza la actualizaci\u00f3n de los conocimientos que la Instituci\u00f3n dispone, as\u00ed como tambi\u00e9n asegura la adecuada comprensi\u00f3n y la capacidad de adaptaci\u00f3n del conocimiento de punta a nivel global.<\/p>\n<p>Dado el rol que cumple la <abbr class='c2c-text-hover' title='Comisi\u00f3n Chilena de Energ\u00eda Nuclear.'>CCHEN<\/abbr> como productor de nuevas tecnolog\u00edas y conocimiento avanzado en Tecnolog\u00edas Nucleares y Radiol\u00f3gicas (TNR), con el fin de ser transferidos a sectores previamente definidos, las actividades de I+D permiten asegurar la calidad y pertinencia del quehacer de la Instituci\u00f3n, a la vez que representa la posibilidad de incorporarse en las iniciativas y grupos de investigaci\u00f3n globales.<\/p>\n<p>Los sectores considerados para el desarrollo de actividades de I+D en el contexto de las Tecnolog\u00edas Nucleares y Radiol\u00f3gicas son: sostenibilidad y alimentos, producci\u00f3n de energ\u00eda y litio; miner\u00eda e industria, salud de las personas, y capacidades transversales.<\/p>\n<p>Esta funci\u00f3n se fortalece mediante el trabajo de los equipos multidisciplinarios de investigaci\u00f3n de la <abbr class='c2c-text-hover' title='Comisi\u00f3n Chilena de Energ\u00eda Nuclear.'>CCHEN<\/abbr> y de otros actores del entorno de las TNR, como universidades o centros de I+D externos.<\/p>\n<p>La cartera de proyectos, que se genera a partir de diversos tipos de financiamiento, se desarrolla gracias a:<\/p>\n<ul>\n<li>Proyectos Semilla <abbr class='c2c-text-hover' title='Comisi\u00f3n Chilena de Energ\u00eda Nuclear.'>CCHEN<\/abbr><\/li>\n<li>Programas de CONICYT<\/li>\n<li>Proyectos CORFO<\/li>\n<li>Fondos internacionales<\/li>\n<\/ul>\n","protected":false},"excerpt":{"rendered":"<p>Las actividades de investigaci\u00f3n y desarrollo (I+D) son una funci\u00f3n clave para la Instituci\u00f3n, realizadas con el fin de aumentar el flujo de conocimiento en ciencia y tecnolog\u00eda nuclear en beneficio de la sociedad. Ello garantiza la actualizaci\u00f3n de los conocimientos que la Instituci\u00f3n dispone, as\u00ed como tambi\u00e9n asegura la adecuada comprensi\u00f3n y la capacidad&#8230; <a class=\"read-more\" href=\"https:\/\/www.cchen.cl\/?page_id=649\">Leer m\u00e1s >><\/a><\/p>\n","protected":false},"author":3,"featured_media":0,"parent":26,"menu_order":0,"comment_status":"closed","ping_status":"closed","template":"InvDesarrollo-interior.php","meta":{"footnotes":"","_links_to":"","_links_to_target":""},"class_list":["post-649","page","type-page","status-publish","hentry"],"_links":{"self":[{"href":"https:\/\/www.cchen.cl\/index.php?rest_route=\/wp\/v2\/pages\/649","targetHints":{"allow":["GET"]}}],"collection":[{"href":"https:\/\/www.cchen.cl\/index.php?rest_route=\/wp\/v2\/pages"}],"about":[{"href":"https:\/\/www.cchen.cl\/index.php?rest_route=\/wp\/v2\/types\/page"}],"author":[{"embeddable":true,"href":"https:\/\/www.cchen.cl\/index.php?rest_route=\/wp\/v2\/users\/3"}],"replies":[{"embeddable":true,"href":"https:\/\/www.cchen.cl\/index.php?rest_route=%2Fwp%2Fv2%2Fcomments&post=649"}],"version-history":[{"count":4,"href":"https:\/\/www.cchen.cl\/index.php?rest_route=\/wp\/v2\/pages\/649\/revisions"}],"predecessor-version":[{"id":3793,"href":"https:\/\/www.cchen.cl\/index.php?rest_route=\/wp\/v2\/pages\/649\/revisions\/3793"}],"up":[{"embeddable":true,"href":"https:\/\/www.cchen.cl\/index.php?rest_route=\/wp\/v2\/pages\/26"}],"wp:attachment":[{"href":"https:\/\/www.cchen.cl\/index.php?rest_route=%2Fwp%2Fv2%2Fmedia&parent=649"}],"curies":[{"name":"wp","href":"https:\/\/api.w.org\/{rel}","templated":true}]}}