{"id":653,"date":"2018-09-04T09:43:40","date_gmt":"2018-09-04T13:43:40","guid":{"rendered":"http:\/\/nueva.cchen.cl\/?page_id=653"},"modified":"2023-05-18T09:50:54","modified_gmt":"2023-05-18T13:50:54","slug":"laboratorios","status":"publish","type":"page","link":"https:\/\/www.cchen.cl\/?page_id=653","title":{"rendered":"Infraestructura Habilitante"},"content":{"rendered":"<table width=\"100%\" vspace=\"10\" hspace=\"10\">\n<tbody>\n<tr>\n<td width=\"25%\">\n<div class=\"card-img-block\"><img decoding=\"async\" class=\"img-responsive\" src=\"wp-content\/uploads\/2018\/08\/rech-1.jpg\" alt=\"Card image cap\" \/><\/div>\n<div class=\"card-body\">\n<h5 class=\"card-title\"><a href=\"?page_id=1649\">Reactor Nuclear de investigaci\u00f3n <abbr class='c2c-text-hover' title='Reactor Experimental Chileno N\u00ba1, ubicado en el Centro de Estudios Nucleares La Reina.'>RECH-1<\/abbr><\/a><\/h5>\n<\/div>\n<\/td>\n<td width=\"25%\">\n<div class=\"card-img-block\"><img decoding=\"async\" class=\"img-responsive\" src=\"wp-content\/uploads\/2018\/10\/act-neutronica.jpg\" alt=\"Card image cap\" \/><\/div>\n<div class=\"card-body\">\n<h5 class=\"card-title\"><a href=\"?page_id=1692\">Laboratorio de an\u00e1lisis por activaci\u00f3n neutr\u00f3nica<\/a><\/h5>\n<\/div>\n<\/td>\n<td width=\"25%\">\n<div class=\"card-img-block\"><img decoding=\"async\" class=\"img-fluid\" src=\"wp-content\/uploads\/2018\/10\/radioisotops.jpg\" alt=\"Card image cap\" \/><\/div>\n<div class=\"card-body\">\n<h5 class=\"card-title\"><a href=\"?page_id=1705\">Laboratorio de producci\u00f3n de radiois\u00f3topos<\/a><\/h5>\n<\/div>\n<\/td>\n<td width=\"25%\">\n<div class=\"card-img-block\"><img decoding=\"async\" class=\"img-fluid\" src=\"wp-content\/uploads\/2018\/10\/plasma-termonuclear.jpg\" alt=\"Card image cap\" \/><\/div>\n<div class=\"card-body\">\n<h5 class=\"card-title\"><a href=\"?page_id=1716\">Investigaci\u00f3n en plasma termonuclear<\/a><\/h5>\n<\/div>\n<\/td>\n<\/tr>\n<\/tbody>\n<\/table>\n","protected":false},"excerpt":{"rendered":"<p>Reactor Nuclear de investigaci\u00f3n <abbr class='c2c-text-hover' title='Reactor Experimental Chileno N\u00ba1, ubicado en el Centro de Estudios Nucleares La Reina.'>RECH-1<\/abbr> Laboratorio de an\u00e1lisis por activaci\u00f3n neutr\u00f3nica Laboratorio de producci\u00f3n de radiois\u00f3topos Investigaci\u00f3n en plasma termonuclear<\/p>\n","protected":false},"author":3,"featured_media":0,"parent":26,"menu_order":0,"comment_status":"closed","ping_status":"closed","template":"institucion-organigrama.php","meta":{"footnotes":"","_links_to":"","_links_to_target":""},"class_list":["post-653","page","type-page","status-publish","hentry"],"_links":{"self":[{"href":"https:\/\/www.cchen.cl\/index.php?rest_route=\/wp\/v2\/pages\/653","targetHints":{"allow":["GET"]}}],"collection":[{"href":"https:\/\/www.cchen.cl\/index.php?rest_route=\/wp\/v2\/pages"}],"about":[{"href":"https:\/\/www.cchen.cl\/index.php?rest_route=\/wp\/v2\/types\/page"}],"author":[{"embeddable":true,"href":"https:\/\/www.cchen.cl\/index.php?rest_route=\/wp\/v2\/users\/3"}],"replies":[{"embeddable":true,"href":"https:\/\/www.cchen.cl\/index.php?rest_route=%2Fwp%2Fv2%2Fcomments&post=653"}],"version-history":[{"count":66,"href":"https:\/\/www.cchen.cl\/index.php?rest_route=\/wp\/v2\/pages\/653\/revisions"}],"predecessor-version":[{"id":7385,"href":"https:\/\/www.cchen.cl\/index.php?rest_route=\/wp\/v2\/pages\/653\/revisions\/7385"}],"up":[{"embeddable":true,"href":"https:\/\/www.cchen.cl\/index.php?rest_route=\/wp\/v2\/pages\/26"}],"wp:attachment":[{"href":"https:\/\/www.cchen.cl\/index.php?rest_route=%2Fwp%2Fv2%2Fmedia&parent=653"}],"curies":[{"name":"wp","href":"https:\/\/api.w.org\/{rel}","templated":true}]}}