{"id":6628,"date":"2022-04-07T16:06:56","date_gmt":"2022-04-07T20:06:56","guid":{"rendered":"https:\/\/www.cchen.cl\/?page_id=6628"},"modified":"2022-04-08T10:43:16","modified_gmt":"2022-04-08T14:43:16","slug":"memoria-anual-2005-xp5","status":"publish","type":"page","link":"https:\/\/www.cchen.cl\/?page_id=6628","title":{"rendered":"Memoria Anual 2005"},"content":{"rendered":"<table class=\"table table-hover\">\n<thead>\n    <\/thead>\n<tbody>\n<tr class=\"clickable\" data-toggle=\"collapse\" id=\"row1\" data-target=\".row1\">\n<td><a href=\"https:\/\/www.cchen.cl\/pdf\/memorias_xp\/xp5\/asjur.html\">Asuntos Jur\u00eddicos<\/td>\n<\/tr>\n<tr class=\"clickable\" data-toggle=\"collapse\" id=\"row1\" data-target=\".row1\">\n<td><a href=\"https:\/\/www.cchen.cl\/pdf\/memorias_xp\/xp5\/gescal.html\">Gesti\u00f3n de Calidad<\/td>\n<\/tr>\n<tr class=\"clickable\" data-toggle=\"collapse\" id=\"row2\" data-target=\".row2\">\n<td><a href=\"https:\/\/www.cchen.cl\/pdf\/memorias_xp\/xp5\/gescal.html\">Departamento de Materiales Nucleares<\/td>\n<\/tr>\n<tr class=\"collapse row2\">\n<td><a href=\"https:\/\/www.cchen.cl\/pdf\/memorias_xp\/xp5\/secgeomin.html\">Secci\u00f3n Geolog\u00eda y Miner\u00eda<\/a><\/td>\n<\/tr>\n<tr class=\"collapse row2\">\n<td><a href=\"https:\/\/www.cchen.cl\/pdf\/memorias_xp\/xp5\/secmatnu.html\">Secci\u00f3n Materiales Nucleares<\/a><\/td>\n<\/tr>\n<tr class=\"collapse row2\">\n<td><a href=\"https:\/\/www.cchen.cl\/pdf\/memorias_xp\/xp5\/secmatava.html\">Secci\u00f3n Materiales Avanzados<\/a><\/td>\n<\/tr>\n<tr class=\"clickable\" data-toggle=\"collapse\" id=\"row3\" data-target=\".row3\">\n<td><a href=\"https:\/\/www.cchen.cl\/pdf\/memorias_xp\/xp5\/dsa.html\">Departamento Sistemas y Administraci\u00f3n<\/td>\n<\/tr>\n<tr class=\"collapse row3\">\n<td><a href=\"https:\/\/www.cchen.cl\/pdf\/memorias_xp\/xp5\/subadmin.html\">Subdepartamento de Administraci\u00f3n<\/a><\/td>\n<\/tr>\n<tr class=\"collapse row3\" align=\"center\">\n<td><a href=\"https:\/\/www.cchen.cl\/pdf\/memorias_xp\/xp5\/secper.html\">Secci\u00f3n Personal<\/a><\/td>\n<\/tr>\n<tr class=\"collapse row3\" align=\"center\">\n<td><a href=\"https:\/\/www.cchen.cl\/pdf\/memorias_xp\/xp5\/secbien.html\">Secci\u00f3n Bienestar<\/a><\/td>\n<\/tr>\n<tr class=\"collapse row3\" align=\"center\">\n<td><a href=\"https:\/\/www.cchen.cl\/pdf\/memorias_xp\/xp5\/secsergen.html\">Secci\u00f3n Servicios Generales<\/a><\/td>\n<\/tr>\n<tr class=\"collapse row3\" align=\"center\">\n<td><a href=\"https:\/\/www.cchen.cl\/pdf\/memorias_xp\/xp5\/secconfin.html\">Secci\u00f3n Contabilidad y Finanzas<\/a><\/td>\n<\/tr>\n<tr class=\"collapse row3\" align=\"center\">\n<td><a href=\"https:\/\/www.cchen.cl\/pdf\/memorias_xp\/xp5\/secad.html\">Secci\u00f3n Adquisiciones<\/a><\/td>\n<\/tr>\n<tr class=\"collapse row3\" align=\"center\">\n<td><a href=\"https:\/\/www.cchen.cl\/pdf\/memorias_xp\/xp5\/secbib.html\">Secci\u00f3n Bibliotecas<\/a><\/td>\n<\/tr>\n<tr class=\"collapse row3\">\n<td><a href=\"https:\/\/www.cchen.cl\/pdf\/memorias_xp\/xp5\/subinfma.html\">Subdepartamento de Inform\u00e1tica y Mantenimiento<\/a><\/td>\n<\/tr>\n<tr class=\"collapse row3\" align=\"center\">\n<td><a href=\"https:\/\/www.cchen.cl\/pdf\/memorias_xp\/xp5\/tallele.html\">Secci\u00f3n Taller de Electromec\u00e1nica<\/a><\/td>\n<\/tr>\n<tr class=\"collapse row3\" align=\"center\">\n<td><a href=\"https:\/\/www.cchen.cl\/pdf\/memorias_xp\/xp5\/secpoc.html\">Secci\u00f3n Proyectos y Obras Civiles<\/a><\/td>\n<\/tr>\n<tr class=\"collapse row3\" align=\"center\">\n<td><a href=\"https:\/\/www.cchen.cl\/pdf\/memorias_xp\/xp5\/secdesis.html\">Secci\u00f3n Desarrollo de Sistemas<\/a><\/td>\n<\/tr>\n<tr class=\"collapse row3\" align=\"center\">\n<td><a href=\"https:\/\/www.cchen.cl\/pdf\/memorias_xp\/xp5\/secsop.html\">Secci\u00f3n Soporte Inform\u00e1tico<\/a><\/td>\n<\/tr>\n<tr class=\"clickable\" data-toggle=\"collapse\" id=\"row4\" data-target=\".row4\">\n<td><a href=\"https:\/\/www.cchen.cl\/pdf\/memorias_xp\/xp5\/dpra.html\">Departamento Protecci\u00f3n Radiol\u00f3gica Ambiental<\/td>\n<\/tr>\n<tr class=\"collapse row4\" >\n<td><a href=\"https:\/\/www.cchen.cl\/pdf\/memorias_xp\/xp5\/secmri.html\">Secci\u00f3n Metrolog\u00eda de Radiaciones Ionizantes<\/a><\/td>\n<\/tr>\n<tr class=\"collapse row4\" >\n<td><a href=\"https:\/\/www.cchen.cl\/pdf\/memorias_xp\/xp5\/secpf.html\">Secci\u00f3n Protecci\u00f3n F\u00edsica<\/a><\/td>\n<\/tr>\n<tr class=\"collapse row4\" >\n<td><a href=\"https:\/\/www.cchen.cl\/pdf\/memorias_xp\/xp5\/secrm.html\">Secci\u00f3n Radiomedicina<\/a><\/td>\n<\/tr>\n<tr class=\"collapse row4\">\n<td><a href=\"https:\/\/www.cchen.cl\/pdf\/memorias_xp\/xp5\/secpr.html\">Secci\u00f3n Protecci\u00f3n Radiol\u00f3gica<\/a><\/td>\n<\/tr>\n<tr class=\"collapse row4\" >\n<td><a href=\"https:\/\/www.cchen.cl\/pdf\/memorias_xp\/xp5\/secvra.html\">Secci\u00f3n Vigilancia Radiol\u00f3gica Ambiental<\/a><\/td>\n<\/tr>\n<tr class=\"collapse row4\" >\n<td><a href=\"https:\/\/www.cchen.cl\/pdf\/memorias_xp\/xp5\/secprr.html\">Secci\u00f3n Prevenci\u00f3n de Riesgos<\/a><\/td>\n<\/tr>\n<tr class=\"collapse row4\" >\n<td><a href=\"https:\/\/www.cchen.cl\/pdf\/memorias_xp\/xp5\/secsgdr.html\">Secci\u00f3n Gesti\u00f3n de Desechos Radiactivos<\/a><\/td>\n<\/tr>\n<tr class=\"collapse row4\" >\n<td><a href=\"https:\/\/www.cchen.cl\/pdf\/memorias_xp\/xp5\/secga.html\">Secci\u00f3n Gesti\u00f3n Ambiental<\/a><\/td>\n<\/tr>\n<tr class=\"clickable\" data-toggle=\"collapse\" id=\"row5\" data-target=\".row5\">\n<td><a href=\"https:\/\/www.cchen.cl\/pdf\/memorias_xp\/xp5\/pcg.html\">Planificaci\u00f3n y Control de Gesti\u00f3n<\/td>\n<\/tr>\n<tr class=\"clickable\" data-toggle=\"collapse\" id=\"row6\" data-target=\".row6\">\n<td><a href=\"https:\/\/www.cchen.cl\/pdf\/memorias_xp\/xp5\/aud.html\">Auditor\u00eda<\/td>\n<\/tr>\n<tr class=\"clickable\" data-toggle=\"collapse\" id=\"row6\" data-target=\".row6\">\n<td><a href=\"https:\/\/www.cchen.cl\/pdf\/memorias_xp\/xp5\/dye.html\">Difusi\u00f3n y Extensi\u00f3n<\/td>\n<\/tr>\n<tr class=\"clickable\" data-toggle=\"collapse\" id=\"row7\" data-target=\".row7\">\n<td><a href=\"https:\/\/www.cchen.cl\/pdf\/memorias_xp\/xp5\/dps.html\">Departamento Producci\u00f3n y Servicios<\/td>\n<\/tr>\n<tr class=\"collapse row7\" >\n<td><a href=\"https:\/\/www.cchen.cl\/pdf\/memorias_xp\/xp5\/secprrr.html\">Secci\u00f3n Producci\u00f3n de Radiois\u00f3topos y Radiof\u00e1rmacos<\/a><\/td>\n<\/tr>\n<tr class=\"collapse row7\" >\n<td><a href=\"https:\/\/www.cchen.cl\/pdf\/memorias_xp\/xp5\/secclo.html\">Secci\u00f3n Ciclotr\u00f3n<\/a><\/td>\n<\/tr>\n<tr class=\"collapse row7\" >\n<td><a href=\"https:\/\/www.cchen.cl\/pdf\/memorias_xp\/xp5\/secpi.html\">Secci\u00f3n Planta de Irradiaciones<\/a><\/td>\n<\/tr>\n<tr class=\"collapse row7\" >\n<td><a href=\"https:\/\/www.cchen.cl\/pdf\/memorias_xp\/xp5\/secdos.html\">Secci\u00f3n Dosimetr\u00eda<\/a><\/td>\n<\/tr>\n<tr class=\"collapse row7\" >\n<td><a href=\"https:\/\/www.cchen.cl\/pdf\/memorias_xp\/xp5\/seccom.html\">Secci\u00f3n Comercializaci\u00f3n<\/a><\/td>\n<\/tr>\n<tr class=\"clickable\" data-toggle=\"collapse\" id=\"row8\" data-target=\".row8\">\n<td><a href=\"https:\/\/www.cchen.cl\/pdf\/memorias_xp\/xp5\/dsnr.html\">Departamento Seguridad Nuclear y Radiol\u00f3gica<\/td>\n<\/tr>\n<tr class=\"collapse row8\" >\n<td><a href=\"https:\/\/www.cchen.cl\/pdf\/memorias_xp\/xp5\/secsir.html\">Secci\u00f3n Seguridad de Instalaciones Radiactivas<\/a><\/td>\n<\/tr>\n<tr class=\"collapse row8\" >\n<td><a href=\"https:\/\/www.cchen.cl\/pdf\/memorias_xp\/xp5\/secsin.html\">Secci\u00f3n Seguridad de Instalaciones Nucleares<\/a><\/td>\n<\/tr>\n<tr class=\"clickable\" data-toggle=\"collapse\" id=\"row9\" data-target=\".row9\">\n<td><a href=\"https:\/\/www.cchen.cl\/pdf\/memorias_xp\/xp5\/dan.html\">Departamento Aplicaciones Nucleares<\/td>\n<\/tr>\n<tr class=\"collapse row9\" align=\"center\">\n<td><a href=\"https:\/\/www.cchen.cl\/pdf\/memorias_xp\/xp5\/secsubreac.html\">Subdepartamento de Reactores<\/a><\/td>\n<\/tr>\n<tr class=\"collapse row9\" >\n<td><a href=\"https:\/\/www.cchen.cl\/pdf\/memorias_xp\/xp5\/secagr.html\">Secci\u00f3n de Agricultura<\/a><\/td>\n<\/tr>\n<tr class=\"collapse row9\" >\n<td><a href=\"https:\/\/www.cchen.cl\/pdf\/memorias_xp\/xp5\/secsya.html\">Secci\u00f3n Salud y Alimentos<\/a><\/td>\n<\/tr>\n<tr class=\"collapse row9\" >\n<td><a href=\"https:\/\/www.cchen.cl\/pdf\/memorias_xp\/xp5\/seciyma.html\">Secci\u00f3n Industria y Medioambiente<\/a><\/td>\n<\/tr>\n<tr class=\"collapse row9\" align=\"center\">\n<td><a href=\"https:\/\/www.cchen.cl\/pdf\/memorias_xp\/xp5\/lat.html\">Laboratorio de Aplicaciones de Trazadores<\/a><\/td>\n<\/tr>\n<tr class=\"collapse row9\" align=\"center\">\n<td><a href=\"https:\/\/www.cchen.cl\/pdf\/memorias_xp\/xp5\/seclia.html\">Laboratorio de Is\u00f3topos Ambientales<\/a><\/td>\n<\/tr>\n<tr class=\"collapse row9\" >\n<td><a href=\"https:\/\/www.cchen.cl\/pdf\/memorias_xp\/xp5\/secmq.html\">Secci\u00f3n Metrolog\u00eda Qu\u00edmica<\/a><\/td>\n<\/tr>\n<tr class=\"collapse row9\" align=\"center\">\n<td><a href=\"https:\/\/www.cchen.cl\/pdf\/memorias_xp\/xp5\/laan.html\">Laboratorio de An\u00e1lisis por Activaci\u00f3n Neutr\u00f3nica<\/a><\/td>\n<\/tr>\n<tr class=\"collapse row9\" align=\"center\">\n<td><a href=\"https:\/\/www.cchen.cl\/pdf\/memorias_xp\/xp5\/lfrx.html\">Laboratorio de Fluorescencia de Rayos X<\/a><\/td>\n<\/tr>\n<tr class=\"collapse row9\" align=\"center\">\n<td><a href=\"https:\/\/www.cchen.cl\/pdf\/memorias_xp\/xp5\/laqic.html\">Laboratorio de An\u00e1lisis Qu\u00edmico por Instrumentaci\u00f3n Cl\u00e1sica<\/a><\/td>\n<\/tr>\n<tr class=\"clickable\" data-toggle=\"collapse\" id=\"row10\" data-target=\".row10\">\n<td><a href=\"https:\/\/www.cchen.cl\/pdf\/memorias_xp\/xp5\/condire.html\">Consejo Directivo<\/td>\n<\/tr>\n<\/tbody>\n<\/table>\n<style>\n.collapsing {\n  -webkit-transition: height .01s ease;\n  transition: height .01s ease\n}\n<\/style>\n<p>xp5<\/p>\n","protected":false},"excerpt":{"rendered":"<p>Asuntos Jur\u00eddicos Gesti\u00f3n de Calidad Departamento de Materiales Nucleares Secci\u00f3n Geolog\u00eda y Miner\u00eda Secci\u00f3n Materiales Nucleares Secci\u00f3n Materiales Avanzados Departamento Sistemas y Administraci\u00f3n Subdepartamento de Administraci\u00f3n Secci\u00f3n Personal Secci\u00f3n Bienestar Secci\u00f3n Servicios Generales Secci\u00f3n Contabilidad y Finanzas Secci\u00f3n Adquisiciones Secci\u00f3n Bibliotecas Subdepartamento de Inform\u00e1tica y Mantenimiento Secci\u00f3n Taller de Electromec\u00e1nica Secci\u00f3n Proyectos y Obras Civiles&#8230; <a class=\"read-more\" href=\"https:\/\/www.cchen.cl\/?page_id=6628\">Leer m\u00e1s >><\/a><\/p>\n","protected":false},"author":3,"featured_media":0,"parent":0,"menu_order":0,"comment_status":"closed","ping_status":"closed","template":"","meta":{"footnotes":"","_links_to":"","_links_to_target":""},"class_list":["post-6628","page","type-page","status-publish","hentry"],"_links":{"self":[{"href":"https:\/\/www.cchen.cl\/index.php?rest_route=\/wp\/v2\/pages\/6628","targetHints":{"allow":["GET"]}}],"collection":[{"href":"https:\/\/www.cchen.cl\/index.php?rest_route=\/wp\/v2\/pages"}],"about":[{"href":"https:\/\/www.cchen.cl\/index.php?rest_route=\/wp\/v2\/types\/page"}],"author":[{"embeddable":true,"href":"https:\/\/www.cchen.cl\/index.php?rest_route=\/wp\/v2\/users\/3"}],"replies":[{"embeddable":true,"href":"https:\/\/www.cchen.cl\/index.php?rest_route=%2Fwp%2Fv2%2Fcomments&post=6628"}],"version-history":[{"count":3,"href":"https:\/\/www.cchen.cl\/index.php?rest_route=\/wp\/v2\/pages\/6628\/revisions"}],"predecessor-version":[{"id":6660,"href":"https:\/\/www.cchen.cl\/index.php?rest_route=\/wp\/v2\/pages\/6628\/revisions\/6660"}],"wp:attachment":[{"href":"https:\/\/www.cchen.cl\/index.php?rest_route=%2Fwp%2Fv2%2Fmedia&parent=6628"}],"curies":[{"name":"wp","href":"https:\/\/api.w.org\/{rel}","templated":true}]}}