{"id":6636,"date":"2022-04-07T16:15:58","date_gmt":"2022-04-07T20:15:58","guid":{"rendered":"https:\/\/www.cchen.cl\/?page_id=6636"},"modified":"2022-04-07T16:31:07","modified_gmt":"2022-04-07T20:31:07","slug":"memoria-anual-2007","status":"publish","type":"page","link":"https:\/\/www.cchen.cl\/?page_id=6636","title":{"rendered":"Memoria Anual 2007"},"content":{"rendered":"<table class=\"table table-hover\">\n<thead>\n    <\/thead>\n<tbody>\n<tr class=\"clickable\" data-toggle=\"collapse\" id=\"row1\" data-target=\".row1\">\n<td><a href=\"https:\/\/www.cchen.cl\/pdf\/memorias_xp\/xp7\/PDF\/juridica.pdf\" target=\"blank\" rel=\"noopener\">Asuntos Jur\u00eddicos<\/td>\n<\/tr>\n<tr class=\"clickable\" data-toggle=\"collapse\" id=\"row1\" data-target=\".row1\">\n<td><a href=\"https:\/\/www.cchen.cl\/pdf\/memorias_xp\/xp7\/PDF\/calidad.pdf\" target=\"blank\" rel=\"noopener\">Gesti\u00f3n de Calidad<\/td>\n<\/tr>\n<tr class=\"clickable\" data-toggle=\"collapse\" id=\"row2\" data-target=\".row2\">\n<td><a href=\"https:\/\/www.cchen.cl\/pdf\/memorias_xp\/xp7\/PDF\/auditoria.pdf\" target=\"blank\" rel=\"noopener\">Auditor\u00eda<\/td>\n<\/tr>\n<tr class=\"clickable\" data-toggle=\"collapse\" id=\"row3\" data-target=\".row3\">\n<td><a href=\"https:\/\/www.cchen.cl\/pdf\/memorias_xp\/xp7\/PDF\/dan.pdf\" target=\"blank\" rel=\"noopener\">Departamento Aplicaciones Nucleares<\/td>\n<\/tr>\n<tr class=\"clickable\" data-toggle=\"collapse\" id=\"row4\" data-target=\".row4\">\n<td><a href=\"https:\/\/www.cchen.cl\/pdf\/memorias_xp\/xp7\/PDF\/difusion.pdf\" target=\"blank\" rel=\"noopener\">Difusi\u00f3n y Extensi\u00f3n<\/td>\n<\/tr>\n<tr class=\"clickable\" data-toggle=\"collapse\" id=\"row5\" data-target=\".row5\">\n<td><a href=\"https:\/\/www.cchen.cl\/pdf\/memorias_xp\/xp7\/PDF\/dmn.pdf\" target=\"blank\" rel=\"noopener\">Departamento de Materiales Nucleares<\/td>\n<\/tr>\n<tr class=\"clickable\" data-toggle=\"collapse\" id=\"row6\" data-target=\".row6\">\n<td><a href=\"https:\/\/www.cchen.cl\/pdf\/memorias_xp\/xp7\/PDF\/dpra.pdf\" target=\"blank\" rel=\"noopener\">Departamento de Protecci\u00f3n Radiol\u00f3gica y Ambiental<\/td>\n<\/tr>\n<tr class=\"clickable\" data-toggle=\"collapse\" id=\"row7\" data-target=\".row7\">\n<td><a href=\"https:\/\/www.cchen.cl\/pdf\/memorias_xp\/xp7\/PDF\/dps.pdf\" target=\"blank\" rel=\"noopener\">Departamento Producci\u00f3n y Servicios<\/td>\n<\/tr>\n<tr class=\"clickable\" data-toggle=\"collapse\" id=\"row8\" data-target=\".row8\">\n<td><a href=\"https:\/\/www.cchen.cl\/pdf\/memorias_xp\/xp7\/PDF\/dptn.pdf\" target=\"blank\" rel=\"noopener\">Departamento Plasmas Termonucleares<\/td>\n<\/tr>\n<tr class=\"clickable\" data-toggle=\"collapse\" id=\"row9\" data-target=\".row9\">\n<td><a href=\"https:\/\/www.cchen.cl\/pdf\/memorias_xp\/xp7\/PDF\/dsnr.pdf\" target=\"blank\" rel=\"noopener\">Departamento Seguridad Nuclear y Radiol\u00f3gica<\/td>\n<\/tr>\n<tr class=\"clickable\" data-toggle=\"collapse\" id=\"row10\" data-target=\".row10\">\n<td><a href=\"https:\/\/www.cchen.cl\/pdf\/memorias_xp\/xp7\/PDF\/octri.pdf\" target=\"blank\" rel=\"noopener\">Cooperaci\u00f3n T\u00e9cnica y Relaciones Internacionales<\/td>\n<\/tr>\n<tr class=\"clickable\" data-toggle=\"collapse\" id=\"row11\" data-target=\".row11\">\n<td><a href=\"https:\/\/www.cchen.cl\/pdf\/memorias_xp\/xp7\/PDF\/opcg.pdf\" target=\"blank\" rel=\"noopener\">Planificaci\u00f3n y Control de Gesti\u00f3n<\/td>\n<\/tr>\n<\/tbody>\n<\/table>\n<style>\n.collapsing {\n  -webkit-transition: height .01s ease;\n  transition: height .01s ease\n}\n<\/style>\n<p>xp7<\/p>\n","protected":false},"excerpt":{"rendered":"<p>Asuntos Jur\u00eddicos Gesti\u00f3n de Calidad Auditor\u00eda Departamento Aplicaciones Nucleares Difusi\u00f3n y Extensi\u00f3n Departamento de Materiales Nucleares Departamento de Protecci\u00f3n Radiol\u00f3gica y Ambiental Departamento Producci\u00f3n y Servicios Departamento Plasmas Termonucleares Departamento Seguridad Nuclear y Radiol\u00f3gica Cooperaci\u00f3n T\u00e9cnica y Relaciones Internacionales Planificaci\u00f3n y Control de Gesti\u00f3n xp7<\/p>\n","protected":false},"author":3,"featured_media":0,"parent":0,"menu_order":0,"comment_status":"closed","ping_status":"closed","template":"","meta":{"footnotes":"","_links_to":"","_links_to_target":""},"class_list":["post-6636","page","type-page","status-publish","hentry"],"_links":{"self":[{"href":"https:\/\/www.cchen.cl\/index.php?rest_route=\/wp\/v2\/pages\/6636","targetHints":{"allow":["GET"]}}],"collection":[{"href":"https:\/\/www.cchen.cl\/index.php?rest_route=\/wp\/v2\/pages"}],"about":[{"href":"https:\/\/www.cchen.cl\/index.php?rest_route=\/wp\/v2\/types\/page"}],"author":[{"embeddable":true,"href":"https:\/\/www.cchen.cl\/index.php?rest_route=\/wp\/v2\/users\/3"}],"replies":[{"embeddable":true,"href":"https:\/\/www.cchen.cl\/index.php?rest_route=%2Fwp%2Fv2%2Fcomments&post=6636"}],"version-history":[{"count":7,"href":"https:\/\/www.cchen.cl\/index.php?rest_route=\/wp\/v2\/pages\/6636\/revisions"}],"predecessor-version":[{"id":6643,"href":"https:\/\/www.cchen.cl\/index.php?rest_route=\/wp\/v2\/pages\/6636\/revisions\/6643"}],"wp:attachment":[{"href":"https:\/\/www.cchen.cl\/index.php?rest_route=%2Fwp%2Fv2%2Fmedia&parent=6636"}],"curies":[{"name":"wp","href":"https:\/\/api.w.org\/{rel}","templated":true}]}}