{"id":6650,"date":"2022-04-07T16:46:51","date_gmt":"2022-04-07T20:46:51","guid":{"rendered":"https:\/\/www.cchen.cl\/?page_id=6650"},"modified":"2022-04-07T16:51:57","modified_gmt":"2022-04-07T20:51:57","slug":"memoria-anual-2009","status":"publish","type":"page","link":"https:\/\/www.cchen.cl\/?page_id=6650","title":{"rendered":"Memoria Anual 2009"},"content":{"rendered":"<table class=\"table table-hover\">\n<thead>\n    <\/thead>\n<tbody>\n<tr class=\"clickable\" data-toggle=\"collapse\" id=\"row1\" data-target=\".row1\">\n<td><a href=\"https:\/\/www.cchen.cl\/pdf\/memorias_xp\/xp9\/PDF\/dsa.pdf\" target=\"blank\" rel=\"noopener\">Departamento Sistemas y Administraci\u00f3n<\/td>\n<\/tr>\n<tr class=\"clickable\" data-toggle=\"collapse\" id=\"row1\" data-target=\".row1\">\n<td><a href=\"https:\/\/www.cchen.cl\/pdf\/memorias_xp\/xp9\/PDF\/asjur.pdf\" target=\"blank\" rel=\"noopener\">Asuntos Jur\u00eddicos<\/td>\n<\/tr>\n<tr class=\"clickable\" data-toggle=\"collapse\" id=\"row1\" data-target=\".row1\">\n<td><a href=\"https:\/\/www.cchen.cl\/pdf\/memorias_xp\/xp9\/PDF\/opcg.pdf\" target=\"blank\" rel=\"noopener\">Planificaci\u00f3n y Control de Gesti\u00f3n<\/td>\n<\/tr>\n<tr class=\"clickable\" data-toggle=\"collapse\" id=\"row1\" data-target=\".row1\">\n<td><a href=\"https:\/\/www.cchen.cl\/pdf\/memorias_xp\/xp9\/PDF\/sgc.pdf\" target=\"blank\" rel=\"noopener\">Gesti\u00f3n de Calidad<\/td>\n<\/tr>\n<tr class=\"clickable\" data-toggle=\"collapse\" id=\"row2\" data-target=\".row2\">\n<td><a href=\"https:\/\/www.cchen.cl\/pdf\/memorias_xp\/xp9\/PDF\/auditoria.pdf\" target=\"blank\" rel=\"noopener\">Auditor\u00eda<\/td>\n<\/tr>\n<tr class=\"clickable\" data-toggle=\"collapse\" id=\"row3\" data-target=\".row3\">\n<td><a href=\"https:\/\/www.cchen.cl\/pdf\/memorias_xp\/xp9\/PDF\/dan.pdf\" target=\"blank\" rel=\"noopener\">Departamento Aplicaciones Nucleares<\/td>\n<\/tr>\n<tr class=\"clickable\" data-toggle=\"collapse\" id=\"row4\" data-target=\".row4\">\n<td><a href=\"https:\/\/www.cchen.cl\/pdf\/memorias_xp\/xp9\/PDF\/dye.pdf\" target=\"blank\" rel=\"noopener\">Difusi\u00f3n y Extensi\u00f3n<\/td>\n<\/tr>\n<tr class=\"clickable\" data-toggle=\"collapse\" id=\"row5\" data-target=\".row5\">\n<td><a href=\"https:\/\/www.cchen.cl\/pdf\/memorias_xp\/xp9\/PDF\/dmn.pdf\" target=\"blank\" rel=\"noopener\">Departamento de Materiales Nucleares<\/td>\n<\/tr>\n<tr class=\"clickable\" data-toggle=\"collapse\" id=\"row6\" data-target=\".row6\">\n<td><a href=\"https:\/\/www.cchen.cl\/pdf\/memorias_xp\/xp9\/PDF\/dpra.pdf\" target=\"blank\" rel=\"noopener\">Departamento de Protecci\u00f3n Radiol\u00f3gica y Ambiental<\/td>\n<\/tr>\n<tr class=\"clickable\" data-toggle=\"collapse\" id=\"row7\" data-target=\".row7\">\n<td><a href=\"https:\/\/www.cchen.cl\/pdf\/memorias_xp\/xp9\/PDF\/dps.pdf\" target=\"blank\" rel=\"noopener\">Departamento Producci\u00f3n y Servicios<\/td>\n<\/tr>\n<tr class=\"clickable\" data-toggle=\"collapse\" id=\"row8\" data-target=\".row8\">\n<td><a href=\"https:\/\/www.cchen.cl\/pdf\/memorias_xp\/xp9\/PDF\/dptn.pdf\" target=\"blank\" rel=\"noopener\">Departamento Plasmas Termonucleares<\/td>\n<\/tr>\n<tr class=\"clickable\" data-toggle=\"collapse\" id=\"row9\" data-target=\".row9\">\n<td><a href=\"https:\/\/www.cchen.cl\/pdf\/memorias_xp\/xp9\/PDF\/dsnr.pdf\" target=\"blank\" rel=\"noopener\">Departamento Seguridad Nuclear y Radiol\u00f3gica<\/td>\n<\/tr>\n<tr class=\"clickable\" data-toggle=\"collapse\" id=\"row10\" data-target=\".row10\">\n<td><a href=\"https:\/\/www.cchen.cl\/pdf\/memorias_xp\/xp9\/PDF\/octri.pdf\" target=\"blank\" rel=\"noopener\">Cooperaci\u00f3n T\u00e9cnica y Relaciones Internacionales<\/td>\n<\/tr>\n<\/tbody>\n<\/table>\n<style>\n.collapsing {\n  -webkit-transition: height .01s ease;\n  transition: height .01s ease\n}\n<\/style>\n<p>xp9<\/p>\n","protected":false},"excerpt":{"rendered":"<p>Departamento Sistemas y Administraci\u00f3n Asuntos Jur\u00eddicos Planificaci\u00f3n y Control de Gesti\u00f3n Gesti\u00f3n de Calidad Auditor\u00eda Departamento Aplicaciones Nucleares Difusi\u00f3n y Extensi\u00f3n Departamento de Materiales Nucleares Departamento de Protecci\u00f3n Radiol\u00f3gica y Ambiental Departamento Producci\u00f3n y Servicios Departamento Plasmas Termonucleares Departamento Seguridad Nuclear y Radiol\u00f3gica Cooperaci\u00f3n T\u00e9cnica y Relaciones Internacionales xp9<\/p>\n","protected":false},"author":3,"featured_media":0,"parent":0,"menu_order":0,"comment_status":"closed","ping_status":"closed","template":"","meta":{"footnotes":"","_links_to":"","_links_to_target":""},"class_list":["post-6650","page","type-page","status-publish","hentry"],"_links":{"self":[{"href":"https:\/\/www.cchen.cl\/index.php?rest_route=\/wp\/v2\/pages\/6650","targetHints":{"allow":["GET"]}}],"collection":[{"href":"https:\/\/www.cchen.cl\/index.php?rest_route=\/wp\/v2\/pages"}],"about":[{"href":"https:\/\/www.cchen.cl\/index.php?rest_route=\/wp\/v2\/types\/page"}],"author":[{"embeddable":true,"href":"https:\/\/www.cchen.cl\/index.php?rest_route=\/wp\/v2\/users\/3"}],"replies":[{"embeddable":true,"href":"https:\/\/www.cchen.cl\/index.php?rest_route=%2Fwp%2Fv2%2Fcomments&post=6650"}],"version-history":[{"count":1,"href":"https:\/\/www.cchen.cl\/index.php?rest_route=\/wp\/v2\/pages\/6650\/revisions"}],"predecessor-version":[{"id":6651,"href":"https:\/\/www.cchen.cl\/index.php?rest_route=\/wp\/v2\/pages\/6650\/revisions\/6651"}],"wp:attachment":[{"href":"https:\/\/www.cchen.cl\/index.php?rest_route=%2Fwp%2Fv2%2Fmedia&parent=6650"}],"curies":[{"name":"wp","href":"https:\/\/api.w.org\/{rel}","templated":true}]}}