{"id":6873,"date":"2022-08-19T10:58:52","date_gmt":"2022-08-19T14:58:52","guid":{"rendered":"https:\/\/www.cchen.cl\/?page_id=6873"},"modified":"2024-04-03T08:09:35","modified_gmt":"2024-04-03T12:09:35","slug":"acuerdos-de-consejo-2018","status":"publish","type":"page","link":"https:\/\/www.cchen.cl\/?page_id=6873","title":{"rendered":"Acuerdos de Consejo 2018"},"content":{"rendered":"<table class=\"table\">\n<tbody>\n<tr>\n<td>\n<a href=\"https:\/\/www.cchen.cl\/pdf\/acuerdos_consejo\/Acuerdo_2332.pdf\" target=\"_blank\" rel=\"noopener\">Acuerdo 2332 aprueba solicitud de modificaci\u00f3n de acuerdo de consejo directivo cchen n\u00b02206\/2016<br \/>\n<\/a><\/p>\n<p><a href=\"https:\/\/www.cchen.cl\/pdf\/acuerdos_consejo\/Acuerdo_2326.pdf\" target=\"_blank\" rel=\"noopener\">Acuerdo 2326 aprueba propuesta de resoluci\u00f3n exenta a recurso de reposici\u00f3n interpuesto por la corporaci\u00f3n nacional del cobre<br \/>\n<\/a><\/p>\n<p><a href=\"https:\/\/www.cchen.cl\/pdf\/acuerdos_consejo\/Acuerdo_2319.pdf\" target=\"_blank\" rel=\"noopener\">Acuerdo 2319 Delega Facultades Reglamento Instalaciones Nucleares<\/a><\/p>\n<p><a href=\"https:\/\/www.cchen.cl\/pdf\/acuerdos_consejo\/Acuerdo_2318.pdf\" target=\"_blank\" rel=\"noopener\">Acuerdo 2318 Delega Facultades Reglamento Autorizaciones<\/a><\/p>\n<p><a href=\"https:\/\/www.cchen.cl\/pdf\/acuerdos_consejo\/Acuerdo_2317.pdf\" target=\"_blank\" rel=\"noopener\">Acuerdo 2317 Cometidos de Servicio<\/a><\/p>\n<p><a href=\"https:\/\/www.cchen.cl\/pdf\/acuerdos_consejo\/Acuerdo_2316.pdf\" target=\"_blank\" rel=\"noopener\">Acuerdo 2316 Aprueba Bases de Licitacio?n ESCO<\/a><\/p>\n<p><a href=\"https:\/\/www.cchen.cl\/pdf\/acuerdos_consejo\/Acuerdo_2315.pdf\" target=\"_blank\" rel=\"noopener\">Acuerdo 2315 Delega Facultades DE Licitacio?n Almacen de Desechos<\/a><\/p>\n<p><a href=\"https:\/\/www.cchen.cl\/pdf\/acuerdos_consejo\/Acuerdo_2314.pdf\" target=\"_blank\" rel=\"noopener\">Acuerdo 2314 Rechaza ampliacio?n Albemarle<\/a><\/p>\n<p><a href=\"https:\/\/www.cchen.cl\/pdf\/acuerdos_consejo\/Acuerdo_2313.pdf\" target=\"_blank\" rel=\"noopener\">Acuerdo 2313 Cometidos de Servicio<\/a><\/p>\n<p><a href=\"https:\/\/www.cchen.cl\/pdf\/acuerdos_consejo\/Acuerdo_2312.pdf\" target=\"_blank\" rel=\"noopener\">Acuerdo 2312 Acuerdo Consejo Sentencia RNA<\/a><\/p>\n<p><a href=\"https:\/\/www.cchen.cl\/pdf\/acuerdos_consejo\/Acuerdo_2311.pdf\" target=\"_blank\" rel=\"noopener\">Acuerdo 2311 Cometidos de Servicio<\/a><\/p>\n<p><a href=\"https:\/\/www.cchen.cl\/pdf\/acuerdos_consejo\/Acuerdo_2310.pdf\" target=\"_blank\" rel=\"noopener\">Acuerdo 2310 Acuerdo Consejo Sentencia SMNM<\/a><\/p>\n<p><a href=\"https:\/\/www.cchen.cl\/pdf\/acuerdos_consejo\/Acuerdo_2309.pdf\" target=\"_blank\" rel=\"noopener\">Acuerdo 2309 Acuerdo Consejo Sentencia CATOX<\/a><\/p>\n<p><a href=\"https:\/\/www.cchen.cl\/pdf\/acuerdos_consejo\/Acuerdo_2307.pdf\" target=\"_blank\" rel=\"noopener\">Acuerdo 2307 Delaga Facultades Suscripcio?n Contrato ENEL<\/a><\/p>\n<p><a href=\"https:\/\/www.cchen.cl\/pdf\/acuerdos_consejo\/Acuerdo_2305.pdf\" target=\"_blank\" rel=\"noopener\">Acuerdo 2305 Cometidos de Servicio<\/a><\/p>\n<p><a href=\"https:\/\/www.cchen.cl\/pdf\/acuerdos_consejo\/Acuerdo_2304.pdf\" target=\"_blank\" rel=\"noopener\">Acuerdo 2304 Acuerdo Consejo Sentencia ENAP<\/a><\/p>\n<p><a href=\"https:\/\/www.cchen.cl\/pdf\/acuerdos_consejo\/Acuerdo_2303.pdf\" target=\"_blank\" rel=\"noopener\">Acuerdo 2303 Autorizacio?n CODELCO &#8211; Pedernales<\/a><\/p>\n<p><a href=\"https:\/\/www.cchen.cl\/pdf\/acuerdos_consejo\/Acuerdo_2302.pdf\" target=\"_blank\" rel=\"noopener\">Acuerdo 2302 Cometidos de Servicio<\/a><\/p>\n<p><a href=\"https:\/\/www.cchen.cl\/pdf\/acuerdos_consejo\/Acuerdo_2301.pdf\" target=\"_blank\" rel=\"noopener\">Acuerdo 2301 Acuerdo Consejo Sentencia STI<\/a><\/p>\n<p><a href=\"https:\/\/www.cchen.cl\/pdf\/acuerdos_consejo\/Acuerdo_2299.pdf\" target=\"_blank\" rel=\"noopener\">Acuerdo 2299 Cometidos de Servicio<\/a><\/p>\n<p><a href=\"https:\/\/www.cchen.cl\/pdf\/acuerdos_consejo\/Acuerdo_2298.pdf\" target=\"_blank\" rel=\"noopener\">Acuerdo 2298 DISPONE INSPECCIO?N A PRODUCTO FINAL A EMPRSAS SQM Y ALBEMARLE EN ANTOFAGASTA<\/a><\/p>\n<p><a href=\"https:\/\/www.cchen.cl\/pdf\/acuerdos_consejo\/Acuerdo_2295.pdf\" target=\"_blank\" rel=\"noopener\">Acuerdo 2295 Cometidos de Servicio<\/a><\/p>\n<p><a href=\"https:\/\/www.cchen.cl\/pdf\/acuerdos_consejo\/Acuerdo_2294.pdf\" target=\"_blank\" rel=\"noopener\">Acuerdo 2294 Cometidos de Servicio<\/a><\/p>\n<p><a href=\"https:\/\/www.cchen.cl\/pdf\/acuerdos_consejo\/Acuerdo_2293.pdf\" target=\"_blank\" rel=\"noopener\">Acuerdo 2293 Cometidos de Servicio<\/a><\/p>\n<p><a href=\"https:\/\/www.cchen.cl\/pdf\/acuerdos_consejo\/Acuerdo_2292.pdf\" target=\"_blank\" rel=\"noopener\">Acuerdo 2292 Autoriza a SQM Salar S.A. a envi?o de muestra<\/a><\/p>\n<p><a href=\"https:\/\/www.cchen.cl\/pdf\/acuerdos_consejo\/Acuerdo_2291.pdf\" target=\"_blank\" rel=\"noopener\">Acuerdo 2291 Aprueba Respuesta R. Reposicio?n SQM Salar S.A.<\/a><\/p>\n<p><a href=\"https:\/\/www.cchen.cl\/pdf\/acuerdos_consejo\/Acuerdo_2290.pdf\" target=\"_blank\" rel=\"noopener\">Acuerdo 2290 Aprueba Respuesta R. Reposicio?n Pueblos Atacamen?os<\/a><\/p>\n<p><a href=\"https:\/\/www.cchen.cl\/pdf\/acuerdos_consejo\/Acuerdo_2288.pdf\" target=\"_blank\" rel=\"noopener\">Acuerdo 2288 Cometidos de Servicio<\/a><\/p>\n<p><a href=\"https:\/\/www.cchen.cl\/pdf\/acuerdos_consejo\/Acuerdo_2287.pdf\" target=\"_blank\" rel=\"noopener\">Acuerdo 2287 Acuerdo Autorizacio\u0301n SQM<\/a><\/p>\n<p><a href=\"https:\/\/www.cchen.cl\/pdf\/acuerdos_consejo\/Acuerdo_2286.pdf\" target=\"_blank\" rel=\"noopener\">Acuerdo 2286 Autoriza a GCVL visita Albemarle<\/a><\/p>\n<p><a href=\"https:\/\/www.cchen.cl\/pdf\/acuerdos_consejo\/Acuerdo_2285.pdf\" target=\"_blank\" rel=\"noopener\">Acuerdo 2285 Conformacio\u0301n Consejos Asesores<\/a><\/p>\n<p><a href=\"https:\/\/www.cchen.cl\/pdf\/acuerdos_consejo\/Acuerdo_2283.pdf\" target=\"_blank\" rel=\"noopener\">Acuerdo 2283 Acuerdo Rechazo Soc. Legal Minera NX Uno de Peine<\/a><\/p>\n<p>&nbsp;<\/p>\n<p><a href=\"https:\/\/www.cchen.cl\/pdf\/acuerdos_consejo\/Acuerdo_2282.pdf\" target=\"_blank\" rel=\"noopener\">Acuerdo 2282 Cometidos de Servicio<\/a><\/p>\n<p><a href=\"https:\/\/www.cchen.cl\/pdf\/acuerdos_consejo\/Acuerdo_2281.pdf\" target=\"_blank\" rel=\"noopener\">Acuerdo 2281 Cometidos de Servicio<\/a><\/p>\n<p><a href=\"https:\/\/www.cchen.cl\/pdf\/acuerdos_consejo\/Acuerdo_2279.pdf\" target=\"_blank\" rel=\"noopener\">Acuerdo 2279 Aprueba Poli\u0301tica I&amp;D<\/a><\/p>\n<p><a href=\"https:\/\/www.cchen.cl\/pdf\/acuerdos_consejo\/Acuerdo_2278.pdf\" target=\"_blank\" rel=\"noopener\">Acuerdo 2278 Tarifario <abbr class='c2c-text-hover' title='Comisi\u00f3n Chilena de Energ\u00eda Nuclear.'>CCHEN<\/abbr> 2018<\/a><\/p>\n<p><a href=\"https:\/\/www.cchen.cl\/pdf\/acuerdos_consejo\/Acuerdo_2277.pdf\" target=\"_blank\" rel=\"noopener\">Acuerdo 2277 Acuerdo Autorizacion Minera Salar Blanco<\/a><\/p>\n<p><a href=\"https:\/\/www.cchen.cl\/pdf\/acuerdos_consejo\/Acuerdo_2275.pdf\" target=\"_blank\" rel=\"noopener\">Acuerdo 2275 Cometidos de Servicio<\/a><\/td>\n<\/tr>\n<\/tbody>\n<\/table>\n","protected":false},"excerpt":{"rendered":"<p>Acuerdo 2332 aprueba solicitud de modificaci\u00f3n de acuerdo de consejo directivo cchen n\u00b02206\/2016 Acuerdo 2326 aprueba propuesta de resoluci\u00f3n exenta a recurso de reposici\u00f3n interpuesto por la corporaci\u00f3n nacional del cobre Acuerdo 2319 Delega Facultades Reglamento Instalaciones Nucleares Acuerdo 2318 Delega Facultades Reglamento Autorizaciones Acuerdo 2317 Cometidos de Servicio Acuerdo 2316 Aprueba Bases de Licitacio?n&#8230; <a class=\"read-more\" href=\"https:\/\/www.cchen.cl\/?page_id=6873\">Leer m\u00e1s >><\/a><\/p>\n","protected":false},"author":3,"featured_media":0,"parent":131,"menu_order":0,"comment_status":"closed","ping_status":"closed","template":"","meta":{"footnotes":"","_links_to":"","_links_to_target":""},"class_list":["post-6873","page","type-page","status-publish","hentry"],"_links":{"self":[{"href":"https:\/\/www.cchen.cl\/index.php?rest_route=\/wp\/v2\/pages\/6873","targetHints":{"allow":["GET"]}}],"collection":[{"href":"https:\/\/www.cchen.cl\/index.php?rest_route=\/wp\/v2\/pages"}],"about":[{"href":"https:\/\/www.cchen.cl\/index.php?rest_route=\/wp\/v2\/types\/page"}],"author":[{"embeddable":true,"href":"https:\/\/www.cchen.cl\/index.php?rest_route=\/wp\/v2\/users\/3"}],"replies":[{"embeddable":true,"href":"https:\/\/www.cchen.cl\/index.php?rest_route=%2Fwp%2Fv2%2Fcomments&post=6873"}],"version-history":[{"count":6,"href":"https:\/\/www.cchen.cl\/index.php?rest_route=\/wp\/v2\/pages\/6873\/revisions"}],"predecessor-version":[{"id":7919,"href":"https:\/\/www.cchen.cl\/index.php?rest_route=\/wp\/v2\/pages\/6873\/revisions\/7919"}],"up":[{"embeddable":true,"href":"https:\/\/www.cchen.cl\/index.php?rest_route=\/wp\/v2\/pages\/131"}],"wp:attachment":[{"href":"https:\/\/www.cchen.cl\/index.php?rest_route=%2Fwp%2Fv2%2Fmedia&parent=6873"}],"curies":[{"name":"wp","href":"https:\/\/api.w.org\/{rel}","templated":true}]}}