{"id":693,"date":"2018-09-04T15:21:17","date_gmt":"2018-09-04T19:21:17","guid":{"rendered":"http:\/\/nueva.cchen.cl\/?page_id=693"},"modified":"2019-02-07T13:05:11","modified_gmt":"2019-02-07T17:05:11","slug":"ciencias-nucleares","status":"publish","type":"page","link":"https:\/\/www.cchen.cl\/?page_id=693","title":{"rendered":"Ciencias Nucleares"},"content":{"rendered":"<div class=\"row\">\n<div class=\"col-md-4\">\n<div class=\"card profile-card-2\">\n<div class=\"card-img-block\"><img decoding=\"async\" class=\"img-responsive\" src=\"http:\/\/nueva.cchen.cl\/wp-content\/uploads\/2018\/10\/karla-thumb.jpg\" alt=\"Card image cap\" \/><\/div>\n<div class=\"card-body\">\n<h5 class=\"card-title\"><a href=\"http:\/\/nueva.cchen.cl\/?page_id=1121\">Karla Kauffmann<\/a><\/h5>\n<p class=\"card-text\">Simulaci\u00f3n en F\u00edsica de Plasmas<\/p>\n<\/div>\n<\/div>\n<\/div>\n<div class=\"col-md-4\">\n<div class=\"card profile-card-2 m10\">\n<div class=\"card-img-block\"><img decoding=\"async\" class=\"img-responsive\" src=\"http:\/\/nueva.cchen.cl\/wp-content\/uploads\/2018\/10\/Gonzalo-Avaria-thumb.jpg\" alt=\"Card image cap\" \/><\/div>\n<div class=\"card-body\">\n<h5 class=\"card-title\"><a href=\"http:\/\/nueva.cchen.cl\/?page_id=1133\">Gonzalo Avaria<\/a><\/h5>\n<p class=\"card-text\">Espectroscopia de plasmas<\/p>\n<\/div>\n<\/div>\n<\/div>\n<div class=\"col-md-4\">\n<div class=\"card profile-card-2\">\n<div class=\"card-img-block\"><img decoding=\"async\" class=\"img-fluid\" src=\"http:\/\/nueva.cchen.cl\/wp-content\/uploads\/2018\/10\/user-H.jpg\" alt=\"Card image cap\" \/><\/div>\n<div class=\"card-body\">\n<h5 class=\"card-title\">Biswajit Bora<\/h5>\n<p class=\"card-text\">Some quick example<\/p>\n<\/div>\n<\/div>\n<\/div>\n<\/div>\n<div class=\"row\">\n<div class=\"col-md-4\">\n<div class=\"card profile-card-2\">\n<div class=\"card-img-block\"><img decoding=\"async\" class=\"img-fluid\" src=\"http:\/\/nueva.cchen.cl\/wp-content\/uploads\/2018\/10\/user-H.jpg\" alt=\"Card image cap\" \/><\/div>\n<div class=\"card-body\">\n<h5 class=\"card-title\"><a href=\"https:\/\/www.cchen.cl\/?page_id=2062\">Sergio Davis<\/a><\/h5>\n<p class=\"card-text\">Investigador en F\u00edsica Te\u00f3rica<\/p>\n<\/div>\n<\/div>\n<\/div>\n<div class=\"col-md-4\">\n<div class=\"card profile-card-2\">\n<div class=\"card-img-block\"><img decoding=\"async\" class=\"img-fluid\" src=\"http:\/\/nueva.cchen.cl\/wp-content\/uploads\/2018\/10\/user-H.jpg\" alt=\"Card image cap\" \/><\/div>\n<div class=\"card-body\">\n<h5 class=\"card-title\"><a href=\"https:\/\/www.cchen.cl\/?page_id=1638&#038;highlight=jose%20moreno\">Jos\u00e9 Moreno<\/a><\/h5>\n<p class=\"card-text\">Investigador, jefe del Departamento de Ciencias Nucleares<\/p>\n<\/div>\n<\/div>\n<\/div>\n<div class=\"col-md-4\">\n<div class=\"card profile-card-2\">\n<div class=\"card-img-block\"><img decoding=\"async\" class=\"img-fluid\" src=\"http:\/\/nueva.cchen.cl\/wp-content\/uploads\/2018\/10\/user-H.jpg\" alt=\"Card image cap\" \/><\/div>\n<div class=\"card-body\">\n<h5 class=\"card-title\">Cristian Pavez<\/h5>\n<p class=\"card-text\">Some quick example<\/p>\n<\/div>\n<\/div>\n<\/div>\n<\/div>\n<p>&nbsp;<\/p>\n<div class=\"row\">\n<div class=\"col-md-4\">\n<div class=\"card profile-card-2\">\n<div class=\"card-img-block\"><img decoding=\"async\" class=\"img-fluid\" src=\"http:\/\/nueva.cchen.cl\/wp-content\/uploads\/2018\/10\/user-H.jpg\" alt=\"Card image cap\" \/><\/div>\n<div class=\"card-body\">\n<h5 class=\"card-title\">Francisco Molina<\/h5>\n<p class=\"card-text\">Some quick example<\/p>\n<\/div>\n<\/div>\n<\/div>\n<div class=\"col-md-4\">\n<div class=\"card profile-card-2\">\n<div class=\"card-img-block\"><img decoding=\"async\" class=\"img-fluid\" src=\"https:\/\/www.cchen.cl\/wp-content\/uploads\/2018\/11\/leopoldo-thumb.jpg\" alt=\"Card image cap\" \/><\/div>\n<div class=\"card-body\">\n<h5 class=\"card-title\"><a href=\"https:\/\/www.cchen.cl\/?page_id=2235\">Leopoldo Soto<\/a><\/h5>\n<p class=\"card-text\">Investigador fundador del Laboratorio de Plasmas y Fusi\u00f3n Nuclear<\/p>\n<\/div>\n<\/div>\n<\/div>\n<div class=\"col-md-4\">\n<div class=\"card profile-card-2\">\n<div class=\"card-img-block\"><img decoding=\"async\" class=\"img-fluid\" src=\"http:\/\/nueva.cchen.cl\/wp-content\/uploads\/2018\/10\/user-H.jpg\" alt=\"Card image cap\" \/><\/div>\n<div class=\"card-body\">\n<h5 class=\"card-title\">Marcelo Zambra<\/h5>\n<p class=\"card-text\">Some quick example<\/p>\n<\/div>\n<\/div>\n<\/div>\n<\/div>\n<p>&nbsp;<\/p>\n","protected":false},"excerpt":{"rendered":"<p>Karla Kauffmann Simulaci\u00f3n en F\u00edsica de Plasmas Gonzalo Avaria Espectroscopia de plasmas Biswajit Bora Some quick example Sergio Davis Investigador en F\u00edsica Te\u00f3rica Jos\u00e9 Moreno Investigador, jefe del Departamento de Ciencias Nucleares Cristian Pavez Some quick example &nbsp; Francisco Molina Some quick example Leopoldo Soto Investigador fundador del Laboratorio de Plasmas y Fusi\u00f3n Nuclear Marcelo&#8230; <a class=\"read-more\" href=\"https:\/\/www.cchen.cl\/?page_id=693\">Leer m\u00e1s >><\/a><\/p>\n","protected":false},"author":3,"featured_media":0,"parent":647,"menu_order":0,"comment_status":"closed","ping_status":"closed","template":"InvDesarrollo-interior.php","meta":{"footnotes":"","_links_to":"","_links_to_target":""},"class_list":["post-693","page","type-page","status-publish","hentry"],"_links":{"self":[{"href":"https:\/\/www.cchen.cl\/index.php?rest_route=\/wp\/v2\/pages\/693","targetHints":{"allow":["GET"]}}],"collection":[{"href":"https:\/\/www.cchen.cl\/index.php?rest_route=\/wp\/v2\/pages"}],"about":[{"href":"https:\/\/www.cchen.cl\/index.php?rest_route=\/wp\/v2\/types\/page"}],"author":[{"embeddable":true,"href":"https:\/\/www.cchen.cl\/index.php?rest_route=\/wp\/v2\/users\/3"}],"replies":[{"embeddable":true,"href":"https:\/\/www.cchen.cl\/index.php?rest_route=%2Fwp%2Fv2%2Fcomments&post=693"}],"version-history":[{"count":27,"href":"https:\/\/www.cchen.cl\/index.php?rest_route=\/wp\/v2\/pages\/693\/revisions"}],"predecessor-version":[{"id":2523,"href":"https:\/\/www.cchen.cl\/index.php?rest_route=\/wp\/v2\/pages\/693\/revisions\/2523"}],"up":[{"embeddable":true,"href":"https:\/\/www.cchen.cl\/index.php?rest_route=\/wp\/v2\/pages\/647"}],"wp:attachment":[{"href":"https:\/\/www.cchen.cl\/index.php?rest_route=%2Fwp%2Fv2%2Fmedia&parent=693"}],"curies":[{"name":"wp","href":"https:\/\/api.w.org\/{rel}","templated":true}]}}