{"id":7086,"date":"2023-01-05T13:25:48","date_gmt":"2023-01-05T17:25:48","guid":{"rendered":"https:\/\/www.cchen.cl\/?page_id=7086"},"modified":"2023-01-05T13:37:26","modified_gmt":"2023-01-05T17:37:26","slug":"enajenacion-de-vehiculos","status":"publish","type":"page","link":"https:\/\/www.cchen.cl\/?page_id=7086","title":{"rendered":"Enajenaci\u00f3n de Vehiculos Institucionales"},"content":{"rendered":"<table class=\"table table-light table-hover\">\n<thead>\n<tr>\n<th>A\u00f1o<\/th>\n<th>Bases Enajenaci\u00f3n<\/th>\n<th>Adjudicaci\u00f3n<\/th>\n<\/tr>\n<\/thead>\n<tbody>\n<tr>\n<td>2022<\/td>\n<td>Aprueba Bases Administrativas para Enajenar en Venta Directa, veh\u00edculos de propiedad de la Comisi\u00f3n Chilena de Energ\u00eda Nuclear.<\/p>\n<p style=\"text-align: center;\"><a href=\"http:\/\/www.cchen.cl\/wp-content\/uploads\/2022\/12\/REXA-N%C2%B0-61-2022-Bases-para-enajenar-venta-directa-de-vehiculos.pdf\" target=\"_blank\" rel=\"noopener\">Resoluci\u00f3n Exenta de Administraci\u00f3n N\u00ba 61\/2022.<\/a><\/p>\n<\/td>\n<td>Adjudica en Venta Directa Vehiculos de Propiedad de la Comisi\u00f3n Chilena de Energ\u00eda Nuclear.<\/p>\n<p style=\"text-align: center;\"><a href=\"http:\/\/www.cchen.cl\/wp-content\/uploads\/2023\/01\/REXA-N\u00b0-70-2022-Adjudica-en-Venta-Directa-Vehiculos-CCHEN_page-0001.pdf\" target=\"_blank\" rel=\"noopener\">Resoluci\u00f3n Exenta de Administraci\u00f3n N\u00ba 70\/2022.<\/a><\/p>\n<\/td>\n<\/tr>\n<\/tbody>\n<\/table>\n<p style=\"text-align: center;\">\n","protected":false},"excerpt":{"rendered":"<p>A\u00f1o Bases Enajenaci\u00f3n Adjudicaci\u00f3n 2022 Aprueba Bases Administrativas para Enajenar en Venta Directa, veh\u00edculos de propiedad de la Comisi\u00f3n Chilena de Energ\u00eda Nuclear. Resoluci\u00f3n Exenta de Administraci\u00f3n N\u00ba 61\/2022. Adjudica en Venta Directa Vehiculos de Propiedad de la Comisi\u00f3n Chilena de Energ\u00eda Nuclear. Resoluci\u00f3n Exenta de Administraci\u00f3n N\u00ba 70\/2022.<\/p>\n","protected":false},"author":3,"featured_media":0,"parent":0,"menu_order":0,"comment_status":"closed","ping_status":"closed","template":"","meta":{"footnotes":"","_links_to":"","_links_to_target":""},"class_list":["post-7086","page","type-page","status-publish","hentry"],"_links":{"self":[{"href":"https:\/\/www.cchen.cl\/index.php?rest_route=\/wp\/v2\/pages\/7086","targetHints":{"allow":["GET"]}}],"collection":[{"href":"https:\/\/www.cchen.cl\/index.php?rest_route=\/wp\/v2\/pages"}],"about":[{"href":"https:\/\/www.cchen.cl\/index.php?rest_route=\/wp\/v2\/types\/page"}],"author":[{"embeddable":true,"href":"https:\/\/www.cchen.cl\/index.php?rest_route=\/wp\/v2\/users\/3"}],"replies":[{"embeddable":true,"href":"https:\/\/www.cchen.cl\/index.php?rest_route=%2Fwp%2Fv2%2Fcomments&post=7086"}],"version-history":[{"count":5,"href":"https:\/\/www.cchen.cl\/index.php?rest_route=\/wp\/v2\/pages\/7086\/revisions"}],"predecessor-version":[{"id":7092,"href":"https:\/\/www.cchen.cl\/index.php?rest_route=\/wp\/v2\/pages\/7086\/revisions\/7092"}],"wp:attachment":[{"href":"https:\/\/www.cchen.cl\/index.php?rest_route=%2Fwp%2Fv2%2Fmedia&parent=7086"}],"curies":[{"name":"wp","href":"https:\/\/api.w.org\/{rel}","templated":true}]}}