{"id":8619,"date":"2025-11-12T07:19:20","date_gmt":"2025-11-12T11:19:20","guid":{"rendered":"https:\/\/www.cchen.cl\/?page_id=8619"},"modified":"2026-03-05T10:34:54","modified_gmt":"2026-03-05T14:34:54","slug":"acuerdos-2025","status":"publish","type":"page","link":"https:\/\/www.cchen.cl\/?page_id=8619","title":{"rendered":"Acuerdos de Consejo 2025"},"content":{"rendered":"<table class=\"table\">\r\n<tbody>\r\n<tr>\r\n<td id=\"texto\" colspan=\"2\" align=\"justify\" valign=\"top\">\r\n\r\n<p><a href=\"https:\/\/www.cchen.cl\/pdf\/acuerdos_consejo\/Acuerdo_2506.pdf\" target=\"_blank\" rel=\"noopener\">Acuerdo 2506 Comisiones de Servicio<\/a><\/p>\r\n\r\n<p><a href=\"https:\/\/www.cchen.cl\/pdf\/acuerdos_consejo\/Acuerdo_2505.pdf\" target=\"_blank\" rel=\"noopener\">Acuerdo 2505 Modifica Acuerdo 2483 que modifica acuerdo 2287 &#8211; SQM<\/a><\/p>\r\n\r\n<p><a href=\"https:\/\/www.cchen.cl\/pdf\/acuerdos_consejo\/Acuerdo_2504.pdf\" target=\"_blank\" rel=\"noopener\">Acuerdo 2504 Modifica Acuerdo 2303 que autoriza a Codelco &#8211; Pedernales<\/a><\/p>\r\n\r\n<p><a href=\"https:\/\/www.cchen.cl\/pdf\/acuerdos_consejo\/Acuerdo_2503.pdf\" target=\"_blank\" rel=\"noopener\">Acuerdo 2503 Autorizaci\u00f3n Salar de Maricunga SpA cuota de extracci\u00f3n y extingue autorizaciones previas<\/a><\/p>\r\n\r\n<p><a href=\"https:\/\/www.cchen.cl\/pdf\/acuerdos_consejo\/Acuerdo_2502.pdf\" target=\"_blank\" rel=\"noopener\">Acuerdo 2502 Delegaci\u00f3n de Facultades Director Ejecutivo 2025<\/a><\/p>\r\n\r\n<p><a href=\"https:\/\/www.cchen.cl\/pdf\/acuerdos_consejo\/Acuerdo_2501.pdf\" target=\"_blank\" rel=\"noopener\">Acuerdo 2501 Apoya propuesta modificaci\u00f3n LMAS<\/a><\/p>\r\n\r\n<p><a href=\"https:\/\/www.cchen.cl\/pdf\/acuerdos_consejo\/Acuerdo_2500.pdf\" target=\"_blank\" rel=\"noopener\">Acuerdo 2500 Modernizaci\u00f3n y Nivelaci\u00f3n 2026<\/a><\/p>\r\n\r\n<p><a href=\"https:\/\/www.cchen.cl\/pdf\/acuerdos_consejo\/Acuerdo_2499.pdf\" target=\"_blank\" rel=\"noopener\">Acuerdo 2499 Bonificaci\u00f3n Compensatoria 2026<\/a><\/p>\r\n\r\n\r\n<p><a href=\"https:\/\/www.cchen.cl\/pdf\/acuerdos_consejo\/Acuerdo_2498.pdf\" target=\"_blank\" rel=\"noopener\">Acuerdo 2498 Imparte Instrucciones a la DE para Ejercicio de Funciones de Regulaci\u00f3n Nuclear y Radiol\u00f3gica &#8211; LMAS<\/a><\/p>\r\n<p><a href=\"https:\/\/www.cchen.cl\/pdf\/acuerdos_consejo\/Acuerdo_2497.pdf\" target=\"_blank\" rel=\"noopener\">Acuerdo 2497 Comisiones de Servicio<\/a><\/p>\r\n<p><a href=\"https:\/\/www.cchen.cl\/pdf\/acuerdos_consejo\/Acuerdo_2496.pdf\" target=\"_blank\" rel=\"noopener\">Acuerdo 2496 Autorizaci\u00f3n ENAMI SpA Extracci\u00f3n Litio<\/a><\/p>\r\n<p><a href=\"https:\/\/www.cchen.cl\/pdf\/acuerdos_consejo\/Acuerdo_2495.pdf\" target=\"_blank\" rel=\"noopener\">Acuerdo 2495 Comisiones de Servicio<\/a><\/p>\r\n<p><a href=\"https:\/\/www.cchen.cl\/pdf\/acuerdos_consejo\/Acuerdo_2494.pdf\" target=\"_blank\" rel=\"noopener\">Acuerdo 2494 Comisiones de Servicio<\/a><\/p>\r\n<p><a href=\"https:\/\/www.cchen.cl\/pdf\/acuerdos_consejo\/Acuerdo_2493.pdf\" target=\"_blank\" rel=\"noopener\">Acuerdo 2493 Comisiones de Servicio<\/a><\/p>\r\n<p><a href=\"https:\/\/www.cchen.cl\/pdf\/acuerdos_consejo\/Acuerdo_2492.pdf\" target=\"_blank\" rel=\"noopener\">Acuerdo 2492 Aprueba respuesta aclaraci\u00f3n Minera Tarar SpA<\/a><\/p>\r\n<p><a href=\"https:\/\/www.cchen.cl\/pdf\/acuerdos_consejo\/Acuerdo_2491.pdf\" target=\"_blank\" rel=\"noopener\">Acuerdo 2491 Comisiones de Servicio<\/a><\/p>\r\n<p><a href=\"https:\/\/www.cchen.cl\/pdf\/acuerdos_consejo\/Acuerdo_2490.pdf\" target=\"_blank\" rel=\"noopener\">Acuerdo 2490 Autorizaci\u00f3n Tarar SpA Versi\u00f3n consolidada despu\u00e9s de aprobaci\u00f3n Acuerdo 2492<\/a><\/p>\r\n<p><a href=\"https:\/\/www.cchen.cl\/pdf\/acuerdos_consejo\/Acuerdo_2489.pdf\" target=\"_blank\" rel=\"noopener\">Acuerdo 2489 Rechazo EnergyX<\/a><\/p>\r\n<p><a href=\"https:\/\/www.cchen.cl\/pdf\/acuerdos_consejo\/Acuerdo_2488.pdf\" target=\"_blank\" rel=\"noopener\">Acuerdo 2488 Comisiones de Servicio<\/a><\/p>\r\n<p><a href=\"https:\/\/www.cchen.cl\/pdf\/acuerdos_consejo\/Acuerdo_2487.pdf\" target=\"_blank\" rel=\"noopener\">Acuerdo 2487 Comisiones de Servicio<\/a><\/p>\r\n<p><a href=\"https:\/\/www.cchen.cl\/pdf\/acuerdos_consejo\/Acuerdo_2486.pdf\" target=\"_blank\" rel=\"noopener\">Acuerdo 2486 Tarifario <abbr class='c2c-text-hover' title='Comisi\u00f3n Chilena de Energ\u00eda Nuclear.'>CCHEN<\/abbr> 2025<\/a><\/p>\r\n<p><a href=\"https:\/\/www.cchen.cl\/pdf\/acuerdos_consejo\/Acuerdo_2485.pdf\" target=\"_blank\" rel=\"noopener\">Acuerdo 2485 Comisiones de Servicio<\/a><\/p>\r\n<p><a href=\"https:\/\/www.cchen.cl\/pdf\/acuerdos_consejo\/Acuerdo_2484.pdf\" target=\"_blank\" rel=\"noopener\">Acuerdo 2484 Comisiones de Servicio<\/a><\/p>\r\n<p><a href=\"https:\/\/www.cchen.cl\/pdf\/acuerdos_consejo\/Acuerdo_2483.pdf\" target=\"_blank\" rel=\"noopener\">Acuerdo 2483 Modifica Acuerdo 2287 que autoriza a la empresa SQM<\/a><\/p>\r\n<p><a href=\"https:\/\/www.cchen.cl\/pdf\/acuerdos_consejo\/Acuerdo_2482.pdf\" target=\"_blank\" rel=\"noopener\">Acuerdo 2482 Comisiones de Servicio<\/a><\/p>\r\n<\/td>\r\n<\/tr>\r\n<\/tbody>\r\n<\/table>\r\n","protected":false},"excerpt":{"rendered":"<p>Acuerdo 2506 Comisiones de Servicio Acuerdo 2505 Modifica Acuerdo 2483 que modifica acuerdo 2287 &#8211; SQM Acuerdo 2504 Modifica Acuerdo 2303 que autoriza a Codelco &#8211; Pedernales Acuerdo 2503 Autorizaci\u00f3n Salar de Maricunga SpA cuota de extracci\u00f3n y extingue autorizaciones previas Acuerdo 2502 Delegaci\u00f3n de Facultades Director Ejecutivo 2025 Acuerdo 2501 Apoya propuesta modificaci\u00f3n LMAS&#8230; <a class=\"read-more\" href=\"https:\/\/www.cchen.cl\/?page_id=8619\">Leer m\u00e1s >><\/a><\/p>\n","protected":false},"author":3,"featured_media":0,"parent":131,"menu_order":0,"comment_status":"closed","ping_status":"closed","template":"","meta":{"footnotes":"","_links_to":"","_links_to_target":""},"class_list":["post-8619","page","type-page","status-publish","hentry"],"_links":{"self":[{"href":"https:\/\/www.cchen.cl\/index.php?rest_route=\/wp\/v2\/pages\/8619","targetHints":{"allow":["GET"]}}],"collection":[{"href":"https:\/\/www.cchen.cl\/index.php?rest_route=\/wp\/v2\/pages"}],"about":[{"href":"https:\/\/www.cchen.cl\/index.php?rest_route=\/wp\/v2\/types\/page"}],"author":[{"embeddable":true,"href":"https:\/\/www.cchen.cl\/index.php?rest_route=\/wp\/v2\/users\/3"}],"replies":[{"embeddable":true,"href":"https:\/\/www.cchen.cl\/index.php?rest_route=%2Fwp%2Fv2%2Fcomments&post=8619"}],"version-history":[{"count":6,"href":"https:\/\/www.cchen.cl\/index.php?rest_route=\/wp\/v2\/pages\/8619\/revisions"}],"predecessor-version":[{"id":8838,"href":"https:\/\/www.cchen.cl\/index.php?rest_route=\/wp\/v2\/pages\/8619\/revisions\/8838"}],"up":[{"embeddable":true,"href":"https:\/\/www.cchen.cl\/index.php?rest_route=\/wp\/v2\/pages\/131"}],"wp:attachment":[{"href":"https:\/\/www.cchen.cl\/index.php?rest_route=%2Fwp%2Fv2%2Fmedia&parent=8619"}],"curies":[{"name":"wp","href":"https:\/\/api.w.org\/{rel}","templated":true}]}}