{"id":8630,"date":"2025-11-19T09:48:46","date_gmt":"2025-11-19T13:48:46","guid":{"rendered":"https:\/\/www.cchen.cl\/?page_id=8630"},"modified":"2025-11-19T10:05:49","modified_gmt":"2025-11-19T14:05:49","slug":"resoluciones-2025","status":"publish","type":"page","link":"https:\/\/www.cchen.cl\/?page_id=8630","title":{"rendered":"Resoluciones 2025"},"content":{"rendered":"<ul>\n<li><a href=\"https:\/\/www.cchen.cl\/pdf\/resoluciones_dsnr\/2025\/REX_DISNR_066-2025.pdf\" target=\"_blank\" rel=\"noopener\">Resoluci\u00f3n Exenta (DISNR) n\u00ba 066\/2025<\/a>, que aprueba t\u00e9rminos y condiciones del servicio de evaluaci\u00f3n de solicitudes de autorizaci\u00f3n de instalaciones nucleares, radiactivas dentro de una instalaci\u00f3n nuclear y radiactivas de primera categor\u00eda<\/li>\n<\/ul>\n","protected":false},"excerpt":{"rendered":"<p>Resoluci\u00f3n Exenta (DISNR) n\u00ba 066\/2025, que aprueba t\u00e9rminos y condiciones del servicio de evaluaci\u00f3n de solicitudes de autorizaci\u00f3n de instalaciones nucleares, radiactivas dentro de una instalaci\u00f3n nuclear y radiactivas de primera categor\u00eda<\/p>\n","protected":false},"author":3,"featured_media":0,"parent":1154,"menu_order":0,"comment_status":"closed","ping_status":"closed","template":"","meta":{"footnotes":"","_links_to":"","_links_to_target":""},"class_list":["post-8630","page","type-page","status-publish","hentry"],"_links":{"self":[{"href":"https:\/\/www.cchen.cl\/index.php?rest_route=\/wp\/v2\/pages\/8630","targetHints":{"allow":["GET"]}}],"collection":[{"href":"https:\/\/www.cchen.cl\/index.php?rest_route=\/wp\/v2\/pages"}],"about":[{"href":"https:\/\/www.cchen.cl\/index.php?rest_route=\/wp\/v2\/types\/page"}],"author":[{"embeddable":true,"href":"https:\/\/www.cchen.cl\/index.php?rest_route=\/wp\/v2\/users\/3"}],"replies":[{"embeddable":true,"href":"https:\/\/www.cchen.cl\/index.php?rest_route=%2Fwp%2Fv2%2Fcomments&post=8630"}],"version-history":[{"count":15,"href":"https:\/\/www.cchen.cl\/index.php?rest_route=\/wp\/v2\/pages\/8630\/revisions"}],"predecessor-version":[{"id":8646,"href":"https:\/\/www.cchen.cl\/index.php?rest_route=\/wp\/v2\/pages\/8630\/revisions\/8646"}],"up":[{"embeddable":true,"href":"https:\/\/www.cchen.cl\/index.php?rest_route=\/wp\/v2\/pages\/1154"}],"wp:attachment":[{"href":"https:\/\/www.cchen.cl\/index.php?rest_route=%2Fwp%2Fv2%2Fmedia&parent=8630"}],"curies":[{"name":"wp","href":"https:\/\/api.w.org\/{rel}","templated":true}]}}